{"id":6846,"date":"2025-05-02T17:37:01","date_gmt":"2025-05-02T15:37:01","guid":{"rendered":"http:\/\/klubmamgdynia.pl\/?post_type=product&#038;p=6846"},"modified":"2026-05-17T22:13:10","modified_gmt":"2026-05-17T20:13:10","slug":"childhome-ochraniacz-do-krzeselka-lambda-jersey-leopard","status":"publish","type":"product","link":"http:\/\/klubmamgdynia.pl\/index.php\/produkt\/childhome-ochraniacz-do-krzeselka-lambda-jersey-leopard\/","title":{"rendered":"Childhome Ochraniacz Do Krzese\u0142ka Lambda Jersey Leopard"},"content":{"rendered":"<p>Super wygodny ochraniacz do krzese\u0142ka z bawe\u0142nianego jerseyu. Grube, mi\u0119kkie wype\u0142nienie dla maksymalnego komfortu dziecka.Wymiary: 42 x 31 x 2 cm Sk\u0142ad: poszewka: 100% jersey, wype\u0142nienie: 100% poliester<\/p>\n<h2>Childhome Ochraniacz Do Krzese\u0142ka Lambda Jersey Leopard Childhome<\/h2>\n<p>piosenka dla taty przedszkole, naj\u0142adniejsze ko\u0142ysanki dla dzieci, zima z\u0142a tekst, koty kolorowanka, malgorzata imi\u0119, kanapeczki na urodziny dziecka, pomys\u0142 na prezent dla nastolatk\u00f3w, listy do \u015bwi\u0119tego miko\u0142aja, maska do druku, rzadkie imiona, dzie\u0144 pluszowego misia, prezent dla nastolatk\u00f3w ch\u0142opc\u00f3w, basen dla dzieci warszawa, prezent dla 7 latki, opowie\u015bci z narnii lew czarownica i stara szafa test do wydruku, quiz o \u015bwi\u0119tach, literki dla dzieci, kolorowanka lato, pisanie po \u015bladzie do druku pdf, ozdoby choinkowe dla dzieci, ma\u0142y ksi\u0105\u017c\u0119 sprawdzian<\/p>\n<p>yyyyy<\/p>\n<p>&nbsp;<\/p>\n","protected":false},"excerpt":{"rendered":"<p>Super wygodny ochraniacz do krzese\u0142ka z bawe\u0142nianego jerseyu. Grube, mi\u0119kkie wype\u0142nienie dla maksymalnego komfortu dziecka.Wymiary: 42 x 31 x 2 cm Sk\u0142ad: poszewka: 100% jersey, wype\u0142nienie: 100% poliester Childhome Ochraniacz Do Krzese\u0142ka Lambda Jersey Leopard Childhome piosenka dla taty przedszkole, naj\u0142adniejsze ko\u0142ysanki dla dzieci, zima z\u0142a tekst, koty kolorowanka, malgorzata imi\u0119, kanapeczki na urodziny dziecka, [&hellip;]<\/p>\n","protected":false},"featured_media":6847,"comment_status":"closed","ping_status":"open","template":"","meta":[],"product_cat":[473,158],"product_tag":[603,754,723,637,586,649],"class_list":["post-6846","product","type-product","status-publish","has-post-thumbnail","hentry","product_cat-childhome","product_cat-krzeselka-do-karmienia","product_tag-bajki-do-czytania","product_tag-dyplomy-do-wydrukowania-a4","product_tag-krotkie-bajki-do-czytania-na-dobranoc","product_tag-niech-zyja-wakacje-tekst","product_tag-smieszne-zagadki","product_tag-zagadki-dla-nastolatkow"],"_links":{"self":[{"href":"http:\/\/klubmamgdynia.pl\/index.php\/wp-json\/wp\/v2\/product\/6846","targetHints":{"allow":["GET"]}}],"collection":[{"href":"http:\/\/klubmamgdynia.pl\/index.php\/wp-json\/wp\/v2\/product"}],"about":[{"href":"http:\/\/klubmamgdynia.pl\/index.php\/wp-json\/wp\/v2\/types\/product"}],"replies":[{"embeddable":true,"href":"http:\/\/klubmamgdynia.pl\/index.php\/wp-json\/wp\/v2\/comments?post=6846"}],"wp:featuredmedia":[{"embeddable":true,"href":"http:\/\/klubmamgdynia.pl\/index.php\/wp-json\/wp\/v2\/media\/6847"}],"wp:attachment":[{"href":"http:\/\/klubmamgdynia.pl\/index.php\/wp-json\/wp\/v2\/media?parent=6846"}],"wp:term":[{"taxonomy":"product_cat","embeddable":true,"href":"http:\/\/klubmamgdynia.pl\/index.php\/wp-json\/wp\/v2\/product_cat?post=6846"},{"taxonomy":"product_tag","embeddable":true,"href":"http:\/\/klubmamgdynia.pl\/index.php\/wp-json\/wp\/v2\/product_tag?post=6846"}],"curies":[{"name":"wp","href":"https:\/\/api.w.org\/{rel}","templated":true}]}}