{"id":6850,"date":"2013-12-19T15:29:04","date_gmt":"2013-12-19T14:29:04","guid":{"rendered":"http:\/\/klubmamgdynia.pl\/index.php\/produkt\/fotelik-samochodowy-sesttino-rocker-pink-9-36kg\/"},"modified":"2026-04-05T11:16:17","modified_gmt":"2026-04-05T09:16:17","slug":"fotelik-samochodowy-sesttino-rocker-pink-9-36kg","status":"publish","type":"product","link":"http:\/\/klubmamgdynia.pl\/index.php\/produkt\/fotelik-samochodowy-sesttino-rocker-pink-9-36kg\/","title":{"rendered":"Fotelik samochodowy Sesttino Rocker Pink 9-36kg"},"content":{"rendered":"<p>Fotelik samochodowy Sesttino Rocker Pink 9-36 kg- Przeznaczony dla dzieci od 9 kg do 36 kg- Wk\u0142adka dla mniejszych dzieci- Mo\u017cliwo\u015b\u0107 demonta\u017cu oparcia ( Grupa III )- Zdejmowana tapicerka z mo\u017cliwo\u015bci\u0105 prania- Wzmocniona ochrona boczna SIP &#8211; SIDE IMPACT- Pi\u0119ciopunktowe pasy bezpiecze\u0144stwa z ochraniaczami na barki- Regulowany zag\u0142\u00f3wek- wysokiej jako\u015bci przewiewne materia\u0142y- \u0141atwy monta\u017c za pomoc\u0105 trzypunktowego pasa samochodowego oraz systemu ISOFIX- Homologacja ECE R44\/04Wybieraj\u0105c FOTELIK ROCKER, maj\u0105 Pa\u0144stwo gwarancj\u0119 nie tylko doskona\u0142ej jako\u015bci wykonania , ale tak\u017ce tego, \u017ce konstrukcja jest odpowiednio wytrzyma\u0142a i pozwala na prze\u017cywanie niezapomnianych przyg\u00f3d ze swoim dzieckiem. Parametry te osi\u0105gni\u0119te przy pomocy najlepszych materia\u0142\u00f3w maj\u0105 r\u00f3wnie\u017c wp\u0142yw na funkcjonalno\u015b\u0107 ca\u0142ej konstrukcji.Sk\u0142adany daszek przeciws\u0142onecznyFotelik wyposa\u017cony jest w daszek przeciws\u0142oneczny, kt\u00f3ry dodatkowo chroni przed s\u0142o\u0144cem. Daszek mo\u017cna w ka\u017cdej chwili zdemontowa\u0107 w szybki i prosty spos\u00f3b.Model Sesttino Sparrow zosta\u0142 zaprojektowany dla trzech grup wagowych:- Grupa I (9-18 kg)- Grupa II (18-22kg)- Grupa III (22-36kg)Wk\u0142adka dla noworodk\u00f3wWk\u0142adka dla noworodk\u00f3w zapewnia komfort jazdy podczas pierwszych tygodni \u017cycia dziecka. Wk\u0142adka redukuje g\u0142\u0119boko\u015b\u0107 fotelika i jest odpowiednio wyprofilowana przez co noworodek mo\u017ce bezpiecznie podr\u00f3\u017cowa\u0107 w foteliku.Zag\u0142\u00f3wek fotelika z dodatkow\u0105 ochron\u0105 SIP &#8211; SIDE IMPACT znacznie zwi\u0119ksza bezpiecze\u0144stwo dziecka.Dzi\u0119ki regulacji zag\u0142\u00f3wka dopasujemy go do wzrostu Twojego dzieckaBezpiecze\u0144stwo- fotelik samochodowy ROCKER wykonany zosta\u0142 ze szczeg\u00f3ln\u0105 dba\u0142o\u015bci\u0105 o jako\u015b\u0107 wyko\u0144czenia oraz z naciskiem na wysoki poziom bezpiecze\u0144stwa.- regulowany i wzmocniony zag\u0142\u00f3wek z ochron\u0105 boczn\u0105- korpus jak i ca\u0142y fotelik zosta\u0142 wykonany z trwa\u0142ego plastiku- wysokiej jako\u015bci pasy bezpiecze\u0144stwa- fotelik otrzyma\u0142 homologacje bezpiecze\u0144stwa ECE R44\/04, potwierdzaj\u0105cy przeprowadzenie szczeg\u00f3\u0142owych bada\u0144 technicznych wykonanych w niezale\u017cnym o\u015brodku badawczym.Specyfikacja:- Marka: Sesttino- Model: ROCKER- Kolor: r\u00f3\u017cowy- Waga: 5 kg- Przeznaczenie: dla dzieci od 9kg do 36kg- Certyfikaty: ECE R44.04<\/p>\n<h2>Fotelik samochodowy Sesttino Rocker Pink 9-36kg Sesttino<\/h2>\n<p>lol kolorowanki, kwiecie\u0144 plecie\u0144 wiersz, ozdoby \u015bwi\u0105teczne z rolek po papierze toaletowym, zima z\u0142a tekst, cytat z ma\u0142ego ksi\u0119cia o przyja\u017ani, choinka z bibu\u0142y, prezenty dla 15 latki, jak namalowa\u0107 kota, asiunia test, \u0142\u00f3d\u017a atrakcje dla dzieci, dobrej nocy, jak narysowa\u0107 anio\u0142ka, kolorowanka pokemon, kotki do druku, wr\u00f3\u017cby andrzejkowe online dla dzieci, kolysanki tekst, zagadki dla dzieci 4-5 lat, o\u015brodki wczasowe nad morzem dla rodzin z dzie\u0107mi<\/p>\n<p>yyyyy<\/p>\n<p>&nbsp;<\/p>\n","protected":false},"excerpt":{"rendered":"<p>Fotelik samochodowy Sesttino Rocker Pink 9-36 kg- Przeznaczony dla dzieci od 9 kg do 36 kg- Wk\u0142adka dla mniejszych dzieci- Mo\u017cliwo\u015b\u0107 demonta\u017cu oparcia ( Grupa III )- Zdejmowana tapicerka z mo\u017cliwo\u015bci\u0105 prania- Wzmocniona ochrona boczna SIP &#8211; SIDE IMPACT- Pi\u0119ciopunktowe pasy bezpiecze\u0144stwa z ochraniaczami na barki- Regulowany zag\u0142\u00f3wek- wysokiej jako\u015bci przewiewne materia\u0142y- \u0141atwy monta\u017c za [&hellip;]<\/p>\n","protected":false},"featured_media":6851,"comment_status":"closed","ping_status":"open","template":"","meta":[],"product_cat":[32,1506],"product_tag":[658,700,731,695,710],"class_list":["post-6850","product","type-product","status-publish","has-post-thumbnail","hentry","product_cat-foteliki-samochodowe","product_cat-sesttino","product_tag-alan-znaczenie-imienia","product_tag-bajki-do-czytania-dla-dzieci","product_tag-maly-ksiaze-cytaty","product_tag-rzadkie-imiona-zenskie","product_tag-zagadki-dla-dzieci-10-12-lat"],"_links":{"self":[{"href":"http:\/\/klubmamgdynia.pl\/index.php\/wp-json\/wp\/v2\/product\/6850","targetHints":{"allow":["GET"]}}],"collection":[{"href":"http:\/\/klubmamgdynia.pl\/index.php\/wp-json\/wp\/v2\/product"}],"about":[{"href":"http:\/\/klubmamgdynia.pl\/index.php\/wp-json\/wp\/v2\/types\/product"}],"replies":[{"embeddable":true,"href":"http:\/\/klubmamgdynia.pl\/index.php\/wp-json\/wp\/v2\/comments?post=6850"}],"wp:featuredmedia":[{"embeddable":true,"href":"http:\/\/klubmamgdynia.pl\/index.php\/wp-json\/wp\/v2\/media\/6851"}],"wp:attachment":[{"href":"http:\/\/klubmamgdynia.pl\/index.php\/wp-json\/wp\/v2\/media?parent=6850"}],"wp:term":[{"taxonomy":"product_cat","embeddable":true,"href":"http:\/\/klubmamgdynia.pl\/index.php\/wp-json\/wp\/v2\/product_cat?post=6850"},{"taxonomy":"product_tag","embeddable":true,"href":"http:\/\/klubmamgdynia.pl\/index.php\/wp-json\/wp\/v2\/product_tag?post=6850"}],"curies":[{"name":"wp","href":"https:\/\/api.w.org\/{rel}","templated":true}]}}