{"id":6852,"date":"2017-10-29T03:52:15","date_gmt":"2017-10-29T02:52:15","guid":{"rendered":"http:\/\/klubmamgdynia.pl\/index.php\/produkt\/ikonka-lornetka-teleskop-interaktywny-dla-dzieci\/"},"modified":"2026-04-29T16:54:03","modified_gmt":"2026-04-29T14:54:03","slug":"ikonka-lornetka-teleskop-interaktywny-dla-dzieci","status":"publish","type":"product","link":"http:\/\/klubmamgdynia.pl\/index.php\/produkt\/ikonka-lornetka-teleskop-interaktywny-dla-dzieci\/","title":{"rendered":"Ikonka Lornetka Teleskop Interaktywny Dla Dzieci"},"content":{"rendered":"<p>LORNETKA TELESKOP INTERAKTYWNY DLA DZIECI Uwaga, uwaga! \u015awietna zabawa na horyzoncie! Trzeba si\u0119 jej przyjrze\u0107! W tym celu przyda si\u0119 lornetka! Pozwoli ona dostrzec, co za rozrywki czekaj\u0105 malucha! Wyj\u0105tkowo kolorowy design wpasowuje si\u0119 w dzieci\u0119ce gusta, dzi\u0119ki czemu przyci\u0105gnie uwag\u0119 najm\u0142odszych i zach\u0119ci ich do zabawy! Wyra\u017ane barwy b\u0119d\u0105 stymulowa\u0107 wzrok dziecka! Po w\u0142o\u017ceniu dw\u00f3ch baterii AA i w\u0142\u0105czeniu produktu, b\u0119dzie mo\u017cna uruchomi\u0107 d\u017awi\u0119ki i \u015bwiat\u0142a! Aby to zrobi\u0107, wystarczy, \u017ce Tw\u00f3j maluch wci\u015bnie du\u017ce, kolorowe przyciski znajduj\u0105ce si\u0119 na g\u00f3rze lornetki! Ka\u017cdy z nich odpowiada za inny zestaw d\u017awi\u0119k\u00f3w i \u015bwiate\u0142! Bez w\u0105tpienia lornetka zach\u0119ci m\u0142odego odkrywc\u0119 do wielu godzin wspania\u0142ej zabawy, pomo\u017ce w wymy\u015blaniu kreatywnych zabaw, a ka\u017cda rodzinna wycieczka stanie si\u0119 niepor\u00f3wnywalnie ciekawsza, gdy za kolejnymi drzewami mo\u017cna b\u0119dzie odkry\u0107 co\u015b nowego! Lornetka b\u0142yskawicznie pobudzi wyobra\u017ani\u0119 malucha! Wesprze m\u0142ody umys\u0142 w wymy\u015blaniu ciekawych historii!Przyciski znajduj\u0105ce si\u0119 w g\u00f3rnej cz\u0119\u015bci s\u0105 du\u017ce, kolorowe i ka\u017cdy z nich ma innych kszta\u0142t! Dzi\u0119ki temu wci\u015bni\u0119cie ich i zapami\u0119tanie przypisanych im funkcji nie sprawi \u017cadnych problem\u00f3w najm\u0142odszym dzieciom! Pomo\u017ce to r\u00f3wnie\u017c w nauce odr\u00f3\u017cniania form, kolor\u00f3w i literek!Zabawa przede wszystkim korzystnie wp\u0142ynie na szeroko poj\u0119te zdolno\u015bci intelektualne! Poprawi wyobra\u017ani\u0119 i inteligencj\u0119 dziecka, stymuluj\u0105c jego m\u00f3zg do ci\u0105g\u0142ej, kreatywnej pracy! Wciskanie przycisk\u00f3w zwi\u0119kszy koordynacj\u0119 wzrokowo &#8211; ruchow\u0105 i precyzj\u0119 palc\u00f3w! Odkrywanie okolicy to nie tylko kreatywna zabawa, ale przede wszystkim rozrywka, kt\u00f3ra zach\u0119ci do ruchu! Prawid\u0142owy rozw\u00f3j wymaga jego odpowiedniej ilo\u015bci, warto wi\u0119c zach\u0119ca\u0107 do niego malucha na r\u00f3\u017cne sposoby! Aby lornetka wytrzyma\u0142a wiele aktywnych zabaw, zosta\u0142a wykonana z wytrzyma\u0142ych materia\u0142\u00f3w! Dzi\u0119ki temu nie musisz martwi\u0107 si\u0119 o jej trwa\u0142o\u015b\u0107, a m\u0142ody odkrywca z pewno\u015bci\u0105 jej nie uszkodzi! Produkt zapakowany jest w \u0142adne, estetyczne opakowanie, \u015bwietnie sprawdzi si\u0119 wi\u0119c jako prezent! Parametry techniczne: Wiek: 18m+ Tworzywo: plastik Zasilanie: 2x bateria AA (brak w zestawie) Wymiary lornetki: 13.5 cm x 10.5 cm x 5.5 cm Wymiary opakowania: 20 cm x 16 cm x 6.5 cmProdukt zapakowany w estetyczne kartonowe opakowanie.<\/p>\n<h2>Ikonka Lornetka Teleskop Interaktywny Dla Dzieci Kontext<\/h2>\n<p>place zabaw warszawa, rysowanie po \u015bladzie, nastolatka, \u017c\u0105rty na prima aprilis, kwiecien plecien, co kupi\u0107 nastolatce na urodziny, zagadki o lesie, pomys\u0142 na prezent dla nastolatk\u00f3w, quiz o kosmosie dla dzieci, \u0142atwe ale podchwytliwe zagadki, quiz o zwierz\u0119tach domowych, zabawy z pi\u0142k\u0105 dla dzieci, jak narysowa\u0107 oko, bo\u017ce narodzenie (film), malowanki \u015bwi\u0105teczne, domki z rolek po papierze toaletowym, oryginalny prezent na roczek dla ch\u0142opca, eksperyment dla dzieci wulkan, cytaty korczak<\/p>\n<p>yyyyy<\/p>\n<p>&nbsp;<\/p>\n","protected":false},"excerpt":{"rendered":"<p>LORNETKA TELESKOP INTERAKTYWNY DLA DZIECI Uwaga, uwaga! \u015awietna zabawa na horyzoncie! Trzeba si\u0119 jej przyjrze\u0107! W tym celu przyda si\u0119 lornetka! Pozwoli ona dostrzec, co za rozrywki czekaj\u0105 malucha! Wyj\u0105tkowo kolorowy design wpasowuje si\u0119 w dzieci\u0119ce gusta, dzi\u0119ki czemu przyci\u0105gnie uwag\u0119 najm\u0142odszych i zach\u0119ci ich do zabawy! Wyra\u017ane barwy b\u0119d\u0105 stymulowa\u0107 wzrok dziecka! Po w\u0142o\u017ceniu [&hellip;]<\/p>\n","protected":false},"featured_media":6853,"comment_status":"closed","ping_status":"open","template":"","meta":[],"product_cat":[20,39],"product_tag":[583,630,665,769],"class_list":["post-6852","product","type-product","status-publish","has-post-thumbnail","hentry","product_cat-kontext","product_cat-zabawki-interaktywne","product_tag-kolysanki-dla-dzieci-tekst","product_tag-podchwytliwe-zagadki-z-odpowiedziami","product_tag-proste-zagadki","product_tag-psi-patrol-do-czytania"],"_links":{"self":[{"href":"http:\/\/klubmamgdynia.pl\/index.php\/wp-json\/wp\/v2\/product\/6852","targetHints":{"allow":["GET"]}}],"collection":[{"href":"http:\/\/klubmamgdynia.pl\/index.php\/wp-json\/wp\/v2\/product"}],"about":[{"href":"http:\/\/klubmamgdynia.pl\/index.php\/wp-json\/wp\/v2\/types\/product"}],"replies":[{"embeddable":true,"href":"http:\/\/klubmamgdynia.pl\/index.php\/wp-json\/wp\/v2\/comments?post=6852"}],"wp:featuredmedia":[{"embeddable":true,"href":"http:\/\/klubmamgdynia.pl\/index.php\/wp-json\/wp\/v2\/media\/6853"}],"wp:attachment":[{"href":"http:\/\/klubmamgdynia.pl\/index.php\/wp-json\/wp\/v2\/media?parent=6852"}],"wp:term":[{"taxonomy":"product_cat","embeddable":true,"href":"http:\/\/klubmamgdynia.pl\/index.php\/wp-json\/wp\/v2\/product_cat?post=6852"},{"taxonomy":"product_tag","embeddable":true,"href":"http:\/\/klubmamgdynia.pl\/index.php\/wp-json\/wp\/v2\/product_tag?post=6852"}],"curies":[{"name":"wp","href":"https:\/\/api.w.org\/{rel}","templated":true}]}}