{"id":6860,"date":"2013-12-18T08:46:58","date_gmt":"2013-12-18T07:46:58","guid":{"rendered":"http:\/\/klubmamgdynia.pl\/index.php\/produkt\/stokke-poduszka-do-krzeselka-tripp-trapp\/"},"modified":"2026-05-17T22:42:40","modified_gmt":"2026-05-17T20:42:40","slug":"stokke-poduszka-do-krzeselka-tripp-trapp","status":"publish","type":"product","link":"http:\/\/klubmamgdynia.pl\/index.php\/produkt\/stokke-poduszka-do-krzeselka-tripp-trapp\/","title":{"rendered":"Stokke Poduszka Do Krzese\u0142ka Tripp Trapp"},"content":{"rendered":"<p>Stokke, Poduszka do krzese\u0142ka TRIPP TRAPP Poduszka przeznaczona do krzese\u0142ek TRIPP TRAPP firmy STOKKE. Pozwala nada\u0107 krzese\u0142ku osobisty charakter oraz zwi\u0119kszy\u0107 wygod\u0119 dziecka. Produkt nie zawiera szkodliwych substancji, a materia\u0142 mo\u017ce by\u0107 przetwarzany powt\u00f3rnie. Mi\u0119kka poduszka, \u0142atwa do zamontowania na krze\u015ble Tripp Trapp. Pasuje do krzes\u0142a tak przy u\u017cyciu jak i bez u\u017cycia Tripp Trapp Baby Set (zestawu dla ma\u0142ego dziecka). Spe\u0142nia standard Oeko-Tex 100. Pra\u0107 w pralce w 40\u00b0C.<\/p>\n<h2>Stokke Poduszka Do Krzese\u0142ka Tripp Trapp Stokke<\/h2>\n<p>kolorowanka dla dzieci, imi\u0119 gaja, ba\u015bniowe imiona \u017ce\u0144skie, najlepsze zarty na prima aprilis, quizy dla dzieci o zwierz\u0119tach, rozalia imie, krzy\u017c\u00f3wki dla dzieci, szablon zaproszenia na urodziny do wydruku czarno bia\u0142e, cytat o rodzinie, henryk, bajka psi patrol do czytania, kundel bury tekst, ba\u015bniowe imiona \u017ce\u0144skie, karty pracy polsko ukrai\u0144skie, pomys\u0142 na prezent na roczek, zagadki na logiczne my\u015blenie, zagadka nie do rozwi\u0105zania, szymon znaczenie imiona, prezent dla 17 latka, jak zrobi\u0107 laurk\u0119 dla babci<\/p>\n<p>yyyyy<\/p>\n<p>&nbsp;<\/p>\n","protected":false},"excerpt":{"rendered":"<p>Stokke, Poduszka do krzese\u0142ka TRIPP TRAPP Poduszka przeznaczona do krzese\u0142ek TRIPP TRAPP firmy STOKKE. Pozwala nada\u0107 krzese\u0142ku osobisty charakter oraz zwi\u0119kszy\u0107 wygod\u0119 dziecka. Produkt nie zawiera szkodliwych substancji, a materia\u0142 mo\u017ce by\u0107 przetwarzany powt\u00f3rnie. Mi\u0119kka poduszka, \u0142atwa do zamontowania na krze\u015ble Tripp Trapp. Pasuje do krzes\u0142a tak przy u\u017cyciu jak i bez u\u017cycia Tripp Trapp [&hellip;]<\/p>\n","protected":false},"featured_media":6861,"comment_status":"closed","ping_status":"open","template":"","meta":[],"product_cat":[158,353],"product_tag":[859,696,789,769,860],"class_list":["post-6860","product","type-product","status-publish","has-post-thumbnail","hentry","product_cat-krzeselka-do-karmienia","product_cat-stokke","product_tag-dobranoc-pchly-na-noc","product_tag-film-rodzinny-o-swietach","product_tag-kaczuszka","product_tag-psi-patrol-do-czytania","product_tag-zagadki-logiczne-dla-doroslych"],"_links":{"self":[{"href":"http:\/\/klubmamgdynia.pl\/index.php\/wp-json\/wp\/v2\/product\/6860","targetHints":{"allow":["GET"]}}],"collection":[{"href":"http:\/\/klubmamgdynia.pl\/index.php\/wp-json\/wp\/v2\/product"}],"about":[{"href":"http:\/\/klubmamgdynia.pl\/index.php\/wp-json\/wp\/v2\/types\/product"}],"replies":[{"embeddable":true,"href":"http:\/\/klubmamgdynia.pl\/index.php\/wp-json\/wp\/v2\/comments?post=6860"}],"wp:featuredmedia":[{"embeddable":true,"href":"http:\/\/klubmamgdynia.pl\/index.php\/wp-json\/wp\/v2\/media\/6861"}],"wp:attachment":[{"href":"http:\/\/klubmamgdynia.pl\/index.php\/wp-json\/wp\/v2\/media?parent=6860"}],"wp:term":[{"taxonomy":"product_cat","embeddable":true,"href":"http:\/\/klubmamgdynia.pl\/index.php\/wp-json\/wp\/v2\/product_cat?post=6860"},{"taxonomy":"product_tag","embeddable":true,"href":"http:\/\/klubmamgdynia.pl\/index.php\/wp-json\/wp\/v2\/product_tag?post=6860"}],"curies":[{"name":"wp","href":"https:\/\/api.w.org\/{rel}","templated":true}]}}