{"id":6862,"date":"2022-04-12T08:56:41","date_gmt":"2022-04-12T06:56:41","guid":{"rendered":"http:\/\/klubmamgdynia.pl\/index.php\/produkt\/fotelik-samochodowy-nano-fix-graphite-0-18-kg\/"},"modified":"2026-04-04T02:30:50","modified_gmt":"2026-04-04T00:30:50","slug":"fotelik-samochodowy-nano-fix-graphite-0-18-kg","status":"publish","type":"product","link":"http:\/\/klubmamgdynia.pl\/index.php\/produkt\/fotelik-samochodowy-nano-fix-graphite-0-18-kg\/","title":{"rendered":"Fotelik samochodowy Nano-Fix Graphite 0-18 Kg"},"content":{"rendered":"<p>4Baby Fotelik samochodowy Nano-fix 0-18 kg Graphite Nano-fix to najnowszy model fotelika samochodowego w grupie wagowej 40-105cm (0-18 Kg) montowany za pomoc\u0105 bazy ISOFIX, zgodny z europejsk\u0105 norm\u0105 i-Size. Wzmocniona ochrona g\u0142owy i szyi dziecka, obrotowe siedzisko 360 \u00b0, regulacja pozycji siedziska. Cechy produktu: Montowany za pomoc\u0105 bazy ISOFIX z nog\u0105 stabilizuj\u0105c\u0105 Regulowany zag\u0142\u00f3wek Ergonomiczna wk\u0142adka dla noworodk\u00f3w Obrotowe siedzisko 360 \u00b0 Regulacja pozycji siedziska Wymiary (szeroko\u015b\u0107 \/ wysoko\u015b\u0107 \/ g\u0142\u0119boko\u015b\u0107 cm): Siedzisko: 32\/30\/60-68cm Zewn\u0119trzne: 45\/6760-68cm Waga: 14.7kg<\/p>\n<h2>Fotelik samochodowy Nano-Fix Graphite 0-18 Kg 4Baby<\/h2>\n<p>pomys\u0142y na dzie\u0144 dziecka dla nastolatk\u00f3w, co na prezent dla 7 latki, ekskluzywny prezent na roczek, co mo\u017cna zrobi\u0107 z rolki papieru, bajki do czytania dla ch\u0142opc\u00f3w, opowiadanie o jesieni dla dzieci<\/p>\n<p>yyyyy<\/p>\n<p>&nbsp;<\/p>\n","protected":false},"excerpt":{"rendered":"<p>4Baby Fotelik samochodowy Nano-fix 0-18 kg Graphite Nano-fix to najnowszy model fotelika samochodowego w grupie wagowej 40-105cm (0-18 Kg) montowany za pomoc\u0105 bazy ISOFIX, zgodny z europejsk\u0105 norm\u0105 i-Size. Wzmocniona ochrona g\u0142owy i szyi dziecka, obrotowe siedzisko 360 \u00b0, regulacja pozycji siedziska. Cechy produktu: Montowany za pomoc\u0105 bazy ISOFIX z nog\u0105 stabilizuj\u0105c\u0105 Regulowany zag\u0142\u00f3wek Ergonomiczna [&hellip;]<\/p>\n","protected":false},"featured_media":6863,"comment_status":"closed","ping_status":"open","template":"","meta":[],"product_cat":[1507,32],"product_tag":[816,627,620],"class_list":["post-6862","product","type-product","status-publish","has-post-thumbnail","hentry","product_cat-4baby","product_cat-foteliki-samochodowe","product_tag-place-zabaw-warszawa","product_tag-quiz-dzieci-z-bullerbyn","product_tag-quiz-opowiesci-z-narnii"],"_links":{"self":[{"href":"http:\/\/klubmamgdynia.pl\/index.php\/wp-json\/wp\/v2\/product\/6862","targetHints":{"allow":["GET"]}}],"collection":[{"href":"http:\/\/klubmamgdynia.pl\/index.php\/wp-json\/wp\/v2\/product"}],"about":[{"href":"http:\/\/klubmamgdynia.pl\/index.php\/wp-json\/wp\/v2\/types\/product"}],"replies":[{"embeddable":true,"href":"http:\/\/klubmamgdynia.pl\/index.php\/wp-json\/wp\/v2\/comments?post=6862"}],"wp:featuredmedia":[{"embeddable":true,"href":"http:\/\/klubmamgdynia.pl\/index.php\/wp-json\/wp\/v2\/media\/6863"}],"wp:attachment":[{"href":"http:\/\/klubmamgdynia.pl\/index.php\/wp-json\/wp\/v2\/media?parent=6862"}],"wp:term":[{"taxonomy":"product_cat","embeddable":true,"href":"http:\/\/klubmamgdynia.pl\/index.php\/wp-json\/wp\/v2\/product_cat?post=6862"},{"taxonomy":"product_tag","embeddable":true,"href":"http:\/\/klubmamgdynia.pl\/index.php\/wp-json\/wp\/v2\/product_tag?post=6862"}],"curies":[{"name":"wp","href":"https:\/\/api.w.org\/{rel}","templated":true}]}}