{"id":6864,"date":"2019-12-05T15:38:50","date_gmt":"2019-12-05T14:38:50","guid":{"rendered":"http:\/\/klubmamgdynia.pl\/index.php\/produkt\/vidaxl-lumarko-wysokie-krzeselko-dla-dziecka-jasnoszare-aluminiowe\/"},"modified":"2026-04-03T22:59:27","modified_gmt":"2026-04-03T20:59:27","slug":"vidaxl-lumarko-wysokie-krzeselko-dla-dziecka-jasnoszare-aluminiowe","status":"publish","type":"product","link":"http:\/\/klubmamgdynia.pl\/index.php\/produkt\/vidaxl-lumarko-wysokie-krzeselko-dla-dziecka-jasnoszare-aluminiowe\/","title":{"rendered":"Vidaxl Lumarko Wysokie Krzese\u0142ko Dla Dziecka Jasnoszare Aluminiowe"},"content":{"rendered":"<p>To wysokie krzese\u0142ko do karmienia zapewnia wygod\u0119 i sprawia, \u017ce spo\u017cywanie posi\u0142k\u00f3w jest \u0142atwe i przyjemne dla Twojego dziecka. Wysokie krzese\u0142ko do karmienia ma solidn\u0105 aluminiow\u0105 konstrukcj\u0119, kt\u00f3ra zapewnia Twojemu dziecku bezpiecze\u0144stwo. Siedzisko jest wykonane z PU, co u\u0142atwia czyszczenie. 5-punktowy pas gwarantuje bezpiecze\u0144stwo Twojemu maluchowi. Dzi\u0119ki 7 regulowanym pozycjom mo\u017cesz dostosowa\u0107 wysoko\u015b\u0107 krzese\u0142ka do potrzeb dziecka. Oparcie i podn\u00f3\u017cek s\u0105 regulowane, aby zapewni\u0107 maksymalny komfort ma\u0142ego u\u017cytkownika. Regulowana tacka umo\u017cliwia swobodne dostosowanie odleg\u0142o\u015bci od dziecka. Przednie ko\u0142a s\u0105 zaprojektowane do \u0142atwego przemieszczania. Ponadto krzese\u0142ko do jadalni dla dzieci mo\u017cna z\u0142o\u017cy\u0107 do niewielkich rozmiar\u00f3w, co u\u0142atwia przechowywanie.<\/p>\n<h2>Vidaxl Lumarko Wysokie Krzese\u0142ko Dla Dziecka Jasnoszare Aluminiowe VidaXL<\/h2>\n<p>literki, sentencje napisy cytaty o rodzinie, cytat o dziecku, test z lektury pies kt\u00f3ry je\u017adzi\u0142 kolej\u0105, ciekawe miejsca w warszawie dla m\u0142odzie\u017cy, quizy ma\u0142y ksi\u0105\u017c\u0119, quiz o bo\u017cym narodzeniu, maurycy, ozdoby wielkanocne z dzie\u0107mi, basen warszawa, olaf znaczenie imienia, tr\u00f3jmiasto atrakcje dla dzieci, karyna, jakie prezenty na roczek, miko\u0142ajek test z lektury, julian znaczenie, co kupi\u0107 nastolatkowi, impreza halloween 2021 dla dzieci, opis o rodzinie, janusz korczak cytaty<\/p>\n<p>yyyyy<\/p>\n<p>&nbsp;<\/p>\n","protected":false},"excerpt":{"rendered":"<p>To wysokie krzese\u0142ko do karmienia zapewnia wygod\u0119 i sprawia, \u017ce spo\u017cywanie posi\u0142k\u00f3w jest \u0142atwe i przyjemne dla Twojego dziecka. Wysokie krzese\u0142ko do karmienia ma solidn\u0105 aluminiow\u0105 konstrukcj\u0119, kt\u00f3ra zapewnia Twojemu dziecku bezpiecze\u0144stwo. Siedzisko jest wykonane z PU, co u\u0142atwia czyszczenie. 5-punktowy pas gwarantuje bezpiecze\u0144stwo Twojemu maluchowi. Dzi\u0119ki 7 regulowanym pozycjom mo\u017cesz dostosowa\u0107 wysoko\u015b\u0107 krzese\u0142ka do [&hellip;]<\/p>\n","protected":false},"featured_media":6865,"comment_status":"closed","ping_status":"open","template":"","meta":[],"product_cat":[158,23],"product_tag":[686,755,858,785],"class_list":["post-6864","product","type-product","status-publish","has-post-thumbnail","hentry","product_cat-krzeselka-do-karmienia","product_cat-vidaxl","product_tag-co-na-roczek-dla-chlopca","product_tag-henryk","product_tag-podchwytliwe-zagadki","product_tag-prezent-dla-nastolatkow"],"_links":{"self":[{"href":"http:\/\/klubmamgdynia.pl\/index.php\/wp-json\/wp\/v2\/product\/6864","targetHints":{"allow":["GET"]}}],"collection":[{"href":"http:\/\/klubmamgdynia.pl\/index.php\/wp-json\/wp\/v2\/product"}],"about":[{"href":"http:\/\/klubmamgdynia.pl\/index.php\/wp-json\/wp\/v2\/types\/product"}],"replies":[{"embeddable":true,"href":"http:\/\/klubmamgdynia.pl\/index.php\/wp-json\/wp\/v2\/comments?post=6864"}],"wp:featuredmedia":[{"embeddable":true,"href":"http:\/\/klubmamgdynia.pl\/index.php\/wp-json\/wp\/v2\/media\/6865"}],"wp:attachment":[{"href":"http:\/\/klubmamgdynia.pl\/index.php\/wp-json\/wp\/v2\/media?parent=6864"}],"wp:term":[{"taxonomy":"product_cat","embeddable":true,"href":"http:\/\/klubmamgdynia.pl\/index.php\/wp-json\/wp\/v2\/product_cat?post=6864"},{"taxonomy":"product_tag","embeddable":true,"href":"http:\/\/klubmamgdynia.pl\/index.php\/wp-json\/wp\/v2\/product_tag?post=6864"}],"curies":[{"name":"wp","href":"https:\/\/api.w.org\/{rel}","templated":true}]}}