{"id":6866,"date":"2020-06-15T01:03:39","date_gmt":"2020-06-14T23:03:39","guid":{"rendered":"http:\/\/klubmamgdynia.pl\/index.php\/produkt\/fotelik-samochodowy-maxi-cosi-pearl-360-i-size-9-18kg-40-cm-105cm-2022\/"},"modified":"2026-04-20T20:02:11","modified_gmt":"2026-04-20T18:02:11","slug":"fotelik-samochodowy-maxi-cosi-pearl-360-i-size-9-18kg-40-cm-105cm-2022","status":"publish","type":"product","link":"http:\/\/klubmamgdynia.pl\/index.php\/produkt\/fotelik-samochodowy-maxi-cosi-pearl-360-i-size-9-18kg-40-cm-105cm-2022\/","title":{"rendered":"Fotelik samochodowy Maxi Cosi Pearl 360 I Size 9 18Kg 40 Cm 105Cm 2022"},"content":{"rendered":"<p>Wyj\u0105tkowy obrotowy fotelik samochodowy 360\u00b0 dla niemowl\u0105t i maluch\u00f3w, kt\u00f3ry zapewnia wygod\u0119 i bezpiecze\u0144stwo rosn\u0105cemu dziecku Od urodzenia do ok. 4 roku \u017cycia Od 40 do 105 cm 0 &#8211; 17,5 kg Monta\u017c w samochodzie mozliwy jest wy\u0142\u0105cznie na bazie isofix Familyfix 360. Opis produktu Bardzo \u0142atwy w obs\u0142udze dla rodzica i superwygodny dla dziecka. Wk\u0142adka dla noworodk\u00f3w jest wyj\u0105tkowo mi\u0119kka i przytulna, a kiedy dziecko podro\u015bnie, po wyj\u0119ciu wk\u0142adki fotelik Pearl 360 posiada bardzo du\u017ce siedzisko zapewniaj\u0105ce maluchom odpowiedni\u0105 przestrze\u0144 wraz z ich wzrostem. MONTA\u017b Fotelika Maxi-Cosi Pearl 360 mo\u017cna u\u017cywa\u0107 jako obrotowego fotelika samochodowego w po\u0142\u0105czeniu z baz\u0105 FamilyFix 360 (sprzedawane oddzielnie). Nasza baza FamilyFix 360 jest wyposa\u017cona w uchwyty ISOFIX i nog\u0119 podpieraj\u0105c\u0105, aby zagwarantowa\u0107 najbezpieczniejszy, naj\u0142atwiejszy i najszybszy monta\u017c fotelika samochodowego. Baza FamilyFix 360 posiada wbudowany inteligentny system obrotowy, dzi\u0119ki czemu fotelik Maxi-Cosi Pearl 360 mo\u017cna z \u0142atwo\u015bci\u0105 obraca\u0107 za pomoc\u0105 jednej r\u0119ki. Obr\u00f3t fotelika jest mo\u017cliwy w ka\u017cdej pozycji odchylenia. Umo\u017cliwia dzieciom komfortow\u0105 podr\u00f3\u017c w odchylonej pozycji do spania. Dzi\u0119ki temu wk\u0142adanie dziecka do fotelika samochodowego nigdy nie by\u0142o \u0142atwiejsze. Fotelik Pearl 360 mo\u017ce by\u0107 u\u017cywany ty\u0142em lub przodem do kierunku jazdy. Aby poprawnie zamocowa\u0107 fotelik w samochodzie, post\u0119puj zgodnie ze wskaz\u00f3wkami zawartymi w naszej instrukcji obs\u0142ugi. . BEZPIECZE\u0143STWO W foteliku Maxi-Cosi przewieziono ze szpitala do domu ponad 50 mln niemowl\u0105t. Bezpiecze\u0144stwo Twojego dziecka to najwa\u017cniejszy priorytet dla Maxi-Cosi. Fotelik Maxi-Cosi Pearl 360 otrzyma\u0142 homologacj\u0119 zgodn\u0105 z najnowsz\u0105 europejsk\u0105 norm\u0105 bezpiecze\u0144stwai-Size (R129\/03), potwierdzaj\u0105c\u0105 podwy\u017cszony poziom bezpiecze\u0144stwa w ramach tej normy. \u0141atwa regulacja poziom\u00f3w wysoko\u015bci uprz\u0119\u017cy i zag\u0142\u00f3wka gwarantuje najlepsze dopasowanie fotelika Pearl 360 do rosn\u0105cego dziecka. Tkaniny ClimaFlow i technologia G-CELL zapewniaj\u0105ca ochron\u0119 w przypadku zderzenia bocznego sprawiaj\u0105, \u017ce wyj\u0105tkowe produkty z rodziny 360 gwarantuj\u0105 bezpiecze\u0144stwo i komfort na lata oraz rosn\u0105 razem z dzieckiem. \u0141ATWO\u015a\u0106 U\u017bYTKOWANIA Baza FamilyFix 360 posiada wbudowany inteligentny system obrotowy, dzi\u0119ki kt\u00f3remu fotelik Pearl 360 mo\u017cna z \u0142atwo\u015bci\u0105 obraca\u0107 za pomoc\u0105 jednej r\u0119ki. Dzi\u0119ki systemowi Easy-in wk\u0142adanie i wyjmowanie dziecka jest szybkie i bezproblemowe. Jedno zmartwienie mniej. Obr\u00f3t fotelika jest mo\u017cliwy w ka\u017cdej pozycji odchylenia, co u\u0142atwia jego obs\u0142ug\u0119 Tapicerk\u0119 mo\u017cna \u0142atwo zdj\u0105\u0107. Tapicerk\u0119 mo\u017cna \u0142atwo czy\u015bci\u0107 i upra\u0107 w pralce. WYGODA Specjalne panele ClimaFlow, oddychaj\u0105ca pianka i tkaniny wspomagaj\u0105 cyrkulacj\u0119 powietrza, aby zawsze zapewnia\u0107 dziecku komfortow\u0105 temperatur\u0119. \u0141atwa regulacja poziom\u00f3w wysoko\u015bci uprz\u0119\u017cy i zag\u0142\u00f3wka gwarantuje najlepsze dopasowanie fotelika do rosn\u0105cego dziecka. Innowacyjna wk\u0142adka gwarantuje dodatkowe bezpiecze\u0144stwo i wygod\u0119 noworodkom. Wielostopniowa regulacja odchylenia fotelika daje mo\u017cliwo\u015b\u0107 ustawienia najwygodniejszej pozycji do spania podczas podr\u00f3\u017cy. Siedzisko wyposa\u017cone jest w dodatkow\u0105 wy\u015bci\u00f3\u0142k\u0119 dla zapewnienia dziecku wi\u0119kszego komfortu. BEZPIECZE\u0143STWO Aby zapewni\u0107 dziecku dodatkow\u0105 ochron\u0119 w razie zderzenia bocznego, fotelik Pearl 360 jest wyposa\u017cony w innowacyjn\u0105 technologi\u0119 ochrony bocznej G-CELL, czyli dodatkowe wbudowane zabezpieczenie. Zag\u0142\u00f3wek posiada wewn\u0119trzn\u0105 piank\u0119 memory (z tzw. pami\u0119ci\u0105), kt\u00f3ra dostosowuje si\u0119 do g\u0142\u00f3wki dziecka i dodatkowo j\u0105 zabezpiecza. Zgodno\u015b\u0107 z najnowsz\u0105 europejsk\u0105 norm\u0105 bezpiecze\u0144stwa i-Size (R129\/03). Fotelik samochodowy umo\u017cliwia ustawienie go ty\u0142em do kierunku jazdy a\u017c do 4 roku \u017cycia dziecka. 5-punktowa uprz\u0105\u017c gwarantuje najlepsze utrzymanie cia\u0142a dziecka w razie zderzenia czo\u0142owego. Wska\u017aniki audiowizualne na bazie potwierdzaj\u0105 prawid\u0142owe dopasowanie, minimalizuj\u0105c ryzyko niepoprawnego zamocowania. CECHY OG\u00d3LNE W foteliku dziecko mo\u017ce podr\u00f3\u017cowa\u0107 ty\u0142em do kierunku jazdy od urodzenia a\u017c do 4 roku \u017cycia. Kiedy dziecko jest starsze fotelik mo\u017cna r\u00f3wnie\u017c ustawi\u0107 przodem do kierunku jazdy. Mo\u017cna go u\u017cywa\u0107 od urodzenia przez 4 lata. Dla dzieci o wzro\u015bcie 40-105 cm. Intuicyjne obracanie za pomoc\u0105 jednej r\u0119ki FlexiSpin Baza FamilyFix 360 posiada wbudowany inteligentny system obrotowy, dzi\u0119ki czemu fotelik Pearl 360 mo\u017cna z \u0142atwo\u015bci\u0105 obraca\u0107 za pomoc\u0105 jednej r\u0119ki. Uprz\u0105\u017c z systemem Easy-in Dzi\u0119ki systemowi Easy-in wk\u0142adanie i wyjmowanie dziecka jest szybkie i bezproblemowe. Jedno zmartwienie mniej. Komfort termiczny dzi\u0119ki ClimaFlow Specjalne panele ClimaFlow, oddychaj\u0105ca pianka i tkaniny wspomagaj\u0105 cyrkulacj\u0119 powietrza, aby zawsze zapewnia\u0107 dziecku komfortow\u0105 temperatur\u0119. Technologia ochrony bocznej G-CELL Aby zapewni\u0107 dziecku dodatkow\u0105 ochron\u0119 w razie zderzenia bocznego, fotelik Pearl 360 jest wyposa\u017cony w innowacyjn\u0105 technologi\u0119 ochrony bocznej G-CELL, czyli dodatkowe wbudowane zabezpieczenie.<\/p>\n<h2>Fotelik samochodowy Maxi Cosi Pearl 360 I Size 9 18Kg 40 Cm 105Cm 2022 Maxi-Cosi<\/h2>\n<p>bajki do czytania dla dzieci, zagadki logiczne i odpowiedzi, 1 listopada dzie\u0144 wszystkich \u015bwi\u0119tych kolorowanki, znaczenie imiona justyna, test magiczne drzewo czerwone krzes\u0142o, wiosenne zagadki dla dzieci, prezent dla 14 latki, karty pracy dla dzieci z ukrainy pdf, adriana znaczenie imienia, dobre \u017carty na prima aprilis, co na roczek<\/p>\n<p>yyyyy<\/p>\n<p>&nbsp;<\/p>\n","protected":false},"excerpt":{"rendered":"<p>Wyj\u0105tkowy obrotowy fotelik samochodowy 360\u00b0 dla niemowl\u0105t i maluch\u00f3w, kt\u00f3ry zapewnia wygod\u0119 i bezpiecze\u0144stwo rosn\u0105cemu dziecku Od urodzenia do ok. 4 roku \u017cycia Od 40 do 105 cm 0 &#8211; 17,5 kg Monta\u017c w samochodzie mozliwy jest wy\u0142\u0105cznie na bazie isofix Familyfix 360. Opis produktu Bardzo \u0142atwy w obs\u0142udze dla rodzica i superwygodny dla dziecka. [&hellip;]<\/p>\n","protected":false},"featured_media":6867,"comment_status":"closed","ping_status":"open","template":"","meta":[],"product_cat":[32,995],"product_tag":[871,827,702,598,699,774],"class_list":["post-6866","product","type-product","status-publish","has-post-thumbnail","hentry","product_cat-foteliki-samochodowe","product_cat-maxi-cosi","product_tag-bajka-o-smoku-wawelskim","product_tag-bajki-dla-niemowlat","product_tag-co-kupic-na-roczek-dla-dziewczynki","product_tag-co-na-roczek-dla-dziewczynki","product_tag-kolorowanki-do-druku-dla-dziewczyn","product_tag-prezent-na-roczek-nie-zabawka"],"_links":{"self":[{"href":"http:\/\/klubmamgdynia.pl\/index.php\/wp-json\/wp\/v2\/product\/6866","targetHints":{"allow":["GET"]}}],"collection":[{"href":"http:\/\/klubmamgdynia.pl\/index.php\/wp-json\/wp\/v2\/product"}],"about":[{"href":"http:\/\/klubmamgdynia.pl\/index.php\/wp-json\/wp\/v2\/types\/product"}],"replies":[{"embeddable":true,"href":"http:\/\/klubmamgdynia.pl\/index.php\/wp-json\/wp\/v2\/comments?post=6866"}],"wp:featuredmedia":[{"embeddable":true,"href":"http:\/\/klubmamgdynia.pl\/index.php\/wp-json\/wp\/v2\/media\/6867"}],"wp:attachment":[{"href":"http:\/\/klubmamgdynia.pl\/index.php\/wp-json\/wp\/v2\/media?parent=6866"}],"wp:term":[{"taxonomy":"product_cat","embeddable":true,"href":"http:\/\/klubmamgdynia.pl\/index.php\/wp-json\/wp\/v2\/product_cat?post=6866"},{"taxonomy":"product_tag","embeddable":true,"href":"http:\/\/klubmamgdynia.pl\/index.php\/wp-json\/wp\/v2\/product_tag?post=6866"}],"curies":[{"name":"wp","href":"https:\/\/api.w.org\/{rel}","templated":true}]}}