{"id":6868,"date":"2021-12-07T13:51:04","date_gmt":"2021-12-07T12:51:04","guid":{"rendered":"http:\/\/klubmamgdynia.pl\/index.php\/produkt\/fotelik-samochodowy-maxi-cosi-pebble-pro-i-size-45-75cm-2022-essential-black\/"},"modified":"2026-04-30T22:12:52","modified_gmt":"2026-04-30T20:12:52","slug":"fotelik-samochodowy-maxi-cosi-pebble-pro-i-size-45-75cm-2022-essential-black","status":"publish","type":"product","link":"http:\/\/klubmamgdynia.pl\/index.php\/produkt\/fotelik-samochodowy-maxi-cosi-pebble-pro-i-size-45-75cm-2022-essential-black\/","title":{"rendered":"Fotelik samochodowy Maxi Cosi Pebble Pro I Size 45 75Cm 2022 Essential Black"},"content":{"rendered":"<p>Fotelik Pebble Pro i-Size: Ju\u017c w sprzeda\u017cy pojawi\u0142 si\u0119 fotelik Maxi Cosi Pebble Pro i-Size 2020. Wielokrotnie nagradzany fotelik z now\u0105 wk\u0142adk\u0105, Pebble Pro i-Size to najbezpieczniejszy i najwygodniejszy spos\u00f3b dla Twojego male\u0144stwa na odkrywanie \u015bwiata ka\u017cdego dnia. Funkcje i opcje fotelika Maxi Pebble Pro i-Size: Wielokrotnie nagradzany fotelik z now\u0105 wk\u0142adk\u0105, Pebble Pro i-Size to najbezpieczniejszy i najwygodniejszy spos\u00f3b dla Twojego male\u0144stwa na odkrywanie \u015bwiata ka\u017cdego dnia. Wepniesz go do w\u00f3zka Maxi-Cosi, dla jeszcze \u0142atwiejszego przemieszczania si\u0119 z samochodu do sklepu czy \u017c\u0142obka, Spe\u0142nia najnowsze standardy bezpiecze\u0144stwa i-Size, Z mi\u0119kk\u0105, watowan\u0105 tapicerk\u0105 dla wi\u0119kszego komfortu w podr\u00f3\u017cy Doskona\u0142y dla dzieci od narodzin do ok. 12 miesi\u0105ca \u017cycia Pebble Pro i-Size: Fotelik, kt\u00f3ry otuli Twoje dziecko Od urodzenia do ok. 12 miesi\u0105ca \u017cycia 45 cm &#8211; 75 cm Szukasz bezpiecznego, komfortowego i \u0142atwego rozwi\u0105zania dla Twojego noworodka? Pebble Pro i-Size to najwy\u017cszej klasy fotelik dla niemowl\u0105t spe\u0142niaj\u0105cy najnowsze standardy i-Size (R129). Pianka pami\u0119ci zintegrowana na bokach fotelika zapewnia wysok\u0105 ochron\u0119. Wk\u0142adka baby hugg oferuje dodatkow\u0105 ochron\u0119 boczn\u0105 zapewniaj\u0105c doskona\u0142\u0105 pozycj\u0119 podr\u00f3\u017cn\u0105. Regulowany zag\u0142\u00f3wek gwarantuje doskona\u0142\u0105 ochron\u0119 g\u0142owy i szyi dziecka. Pebble Pro i-Size to fotelik dla niemowl\u0105t oferuj\u0105cy maksymaln\u0105 \u0142atwo\u015b\u0107 u\u017cytkowania dzi\u0119ki mo\u017cliwo\u015bci monta\u017cu na ISOFIX. Pebble Pro i-Size mo\u017cna wpi\u0105\u0107 na baz\u0119 za pomoc\u0105 jednego klikni\u0119cia, a sygnalizacja \u015bwietlna i d\u017awi\u0119kowa potwierdzi prawid\u0142ow\u0105 instalacj\u0119. Innowacyjna uprz\u0105\u017c easy-in pozostaje otwarta by m\u00f3c z \u0142atwo\u015bci\u0105 zapi\u0105\u0107 dziecko. Bezpiecze\u0144stwo i-Size (R129) Cz\u0119\u015b\u0107 zestawu 3wayFamily Elastyczny system podr\u00f3\u017cny Ergonomiczny zag\u0142\u00f3wek i wk\u0142adka baby-hugg \u0141atwo\u015b\u0107 u\u017cytkowania: Produkt zosta\u0142 zatwierdzony do u\u017cytkowania w samolocie Bardzo \u0142atwa regulacja wysoko\u015bci uprz\u0119\u017cy Innowacyjna uprz\u0105\u017c easy-in pozostaje otwarta, by m\u00f3c z \u0142atwo\u015bci\u0105 usadzi\u0107 i wyj\u0105\u0107 dziecko z fotelika Fotelik Pebble Pro i-Size mo\u017cna montowa\u0107 na samochodowy pas bezpiecze\u0144stwa Szybka i \u0142atwa instalacja w po\u0142\u0105czeniu z baz\u0105 ISOFIX Tapicerk\u0119 mo\u017cna zdj\u0105\u0107 bez konieczno\u015bci demonta\u017cu uprz\u0119\u017cy Tapicerk\u0119 fotelika mo\u017cna \u0142atwo zdj\u0105\u0107 i pra\u0107 w pralce Dzi\u0119ki przyciskom pami\u0119ci, fotelik mo\u017cna \u0142atwo wypi\u0105\u0107 ze stela\u017cy w\u00f3zk\u00f3w Maxi-Cosi i Quinny Komfort: Regulowany zag\u0142\u00f3wek pozostaje dopasowany do g\u0142owy dziecka Innowacyjna wk\u0142adka baby-hugg zapewnia bezpiecze\u0144stwo i komfort dziecku Zintegrowany daszek przeciws\u0142oneczny ochroni noworodka przed s\u0142o\u0144cem Komfortowe, dodatkowo watowane siedzisko Bezpiecze\u0144stwo: Materia\u0142 absorbuj\u0105cy si\u0142y zderzeniowe umieszczony po bokach fotelika zapewnia lepsz\u0105 ochron\u0119 dziecku Pebble Pro i-Size posiada 3-punktow\u0105 uprz\u0105\u017c Fotelik jest umieszczony ty\u0142em do kierunku jazdy dla optymalnego bezpiecze\u0144stwa podr\u00f3\u017cy System Ochrony Bocznej dla optymalnego bezpiecze\u0144stwa w razie kolizji bocznych Og\u00f3lne: Bardzo wygodna regulacja wysoko\u015bci uprz\u0119\u017cy sprawia, \u017ce Pebble Pro i-Size mo\u017cna \u0142atwo dopasowa\u0107 do rozmiar\u00f3w dziecka W po\u0142\u0105czeniu z baz\u0105 3wayFix, Pebble Pro i-Size i Pearl Pro i-Size to doskona\u0142e rozwi\u0105zanie od narodzin a\u017c do ok. 4 roku \u017cycia (opcja) Fotelik mo\u017cna zamontowa\u0107 na stela\u017cach w\u00f3zk\u00f3w Maxi Cosi i Quinny Mo\u017cliwo\u015b\u0107 monta\u017cu na bazie 3WayFix, Familyfix One i-Size<\/p>\n<h2>Fotelik samochodowy Maxi Cosi Pebble Pro I Size 45 75Cm 2022 Essential Black Maxi-Cosi<\/h2>\n<p>przyja\u017a\u0144 cytaty, wiersz o g\u00f3rniku, cytaty o dzieciach i rodzicach, ozdoby wielkanocne z dzie\u0107mi, bajka do czytania, z\u0142ote my\u015bli o przyja\u017ani, prezent na 1 urodziny dla ch\u0142opca<\/p>\n<p>yyyyy<\/p>\n<p>&nbsp;<\/p>\n","protected":false},"excerpt":{"rendered":"<p>Fotelik Pebble Pro i-Size: Ju\u017c w sprzeda\u017cy pojawi\u0142 si\u0119 fotelik Maxi Cosi Pebble Pro i-Size 2020. Wielokrotnie nagradzany fotelik z now\u0105 wk\u0142adk\u0105, Pebble Pro i-Size to najbezpieczniejszy i najwygodniejszy spos\u00f3b dla Twojego male\u0144stwa na odkrywanie \u015bwiata ka\u017cdego dnia. Funkcje i opcje fotelika Maxi Pebble Pro i-Size: Wielokrotnie nagradzany fotelik z now\u0105 wk\u0142adk\u0105, Pebble Pro i-Size [&hellip;]<\/p>\n","protected":false},"featured_media":6869,"comment_status":"closed","ping_status":"open","template":"","meta":[],"product_cat":[32,995],"product_tag":[664,863,851,663,821,816],"class_list":["post-6868","product","type-product","status-publish","has-post-thumbnail","hentry","product_cat-foteliki-samochodowe","product_cat-maxi-cosi","product_tag-atrakcje-dla-dzieci-trojmiasto","product_tag-bajki-dla-dziewczynek","product_tag-jak-narysowac-kota","product_tag-kolorowanki-dla-dzieci-do-druku","product_tag-marianna","product_tag-place-zabaw-warszawa"],"_links":{"self":[{"href":"http:\/\/klubmamgdynia.pl\/index.php\/wp-json\/wp\/v2\/product\/6868","targetHints":{"allow":["GET"]}}],"collection":[{"href":"http:\/\/klubmamgdynia.pl\/index.php\/wp-json\/wp\/v2\/product"}],"about":[{"href":"http:\/\/klubmamgdynia.pl\/index.php\/wp-json\/wp\/v2\/types\/product"}],"replies":[{"embeddable":true,"href":"http:\/\/klubmamgdynia.pl\/index.php\/wp-json\/wp\/v2\/comments?post=6868"}],"wp:featuredmedia":[{"embeddable":true,"href":"http:\/\/klubmamgdynia.pl\/index.php\/wp-json\/wp\/v2\/media\/6869"}],"wp:attachment":[{"href":"http:\/\/klubmamgdynia.pl\/index.php\/wp-json\/wp\/v2\/media?parent=6868"}],"wp:term":[{"taxonomy":"product_cat","embeddable":true,"href":"http:\/\/klubmamgdynia.pl\/index.php\/wp-json\/wp\/v2\/product_cat?post=6868"},{"taxonomy":"product_tag","embeddable":true,"href":"http:\/\/klubmamgdynia.pl\/index.php\/wp-json\/wp\/v2\/product_tag?post=6868"}],"curies":[{"name":"wp","href":"https:\/\/api.w.org\/{rel}","templated":true}]}}