{"id":6874,"date":"2014-11-22T08:57:34","date_gmt":"2014-11-22T07:57:34","guid":{"rendered":"http:\/\/klubmamgdynia.pl\/index.php\/produkt\/madej-kombajn-3-rodzaje\/"},"modified":"2026-05-17T22:21:10","modified_gmt":"2026-05-17T20:21:10","slug":"madej-kombajn-3-rodzaje","status":"publish","type":"product","link":"http:\/\/klubmamgdynia.pl\/index.php\/produkt\/madej-kombajn-3-rodzaje\/","title":{"rendered":"Madej Kombajn 3 Rodzaje"},"content":{"rendered":"<p>Madej Kombajn3 rodzaje. Produkt wysy\u0142any losowo, brak mo\u017cliwo\u015bci wyboru konkretnego modelu. Cena dotyczy 1szt.<\/p>\n<h2>Madej Kombajn 3 Rodzaje Madej<\/h2>\n<p>\u015bw przemys\u0142aw, quiz pi\u0142karski, test z lektury ania z zielonego wzg\u00f3rza klasa 6 z odpowiedziami, atrakcje warszawa dla dzieci, miko\u0142ajek test z lektury, julian znaczenie imienia, rymowane zagadki, kolorowanki pokemon do druku, quiz flagi<\/p>\n<p>yyyyy<\/p>\n<p>&nbsp;<\/p>\n","protected":false},"excerpt":{"rendered":"<p>Madej Kombajn3 rodzaje. Produkt wysy\u0142any losowo, brak mo\u017cliwo\u015bci wyboru konkretnego modelu. Cena dotyczy 1szt. Madej Kombajn 3 Rodzaje Madej \u015bw przemys\u0142aw, quiz pi\u0142karski, test z lektury ania z zielonego wzg\u00f3rza klasa 6 z odpowiedziami, atrakcje warszawa dla dzieci, miko\u0142ajek test z lektury, julian znaczenie imienia, rymowane zagadki, kolorowanki pokemon do druku, quiz flagi yyyyy &nbsp;<\/p>\n","protected":false},"featured_media":6875,"comment_status":"closed","ping_status":"open","template":"","meta":[],"product_cat":[83,70],"product_tag":[654,582,842,659,623,724],"class_list":["post-6874","product","type-product","status-publish","has-post-thumbnail","hentry","product_cat-auta-i-inne-pojazdy-do-zabawy","product_cat-madej","product_tag-krotkie-bajki-dla-dzieci-do-czytania","product_tag-nauka-pisania-literek-do-wydruku-pdf","product_tag-plac-zabaw-poznan","product_tag-tupu-tup-po-sniegu-tekst","product_tag-zagadki-logiczne-smieszne","product_tag-zagadki-podchwytliwe"],"_links":{"self":[{"href":"http:\/\/klubmamgdynia.pl\/index.php\/wp-json\/wp\/v2\/product\/6874","targetHints":{"allow":["GET"]}}],"collection":[{"href":"http:\/\/klubmamgdynia.pl\/index.php\/wp-json\/wp\/v2\/product"}],"about":[{"href":"http:\/\/klubmamgdynia.pl\/index.php\/wp-json\/wp\/v2\/types\/product"}],"replies":[{"embeddable":true,"href":"http:\/\/klubmamgdynia.pl\/index.php\/wp-json\/wp\/v2\/comments?post=6874"}],"wp:featuredmedia":[{"embeddable":true,"href":"http:\/\/klubmamgdynia.pl\/index.php\/wp-json\/wp\/v2\/media\/6875"}],"wp:attachment":[{"href":"http:\/\/klubmamgdynia.pl\/index.php\/wp-json\/wp\/v2\/media?parent=6874"}],"wp:term":[{"taxonomy":"product_cat","embeddable":true,"href":"http:\/\/klubmamgdynia.pl\/index.php\/wp-json\/wp\/v2\/product_cat?post=6874"},{"taxonomy":"product_tag","embeddable":true,"href":"http:\/\/klubmamgdynia.pl\/index.php\/wp-json\/wp\/v2\/product_tag?post=6874"}],"curies":[{"name":"wp","href":"https:\/\/api.w.org\/{rel}","templated":true}]}}