{"id":6878,"date":"2011-02-26T02:49:30","date_gmt":"2011-02-26T01:49:30","guid":{"rendered":"http:\/\/klubmamgdynia.pl\/index.php\/produkt\/fotelik-samochodowy-4baby-freeway-turkus-black-0-25kg\/"},"modified":"2026-04-22T04:51:08","modified_gmt":"2026-04-22T02:51:08","slug":"fotelik-samochodowy-4baby-freeway-turkus-black-0-25kg","status":"publish","type":"product","link":"http:\/\/klubmamgdynia.pl\/index.php\/produkt\/fotelik-samochodowy-4baby-freeway-turkus-black-0-25kg\/","title":{"rendered":"Fotelik samochodowy 4Baby Freeway Turkus Black 0-25Kg"},"content":{"rendered":"<h2>Fotelik samochodowy 4Baby Freeway Turkus Black 0-25Kg 4Baby<\/h2>\n<p>jak si\u0119 rysuje psa, cytaty dla mamy, miko\u0142ajek &#8211; test z odpowiedziami, smieszne zagadki, by\u0142 sobie kr\u00f3l, smoki rysunek, labirynty dla dzieci, natalia, quizy ortograficzne trudne, zagadki na inteligencje, trudne zagadki wielkanocne, ba\u0142wanek do druku, pytania zagadki, trudne zagadki dla doros\u0142ych, kiekrz, zabawy halloweenowe dla dzieci<\/p>\n<p>yyyyy<\/p>\n<p>&nbsp;<\/p>\n","protected":false},"excerpt":{"rendered":"<p>Fotelik samochodowy 4Baby Freeway Turkus Black 0-25Kg 4Baby jak si\u0119 rysuje psa, cytaty dla mamy, miko\u0142ajek &#8211; test z odpowiedziami, smieszne zagadki, by\u0142 sobie kr\u00f3l, smoki rysunek, labirynty dla dzieci, natalia, quizy ortograficzne trudne, zagadki na inteligencje, trudne zagadki wielkanocne, ba\u0142wanek do druku, pytania zagadki, trudne zagadki dla doros\u0142ych, kiekrz, zabawy halloweenowe dla dzieci yyyyy [&hellip;]<\/p>\n","protected":false},"featured_media":6879,"comment_status":"closed","ping_status":"open","template":"","meta":[],"product_cat":[1507,32],"product_tag":[671,670,617,787,639,717,868],"class_list":["post-6878","product","type-product","status-publish","has-post-thumbnail","hentry","product_cat-4baby","product_cat-foteliki-samochodowe","product_tag-cicha-noc-po-angielsku-tekst","product_tag-irma","product_tag-keyword","product_tag-nauka-pisania-wyrazow-dla-dzieci-do-druku-pdf","product_tag-nela-imie","product_tag-prezent-roczek","product_tag-quizy-dla-dzieci"],"_links":{"self":[{"href":"http:\/\/klubmamgdynia.pl\/index.php\/wp-json\/wp\/v2\/product\/6878","targetHints":{"allow":["GET"]}}],"collection":[{"href":"http:\/\/klubmamgdynia.pl\/index.php\/wp-json\/wp\/v2\/product"}],"about":[{"href":"http:\/\/klubmamgdynia.pl\/index.php\/wp-json\/wp\/v2\/types\/product"}],"replies":[{"embeddable":true,"href":"http:\/\/klubmamgdynia.pl\/index.php\/wp-json\/wp\/v2\/comments?post=6878"}],"wp:featuredmedia":[{"embeddable":true,"href":"http:\/\/klubmamgdynia.pl\/index.php\/wp-json\/wp\/v2\/media\/6879"}],"wp:attachment":[{"href":"http:\/\/klubmamgdynia.pl\/index.php\/wp-json\/wp\/v2\/media?parent=6878"}],"wp:term":[{"taxonomy":"product_cat","embeddable":true,"href":"http:\/\/klubmamgdynia.pl\/index.php\/wp-json\/wp\/v2\/product_cat?post=6878"},{"taxonomy":"product_tag","embeddable":true,"href":"http:\/\/klubmamgdynia.pl\/index.php\/wp-json\/wp\/v2\/product_tag?post=6878"}],"curies":[{"name":"wp","href":"https:\/\/api.w.org\/{rel}","templated":true}]}}