{"id":6880,"date":"2016-11-17T05:49:21","date_gmt":"2016-11-17T04:49:21","guid":{"rendered":"http:\/\/klubmamgdynia.pl\/index.php\/produkt\/dziecieca-kamizelka-odblaskowa-kellys-starlight-policja-m\/"},"modified":"2026-04-23T20:31:13","modified_gmt":"2026-04-23T18:31:13","slug":"dziecieca-kamizelka-odblaskowa-kellys-starlight-policja-m","status":"publish","type":"product","link":"http:\/\/klubmamgdynia.pl\/index.php\/produkt\/dziecieca-kamizelka-odblaskowa-kellys-starlight-policja-m\/","title":{"rendered":"Dzieci\u0119ca Kamizelka Odblaskowa Kellys Starlight Policja M"},"content":{"rendered":"<p>Dzieci\u0119ca kamizelka odblaskowa zapinana na mocny rzep, spe\u0142nia norm\u0119 CE EN 1150<\/p>\n<h2>Dzieci\u0119ca Kamizelka Odblaskowa Kellys Starlight Policja M Noname<\/h2>\n<p>kolorowanka lego ninjago, kotek kolorowanka, co oznacza jordan, karty pracy po ukrai\u0144sku, kolorowanki lego friends, jak narysowa\u0107 nos, z\u0142ote my\u015bli kubu\u015b puchatek cytaty, zagadki dla dzieci, kanapki dla dzieci, jak narysowac kota, dzie\u0144 matki w\u0142asnor\u0119czny prezent dla mamy od dziecka, co oznacza jordan, prezent na roczek dla dziewczynki, quiz o usa, co kupi\u0107 ch\u0142opcu na roczek, swinka peppa do czytania<\/p>\n<p>yyyyy<\/p>\n<p>&nbsp;<\/p>\n","protected":false},"excerpt":{"rendered":"<p>Dzieci\u0119ca kamizelka odblaskowa zapinana na mocny rzep, spe\u0142nia norm\u0119 CE EN 1150 Dzieci\u0119ca Kamizelka Odblaskowa Kellys Starlight Policja M Noname kolorowanka lego ninjago, kotek kolorowanka, co oznacza jordan, karty pracy po ukrai\u0144sku, kolorowanki lego friends, jak narysowa\u0107 nos, z\u0142ote my\u015bli kubu\u015b puchatek cytaty, zagadki dla dzieci, kanapki dla dzieci, jak narysowac kota, dzie\u0144 matki w\u0142asnor\u0119czny [&hellip;]<\/p>\n","protected":false},"featured_media":6881,"comment_status":"closed","ping_status":"open","template":"","meta":[],"product_cat":[1117,318],"product_tag":[652,596,830,653],"class_list":["post-6880","product","type-product","status-publish","has-post-thumbnail","hentry","product_cat-noname","product_cat-pozostale-akcesoria-na-podroz-i-spacer-z-dzieckiem","product_tag-otto","product_tag-pomysly-na-prima-aprilis","product_tag-rodzina-cytaty","product_tag-warszawa-dla-dzieci"],"_links":{"self":[{"href":"http:\/\/klubmamgdynia.pl\/index.php\/wp-json\/wp\/v2\/product\/6880","targetHints":{"allow":["GET"]}}],"collection":[{"href":"http:\/\/klubmamgdynia.pl\/index.php\/wp-json\/wp\/v2\/product"}],"about":[{"href":"http:\/\/klubmamgdynia.pl\/index.php\/wp-json\/wp\/v2\/types\/product"}],"replies":[{"embeddable":true,"href":"http:\/\/klubmamgdynia.pl\/index.php\/wp-json\/wp\/v2\/comments?post=6880"}],"wp:featuredmedia":[{"embeddable":true,"href":"http:\/\/klubmamgdynia.pl\/index.php\/wp-json\/wp\/v2\/media\/6881"}],"wp:attachment":[{"href":"http:\/\/klubmamgdynia.pl\/index.php\/wp-json\/wp\/v2\/media?parent=6880"}],"wp:term":[{"taxonomy":"product_cat","embeddable":true,"href":"http:\/\/klubmamgdynia.pl\/index.php\/wp-json\/wp\/v2\/product_cat?post=6880"},{"taxonomy":"product_tag","embeddable":true,"href":"http:\/\/klubmamgdynia.pl\/index.php\/wp-json\/wp\/v2\/product_tag?post=6880"}],"curies":[{"name":"wp","href":"https:\/\/api.w.org\/{rel}","templated":true}]}}