{"id":6882,"date":"2023-08-28T03:32:15","date_gmt":"2023-08-28T01:32:15","guid":{"rendered":"http:\/\/klubmamgdynia.pl\/?post_type=product&#038;p=6882"},"modified":"2026-04-22T22:13:31","modified_gmt":"2026-04-22T20:13:31","slug":"madej-nauka-liczenia-sowa","status":"publish","type":"product","link":"http:\/\/klubmamgdynia.pl\/index.php\/produkt\/madej-nauka-liczenia-sowa\/","title":{"rendered":"Madej Nauka Liczenia Sowa"},"content":{"rendered":"<p>Waga szalkowa Sowa gra edukacyjna nauka liczenia cyfry Ta wyj\u0105tkowa zabawka\/gra \u015bwietnie sprawdzi si\u0119 dla dzieci w wieku przedszkolnym lub wczesnoszkolnym.Urocza Sowa z r\u00f3wnowa\u017cni\u0105 skradnie serce ka\u017cdego malucha i zach\u0119ci do poznawania \u015bwiata liczb i dzia\u0142a\u0144 matematycznych.Waga \u015bwietnie sprawdzi si\u0119 podczas nauki liczenia oraz zapozna malucha z dzia\u0142aniem wagi szalkowej.R\u00f3wnowa\u017cnia sprawi, \u017ce nauka matematyki stanie si\u0119 prawdziw\u0105 przyjemno\u015bci\u0105, a maluch zapragnie pog\u0142\u0119bia\u0107 swoj\u0105 wiedz\u0119 o \u015bwiecie.Ogromna liczba element\u00f3w daje mo\u017cliwo\u015b\u0107 nieko\u0144cz\u0105cej si\u0119 zabawy i nauki.Wymy\u015blaj r\u00f3\u017cne dzia\u0142ania matematyczne, a jak zabraknie Tobie pomys\u0142\u00f3w skorzystaj z kart z przyk\u0142adowymi zdaniami.Waga ka\u017cdej cyferki jest taka sama jak ilo\u015b\u0107 s\u00f3wek, kt\u00f3r\u0105 przedstawia okre\u015blona cyfra:cyfra 1 = 1 sowaCyfra 4 = 4 sowyCyfra 9 = 9 s\u00f3w Czego uczy gra:- umiej\u0119tno\u015b\u0107 dodawania i odejmowania,- logicznego my\u015blenie,- zdolno\u015bci manualnych i koordynacji zmys\u0142owo-ruchowej,- wyobra\u017ani i kreatywno\u015b\u0107. Gra dla 1-4 graczy Cel gry:r\u00f3wnowa\u017c numery z sowami, ucz\u0105c si\u0119 przy tym liczenia i zosta\u0144 pierwszym graczem, kt\u00f3remu uda si\u0119 zebra\u0107 pi\u0119\u0107 kart. Zawarto\u015b\u0107 zestawu:- waga sowa,- 30 dwustronnych kart z przyk\u0142adowymi zadaniami- 19 s\u00f3w- cyfry 1-10 Wiek:3+ Wymiary:- opakowania 27 x 26,5 x 7,5 cm- s\u00f3wek ok.3 cm- cyfr ok.5 cmEAN: 5903631405983Gwarancja: 12 miesi\u0119cyP\u0142e\u0107: dla ch\u0142opca i dziewczynkiWaga: 400 g.<\/p>\n<h2>Madej Nauka Liczenia Sowa Madej<\/h2>\n<p>maska kota, oryginalny prezent na roczek dla ch\u0142opca, proste zagadki, quizy \u015bwi\u0105teczne bo\u017ce narodzenie, leon imi\u0119<\/p>\n<p>yyyyy<\/p>\n<p>&nbsp;<\/p>\n","protected":false},"excerpt":{"rendered":"<p>Waga szalkowa Sowa gra edukacyjna nauka liczenia cyfry Ta wyj\u0105tkowa zabawka\/gra \u015bwietnie sprawdzi si\u0119 dla dzieci w wieku przedszkolnym lub wczesnoszkolnym.Urocza Sowa z r\u00f3wnowa\u017cni\u0105 skradnie serce ka\u017cdego malucha i zach\u0119ci do poznawania \u015bwiata liczb i dzia\u0142a\u0144 matematycznych.Waga \u015bwietnie sprawdzi si\u0119 podczas nauki liczenia oraz zapozna malucha z dzia\u0142aniem wagi szalkowej.R\u00f3wnowa\u017cnia sprawi, \u017ce nauka matematyki stanie [&hellip;]<\/p>\n","protected":false},"featured_media":6883,"comment_status":"closed","ping_status":"open","template":"","meta":[],"product_cat":[130,70],"product_tag":[664,758,744,589,661,615],"class_list":["post-6882","product","type-product","status-publish","has-post-thumbnail","hentry","product_cat-gry-dzieciece","product_cat-madej","product_tag-atrakcje-dla-dzieci-trojmiasto","product_tag-julian","product_tag-kolorowanki-swiateczne-do-wydruku","product_tag-prezent-dla-rocznego-dziecka","product_tag-swinka-peppa-kolorowanka","product_tag-znane-misie-z-filmow-animowanych"],"_links":{"self":[{"href":"http:\/\/klubmamgdynia.pl\/index.php\/wp-json\/wp\/v2\/product\/6882","targetHints":{"allow":["GET"]}}],"collection":[{"href":"http:\/\/klubmamgdynia.pl\/index.php\/wp-json\/wp\/v2\/product"}],"about":[{"href":"http:\/\/klubmamgdynia.pl\/index.php\/wp-json\/wp\/v2\/types\/product"}],"replies":[{"embeddable":true,"href":"http:\/\/klubmamgdynia.pl\/index.php\/wp-json\/wp\/v2\/comments?post=6882"}],"wp:featuredmedia":[{"embeddable":true,"href":"http:\/\/klubmamgdynia.pl\/index.php\/wp-json\/wp\/v2\/media\/6883"}],"wp:attachment":[{"href":"http:\/\/klubmamgdynia.pl\/index.php\/wp-json\/wp\/v2\/media?parent=6882"}],"wp:term":[{"taxonomy":"product_cat","embeddable":true,"href":"http:\/\/klubmamgdynia.pl\/index.php\/wp-json\/wp\/v2\/product_cat?post=6882"},{"taxonomy":"product_tag","embeddable":true,"href":"http:\/\/klubmamgdynia.pl\/index.php\/wp-json\/wp\/v2\/product_tag?post=6882"}],"curies":[{"name":"wp","href":"https:\/\/api.w.org\/{rel}","templated":true}]}}