{"id":6884,"date":"2012-03-07T23:44:49","date_gmt":"2012-03-07T22:44:49","guid":{"rendered":"http:\/\/klubmamgdynia.pl\/index.php\/produkt\/4baby-4-baby-torba-pielegnacyjna-xx-grey\/"},"modified":"2026-04-24T05:18:26","modified_gmt":"2026-04-24T03:18:26","slug":"4baby-4-baby-torba-pielegnacyjna-xx-grey","status":"publish","type":"product","link":"http:\/\/klubmamgdynia.pl\/index.php\/produkt\/4baby-4-baby-torba-pielegnacyjna-xx-grey\/","title":{"rendered":"4Baby 4 Baby Torba Piel\u0119gnacyjna Xx Grey"},"content":{"rendered":"<p>W\u00f3zki dla dzieci i foteliki samochodowe w sklepie NATIKIDS.- w\u00f3zki wielofunkcyjne- w\u00f3zki spacerowe- foteliki do w\u00f3zk\u00f3w- gondole do w\u00f3zk\u00f3w- foteliki samochodowe i akcesoria<\/p>\n<h2>4Baby 4 Baby Torba Piel\u0119gnacyjna Xx Grey 4Baby<\/h2>\n<p>dzie\u0144 mamy sentencje, jakie s\u0105 dary jesieni, czasdzieci krak\u00f3w, zabawy z pi\u0142k\u0105 dla dzieci<\/p>\n<p>yyyyy<\/p>\n<p>&nbsp;<\/p>\n","protected":false},"excerpt":{"rendered":"<p>W\u00f3zki dla dzieci i foteliki samochodowe w sklepie NATIKIDS.- w\u00f3zki wielofunkcyjne- w\u00f3zki spacerowe- foteliki do w\u00f3zk\u00f3w- gondole do w\u00f3zk\u00f3w- foteliki samochodowe i akcesoria 4Baby 4 Baby Torba Piel\u0119gnacyjna Xx Grey 4Baby dzie\u0144 mamy sentencje, jakie s\u0105 dary jesieni, czasdzieci krak\u00f3w, zabawy z pi\u0142k\u0105 dla dzieci yyyyy &nbsp;<\/p>\n","protected":false},"featured_media":6885,"comment_status":"closed","ping_status":"open","template":"","meta":[],"product_cat":[1507,127],"product_tag":[839,638,732,641],"class_list":["post-6884","product","type-product","status-publish","has-post-thumbnail","hentry","product_cat-4baby","product_cat-akcesoria-do-wozkow","product_tag-bajki-na-dobranoc-do-czytania","product_tag-miastodzieci","product_tag-prezent-dla-rocznego-chlopca","product_tag-trudne-zagadki-logiczne"],"_links":{"self":[{"href":"http:\/\/klubmamgdynia.pl\/index.php\/wp-json\/wp\/v2\/product\/6884","targetHints":{"allow":["GET"]}}],"collection":[{"href":"http:\/\/klubmamgdynia.pl\/index.php\/wp-json\/wp\/v2\/product"}],"about":[{"href":"http:\/\/klubmamgdynia.pl\/index.php\/wp-json\/wp\/v2\/types\/product"}],"replies":[{"embeddable":true,"href":"http:\/\/klubmamgdynia.pl\/index.php\/wp-json\/wp\/v2\/comments?post=6884"}],"wp:featuredmedia":[{"embeddable":true,"href":"http:\/\/klubmamgdynia.pl\/index.php\/wp-json\/wp\/v2\/media\/6885"}],"wp:attachment":[{"href":"http:\/\/klubmamgdynia.pl\/index.php\/wp-json\/wp\/v2\/media?parent=6884"}],"wp:term":[{"taxonomy":"product_cat","embeddable":true,"href":"http:\/\/klubmamgdynia.pl\/index.php\/wp-json\/wp\/v2\/product_cat?post=6884"},{"taxonomy":"product_tag","embeddable":true,"href":"http:\/\/klubmamgdynia.pl\/index.php\/wp-json\/wp\/v2\/product_tag?post=6884"}],"curies":[{"name":"wp","href":"https:\/\/api.w.org\/{rel}","templated":true}]}}