{"id":6886,"date":"2013-06-26T09:18:18","date_gmt":"2013-06-26T07:18:18","guid":{"rendered":"http:\/\/klubmamgdynia.pl\/index.php\/produkt\/goki-klocki-drewniane-zestaw-50el-lifestyle-aqua\/"},"modified":"2026-04-04T05:42:50","modified_gmt":"2026-04-04T03:42:50","slug":"goki-klocki-drewniane-zestaw-50el-lifestyle-aqua","status":"publish","type":"product","link":"http:\/\/klubmamgdynia.pl\/index.php\/produkt\/goki-klocki-drewniane-zestaw-50el-lifestyle-aqua\/","title":{"rendered":"Goki Klocki Drewniane Zestaw 50El. Lifestyle Aqua"},"content":{"rendered":"<p>GOKI &#8211; Drewniane klocki Lifestyle Aqua 50 el. Drewniane klocki to wspania\u0142y pomys\u0142 dla wszystkich maluszk\u00f3w, kt\u00f3re rozpoczynaj\u0105 przygod\u0119 z uk\u0142adaniem i dopasowywaniem rozmaitych element\u00f3w. Okr\u0105g\u0142e opakowanie z uchwytem zawiera 50 r\u00f3\u017cnokszta\u0142tnych klock\u00f3w wykonanych z litego drewna bukowego, kt\u00f3rych spora cz\u0119\u015b\u0107 pokryta zosta\u0142a farb\u0105 w pastelowych odcieniach. Kolor aqua jest w tym wypadku przewa\u017caj\u0105cy i stanowi motyw przewodni ca\u0142ego zestawu. Ka\u017cdy z element\u00f3w ma stabiln\u0105 konstrukcj\u0119, co umo\u017cliwia tworzenie wysokich budowli i ciekawych konstrukcji \u2013 maluchy b\u0119d\u0105 mog\u0142y rozwin\u0105\u0107 swoj\u0105 kreatywno\u015b\u0107! Zestaw drewnianych klock\u00f3w Lifestyle marki Goki dedykowany jest dzieciom powy\u017cej 2. roku \u017cycia, kt\u00f3re podczas zabawy b\u0119d\u0105 mog\u0142y trenowa\u0107 zr\u0119czno\u015b\u0107, koordynacj\u0119 wzrokowo \u2013 ruchow\u0105, a tak\u017ce precyzj\u0119. GOKI &#8211; Drewniane klocki Lifestyle Aqua 50 el. &#8211; informacje dodatkowe: Producent: GOKI Numer katalogowy: 58459 Typ: Klocki Wymiary opakowania: 18 cm x 18 cm x 12 cm<\/p>\n<h2>Goki Klocki Drewniane Zestaw 50El. Lifestyle Aqua Goki<\/h2>\n<p>ma\u0142y ksi\u0105\u017c\u0119 cytaty, cicha noc po angielsku tekst, bajka o kreciku, literki do pisania do druku<\/p>\n<p>yyyyy<\/p>\n<p>&nbsp;<\/p>\n","protected":false},"excerpt":{"rendered":"<p>GOKI &#8211; Drewniane klocki Lifestyle Aqua 50 el. Drewniane klocki to wspania\u0142y pomys\u0142 dla wszystkich maluszk\u00f3w, kt\u00f3re rozpoczynaj\u0105 przygod\u0119 z uk\u0142adaniem i dopasowywaniem rozmaitych element\u00f3w. Okr\u0105g\u0142e opakowanie z uchwytem zawiera 50 r\u00f3\u017cnokszta\u0142tnych klock\u00f3w wykonanych z litego drewna bukowego, kt\u00f3rych spora cz\u0119\u015b\u0107 pokryta zosta\u0142a farb\u0105 w pastelowych odcieniach. Kolor aqua jest w tym wypadku przewa\u017caj\u0105cy i [&hellip;]<\/p>\n","protected":false},"featured_media":6887,"comment_status":"closed","ping_status":"open","template":"","meta":[],"product_cat":[227,113],"product_tag":[834,719,739,587],"class_list":["post-6886","product","type-product","status-publish","has-post-thumbnail","hentry","product_cat-goki","product_cat-klocki","product_tag-bajka-do-czytania-na-dobranoc","product_tag-dziecko-cytaty-zlote-mysli","product_tag-prima-aprilis-w-szkole","product_tag-skalne-miasto"],"_links":{"self":[{"href":"http:\/\/klubmamgdynia.pl\/index.php\/wp-json\/wp\/v2\/product\/6886","targetHints":{"allow":["GET"]}}],"collection":[{"href":"http:\/\/klubmamgdynia.pl\/index.php\/wp-json\/wp\/v2\/product"}],"about":[{"href":"http:\/\/klubmamgdynia.pl\/index.php\/wp-json\/wp\/v2\/types\/product"}],"replies":[{"embeddable":true,"href":"http:\/\/klubmamgdynia.pl\/index.php\/wp-json\/wp\/v2\/comments?post=6886"}],"wp:featuredmedia":[{"embeddable":true,"href":"http:\/\/klubmamgdynia.pl\/index.php\/wp-json\/wp\/v2\/media\/6887"}],"wp:attachment":[{"href":"http:\/\/klubmamgdynia.pl\/index.php\/wp-json\/wp\/v2\/media?parent=6886"}],"wp:term":[{"taxonomy":"product_cat","embeddable":true,"href":"http:\/\/klubmamgdynia.pl\/index.php\/wp-json\/wp\/v2\/product_cat?post=6886"},{"taxonomy":"product_tag","embeddable":true,"href":"http:\/\/klubmamgdynia.pl\/index.php\/wp-json\/wp\/v2\/product_tag?post=6886"}],"curies":[{"name":"wp","href":"https:\/\/api.w.org\/{rel}","templated":true}]}}