{"id":6890,"date":"2011-02-04T03:23:53","date_gmt":"2011-02-04T02:23:53","guid":{"rendered":"http:\/\/klubmamgdynia.pl\/index.php\/produkt\/fotelik-samochodowy-espiro-omega-fx-15-36kg-103-blue\/"},"modified":"2026-05-01T01:46:27","modified_gmt":"2026-04-30T23:46:27","slug":"fotelik-samochodowy-espiro-omega-fx-15-36kg-103-blue","status":"publish","type":"product","link":"http:\/\/klubmamgdynia.pl\/index.php\/produkt\/fotelik-samochodowy-espiro-omega-fx-15-36kg-103-blue\/","title":{"rendered":"Fotelik samochodowy Espiro Omega Fx 15 36Kg 103 Blue"},"content":{"rendered":"<p>Espiro Omega FX fotelik z najnowszej kolekcji 15-36kg z isofixemFotelik samochodowy pozwala bezpiecznie przewozi\u0107 dziecko od ok 4 do 12 lat.Przeznaczona dla dzieci o wadze od 15 do 36 kg, grupa 2\/3, od ok 4 do ok 12 lat, zgodny z europejskim standardem bezpiecze\u0144stwa ECE R44\/04, mocowany za pomoc\u0105 systemu ISOFIT i\/lub pas\u00f3w samochodowych.Przeznaczony do jazdy przodem do kierunku jazdy.ISOFIT do fotela samochodowego wraz z u\u017cyciem pas\u00f3w samochodowych umo\u017cliwa jego solidne zabezpieczenie w ustawieniu przodem do kierunku jazdy.Fotelik samochodowy espiro omega FX jest zgodny z europejskim standardem bezpiecze\u0144stwa ECE R44\/04.Skuteczno\u015b\u0107 ochrony w foteliku potwierdzaj\u0105 testy wykonane w niezale\u017cnych europejskich instytucjach.Najwy\u017cszy poziom bezpiecze\u0144stwa podczas podr\u00f3\u017cowania gwarantuje prawid\u0142owy monta\u017c fotela za pomoc\u0105 systemu ISOFIT, kt\u00f3ry stabilizuje fotelik,a dzi\u0119ki mo\u017cliwo\u015bci regulacji d\u0142ugo\u015bci zaczep\u00f3w umo\u017cliwia precyzyjne dopasowanie do siedzenia samochodu. Najwa\u017cniejsze jest r\u00f3wnie\u017c prawid\u0142owe zapi\u0119cie dziecka pasami samochodowymi.Fotel posiada specjaln\u0105 ochron\u0119 boczn\u0105 ramion i g\u0142owy.Fotelik samochodowy posiada regulacj\u0119 wysoko\u015bci oparcia, co poprawia komfort i zapobiega opadaniu g\u0142owy \u015bpi\u0105cego dziecka, a zag\u0142\u00f3wek wyposa\u017cony jest w dodatkowe warstwy energoch\u0142onne.Wygod\u0119 podczas podr\u00f3\u017cowania dodatkowo poprawiaj\u0105 dwa pod\u0142okietniki oraz mi\u0119kkie i delikatne tkaniny.Tapicerka fotela jest zdejmowana i mo\u017cna j\u0105 z \u0142atwo\u015bci\u0105 czy\u015bci\u0107.Fotelik posiada przydatny schowek na drobiazgi pod siedziskiem oraz wyposa\u017cony jest w specjalny uchwyt na kubek dla dziecka.<\/p>\n<h2>Fotelik samochodowy Espiro Omega Fx 15 36Kg 103 Blue Espiro<\/h2>\n<p>ma\u0142y ksi\u0105\u017c\u0119 sprawdzian, kaczuszka, samolot kolorowanka, opis do zdj\u0119cia dziecka na fb, jacek, cytaty o rodzinie, rysunki do druku<\/p>\n<p>yyyyy<\/p>\n<p>&nbsp;<\/p>\n","protected":false},"excerpt":{"rendered":"<p>Espiro Omega FX fotelik z najnowszej kolekcji 15-36kg z isofixemFotelik samochodowy pozwala bezpiecznie przewozi\u0107 dziecko od ok 4 do 12 lat.Przeznaczona dla dzieci o wadze od 15 do 36 kg, grupa 2\/3, od ok 4 do ok 12 lat, zgodny z europejskim standardem bezpiecze\u0144stwa ECE R44\/04, mocowany za pomoc\u0105 systemu ISOFIT i\/lub pas\u00f3w samochodowych.Przeznaczony do [&hellip;]<\/p>\n","protected":false},"featured_media":6891,"comment_status":"closed","ping_status":"open","template":"","meta":[],"product_cat":[162,32],"product_tag":[845,754,584,842,858,586],"class_list":["post-6890","product","type-product","status-publish","has-post-thumbnail","hentry","product_cat-espiro","product_cat-foteliki-samochodowe","product_tag-ach-spij-kochanie-tekst","product_tag-dyplomy-do-wydrukowania-a4","product_tag-liwia","product_tag-plac-zabaw-poznan","product_tag-podchwytliwe-zagadki","product_tag-smieszne-zagadki"],"_links":{"self":[{"href":"http:\/\/klubmamgdynia.pl\/index.php\/wp-json\/wp\/v2\/product\/6890","targetHints":{"allow":["GET"]}}],"collection":[{"href":"http:\/\/klubmamgdynia.pl\/index.php\/wp-json\/wp\/v2\/product"}],"about":[{"href":"http:\/\/klubmamgdynia.pl\/index.php\/wp-json\/wp\/v2\/types\/product"}],"replies":[{"embeddable":true,"href":"http:\/\/klubmamgdynia.pl\/index.php\/wp-json\/wp\/v2\/comments?post=6890"}],"wp:featuredmedia":[{"embeddable":true,"href":"http:\/\/klubmamgdynia.pl\/index.php\/wp-json\/wp\/v2\/media\/6891"}],"wp:attachment":[{"href":"http:\/\/klubmamgdynia.pl\/index.php\/wp-json\/wp\/v2\/media?parent=6890"}],"wp:term":[{"taxonomy":"product_cat","embeddable":true,"href":"http:\/\/klubmamgdynia.pl\/index.php\/wp-json\/wp\/v2\/product_cat?post=6890"},{"taxonomy":"product_tag","embeddable":true,"href":"http:\/\/klubmamgdynia.pl\/index.php\/wp-json\/wp\/v2\/product_tag?post=6890"}],"curies":[{"name":"wp","href":"https:\/\/api.w.org\/{rel}","templated":true}]}}