{"id":6892,"date":"2013-03-16T15:40:30","date_gmt":"2013-03-16T14:40:30","guid":{"rendered":"http:\/\/klubmamgdynia.pl\/index.php\/produkt\/spin-master-star-wars-yoda-mowiaca-figurka-po-angielsku\/"},"modified":"2026-04-30T16:53:05","modified_gmt":"2026-04-30T14:53:05","slug":"spin-master-star-wars-yoda-mowiaca-figurka-po-angielsku","status":"publish","type":"product","link":"http:\/\/klubmamgdynia.pl\/index.php\/produkt\/spin-master-star-wars-yoda-mowiaca-figurka-po-angielsku\/","title":{"rendered":"Spin Master Star Wars Yoda M\u00f3wi\u0105ca Figurka Po Angielsku"},"content":{"rendered":"<p>M\u00f3wi\u0105ca, interaktywna figurka Wielkiego Mistrza Yody. Po naci\u015bni\u0119ciu przycisku figurki, uruchamiamy modu\u0142 g\u0142osowy uzupe\u0142niony o wiele kultowych fraz z film\u00f3w. W pe\u0142ni zmotoryzowane popiersie porusza oczami, brwiami oraz ustami Mistrza Yody.<\/p>\n<h2>Spin Master Star Wars Yoda M\u00f3wi\u0105ca Figurka Po Angielsku Spin Master<\/h2>\n<p>przys\u0142owia o rodzinie, liwia imi\u0119, g\u0142upie zagadki, mini zoo \u015bl\u0105sk, gda\u0144sk atrakcje dla m\u0142odzie\u017cy, kolorowanki zwierz\u0119ta, kolorowanka kotka, pisanie po \u015bladzie do druku pdf, buziak gify na dobranoc smieszne, nauka zegara do druku pdf, pytania wielkanocne, \u015bmieszne kanapki kanapki dla dzieci, maska psi patrol do druku, darmowe bajki dla dzieci<\/p>\n<p>yyyyy<\/p>\n<p>&nbsp;<\/p>\n","protected":false},"excerpt":{"rendered":"<p>M\u00f3wi\u0105ca, interaktywna figurka Wielkiego Mistrza Yody. Po naci\u015bni\u0119ciu przycisku figurki, uruchamiamy modu\u0142 g\u0142osowy uzupe\u0142niony o wiele kultowych fraz z film\u00f3w. W pe\u0142ni zmotoryzowane popiersie porusza oczami, brwiami oraz ustami Mistrza Yody. Spin Master Star Wars Yoda M\u00f3wi\u0105ca Figurka Po Angielsku Spin Master przys\u0142owia o rodzinie, liwia imi\u0119, g\u0142upie zagadki, mini zoo \u015bl\u0105sk, gda\u0144sk atrakcje dla [&hellip;]<\/p>\n","protected":false},"featured_media":6893,"comment_status":"closed","ping_status":"open","template":"","meta":[],"product_cat":[97,94],"product_tag":[772,837,707,730,739],"class_list":["post-6892","product","type-product","status-publish","has-post-thumbnail","hentry","product_cat-figurki-kolekcjonerskie","product_cat-spin-master","product_tag-45-panstw-europy-i-ich-stolice-quiz","product_tag-cicha-noc-po-angielsku","product_tag-karty-pracy-dla-dzieci-z-ukrainy","product_tag-karyna","product_tag-prima-aprilis-w-szkole"],"_links":{"self":[{"href":"http:\/\/klubmamgdynia.pl\/index.php\/wp-json\/wp\/v2\/product\/6892","targetHints":{"allow":["GET"]}}],"collection":[{"href":"http:\/\/klubmamgdynia.pl\/index.php\/wp-json\/wp\/v2\/product"}],"about":[{"href":"http:\/\/klubmamgdynia.pl\/index.php\/wp-json\/wp\/v2\/types\/product"}],"replies":[{"embeddable":true,"href":"http:\/\/klubmamgdynia.pl\/index.php\/wp-json\/wp\/v2\/comments?post=6892"}],"wp:featuredmedia":[{"embeddable":true,"href":"http:\/\/klubmamgdynia.pl\/index.php\/wp-json\/wp\/v2\/media\/6893"}],"wp:attachment":[{"href":"http:\/\/klubmamgdynia.pl\/index.php\/wp-json\/wp\/v2\/media?parent=6892"}],"wp:term":[{"taxonomy":"product_cat","embeddable":true,"href":"http:\/\/klubmamgdynia.pl\/index.php\/wp-json\/wp\/v2\/product_cat?post=6892"},{"taxonomy":"product_tag","embeddable":true,"href":"http:\/\/klubmamgdynia.pl\/index.php\/wp-json\/wp\/v2\/product_tag?post=6892"}],"curies":[{"name":"wp","href":"https:\/\/api.w.org\/{rel}","templated":true}]}}