{"id":6894,"date":"2012-04-30T04:21:07","date_gmt":"2012-04-30T02:21:07","guid":{"rendered":"http:\/\/klubmamgdynia.pl\/index.php\/produkt\/fotelik-samochodowy-4baby-aspen-xix-graphite-9-36kg\/"},"modified":"2026-04-06T11:02:17","modified_gmt":"2026-04-06T09:02:17","slug":"fotelik-samochodowy-4baby-aspen-xix-graphite-9-36kg","status":"publish","type":"product","link":"http:\/\/klubmamgdynia.pl\/index.php\/produkt\/fotelik-samochodowy-4baby-aspen-xix-graphite-9-36kg\/","title":{"rendered":"Fotelik samochodowy 4Baby Aspen Xix Graphite 9-36Kg"},"content":{"rendered":"<p>Fotelik ASPENpolskiej firmy 4BABY to wygodny, lekki fotelik mocowany pasami przodem do kierunku jazdy dla dzieci o wadze od 9 do 36 kg. Posiada ergonomiczne pod\u0142okietniki oraz mi\u0142\u0105 w dotyku tapicerk\u0119 z wytrzyma\u0142ego materia\u0142u, kt\u00f3r\u0105 mo\u017cna zdj\u0105\u0107 i upra\u0107.Fotelik pos\u0142u\u017cy dziecku przez d\u0142ugi czas (od oko\u0142o 9 miesi\u0105ca \u017cycia do oko\u0142o 12 lat).Nowa Kolekcja 2019 XIX Nowa kolorystykaMonta\u017c fotelika jest bardzo \u0142atwy i szybki. Aspen pasuje do wszystkich samochod\u00f3w posiadaj\u0105cych 3 punktowe pasy samochodowe. Fotelik montuje si\u0119 przodem do kierunku jazdy. W pierwszym etapie dziecko zabezpiecza si\u0119 pi\u0119ciopunktowymi pasami z mo\u017cliwo\u015bci\u0105 regulacji ich wysoko\u015bci. W p\u00f3\u017aniejszym okresie demontuje si\u0119 dodatkowe pasy, a dziecko zapina si\u0119 trzypunktowymi pasami samochodowymi.Szerokie siedzisko z regulowanym zag\u0142\u00f3wkiem, pod\u0142okietniki i wk\u0142adka redukcyjna gwarantuj\u0105 dziecku komfort podczas jazdy.OPIS PRODUKTU:Montowany przodem do kierunku jazdy Tapicerka zdejmowana do prania pozwoli utrzyma\u0107 fotelik w czysto\u015bci Materia\u0142 typu LEN NOWO\u015a\u0106Gwarancja: 24 miesi\u0105ce (door-to-door) &#8211; oznacza to, \u017ce firma 4Baby w przypadku reklamacji przysy\u0142a kuriera, kt\u00f3ry odbiera od Ciebie przesy\u0142k\u0119 Solidna konstrukcja wykonana z najwy\u017cszej jako\u015bci tworzywa Mocowanie fotelika pasami fotela samochodu Wysoki poziom zabezpieczenia od uderze\u0144 bocznych Wk\u0142adka redukcyjna dla mniejszych dzieci Regulacja wysoko\u015bci zag\u0142\u00f3wka Skierowany dla dzieci o wadze 9-36kg (grupa I, II, III) Ergonomiczne pod\u0142okietniki dla wi\u0119kszego komfortu dziecka Mi\u0119kkie, szerokie siedzisko gwarantuje wygod\u0119 podczas jazdy Szybki, prosty i bezpieczny monta\u017c za pomoc\u0105 trzypunktowych pas\u00f3w samochodowych Mi\u0119kka, trwa\u0142a tapicerka zapewni pe\u0142n\u0105 wygod\u0119 podczas jazdy Pi\u0119ciopunktowe pasy bezpiecze\u0144stwa z regulacj\u0105 wysoko\u015bciDANE TECHNICZNE:5-cio punktowe pasy bezpiecze\u0144stwa z regulacj\u0105 wysoko\u015bci Wymiary (szeroko\u015b\u0107 \/ wysoko\u015b\u0107 \/ g\u0142\u0119boko\u015b\u0107 cm): Siedzisko: 33\/38\/61 cm Zewn\u0119trzne: 49\/50\/66 cm Waga: 5.50 kg Gwarancja 24 m-ce Grupa: 1-3 (9-36 kg) Certyfikat: ECE 44\/04 Monta\u017c w samochodzie: przodem do kierunku jazdy<\/p>\n<h2>Fotelik samochodowy 4Baby Aspen Xix Graphite 9-36Kg 4Baby<\/h2>\n<p>test z lektury miko\u0142ajek do druku, zagadki podchwytliwe, asiunia test, g\u0142upie zagadki, jednorozec z dyni, imi\u0119 mira, maska kota, znaki drogowe do druku, cytaty o nauczycielach, quizy dla dzieci 10 lat, pole dyniowe pozna\u0144, piesek kolorowanka, pozytywne cytaty mama cytaty<\/p>\n<p>yyyyy<\/p>\n<p>&nbsp;<\/p>\n","protected":false},"excerpt":{"rendered":"<p>Fotelik ASPENpolskiej firmy 4BABY to wygodny, lekki fotelik mocowany pasami przodem do kierunku jazdy dla dzieci o wadze od 9 do 36 kg. Posiada ergonomiczne pod\u0142okietniki oraz mi\u0142\u0105 w dotyku tapicerk\u0119 z wytrzyma\u0142ego materia\u0142u, kt\u00f3r\u0105 mo\u017cna zdj\u0105\u0107 i upra\u0107.Fotelik pos\u0142u\u017cy dziecku przez d\u0142ugi czas (od oko\u0142o 9 miesi\u0105ca \u017cycia do oko\u0142o 12 lat).Nowa Kolekcja 2019 [&hellip;]<\/p>\n","protected":false},"featured_media":6895,"comment_status":"closed","ping_status":"open","template":"","meta":[],"product_cat":[1507,32],"product_tag":[829,589,705,665,625,823],"class_list":["post-6894","product","type-product","status-publish","has-post-thumbnail","hentry","product_cat-4baby","product_cat-foteliki-samochodowe","product_tag-bajki-do-czytania-na-dobranoc","product_tag-prezent-dla-rocznego-dziecka","product_tag-prezent-na-roczek-dla-chlopca","product_tag-proste-zagadki","product_tag-trojmiasto-atrakcje-dla-dzieci","product_tag-zagadki-dla-dzieci-7-lat"],"_links":{"self":[{"href":"http:\/\/klubmamgdynia.pl\/index.php\/wp-json\/wp\/v2\/product\/6894","targetHints":{"allow":["GET"]}}],"collection":[{"href":"http:\/\/klubmamgdynia.pl\/index.php\/wp-json\/wp\/v2\/product"}],"about":[{"href":"http:\/\/klubmamgdynia.pl\/index.php\/wp-json\/wp\/v2\/types\/product"}],"replies":[{"embeddable":true,"href":"http:\/\/klubmamgdynia.pl\/index.php\/wp-json\/wp\/v2\/comments?post=6894"}],"wp:featuredmedia":[{"embeddable":true,"href":"http:\/\/klubmamgdynia.pl\/index.php\/wp-json\/wp\/v2\/media\/6895"}],"wp:attachment":[{"href":"http:\/\/klubmamgdynia.pl\/index.php\/wp-json\/wp\/v2\/media?parent=6894"}],"wp:term":[{"taxonomy":"product_cat","embeddable":true,"href":"http:\/\/klubmamgdynia.pl\/index.php\/wp-json\/wp\/v2\/product_cat?post=6894"},{"taxonomy":"product_tag","embeddable":true,"href":"http:\/\/klubmamgdynia.pl\/index.php\/wp-json\/wp\/v2\/product_tag?post=6894"}],"curies":[{"name":"wp","href":"https:\/\/api.w.org\/{rel}","templated":true}]}}