{"id":6896,"date":"2017-06-11T10:01:31","date_gmt":"2017-06-11T08:01:31","guid":{"rendered":"http:\/\/klubmamgdynia.pl\/index.php\/produkt\/4baby-hustawka-swing-grey\/"},"modified":"2026-04-03T20:15:26","modified_gmt":"2026-04-03T18:15:26","slug":"4baby-hustawka-swing-grey","status":"publish","type":"product","link":"http:\/\/klubmamgdynia.pl\/index.php\/produkt\/4baby-hustawka-swing-grey\/","title":{"rendered":"4Baby Hu\u015btawka Swing Grey"},"content":{"rendered":"<p>Swing to elektroniczna hu\u015btawka, kt\u00f3ra stymuluje rozw\u00f3j dziecka i pozwala rodzicom na chwil\u0119 odpoczynku. Posiada 5 pr\u0119dko\u015bci ko\u0142ysania o cichym wahad\u0142owym ruchu, 12 wbudowanych melodii o regulowanym poziomie g\u0142o\u015bno\u015bci i timer a\u017c do 30 minut. W zestawie znajduje si\u0119 kabel zasilaj\u0105cy USB, istnieje r\u00f3wnie\u017c mo\u017cliwo\u015b\u0107 u\u017cycia bujaczka za pomoc\u0105 baterii.CHARAKTERYSTYKA PRODUKTU:\u2022 Przeznaczona dla dzieci do 6 miesi\u0105ca \u017cycia i wadze 9kg\u2022Wytrzyma\u0142a, lekka konstrukcja z aluminium\u2022 Zasilana bateriami 4xAAA\u2022 Kabel USB w zestawie o d\u0142ugo\u015bci 1,5 m\u2022 5-cio punktowe pasy bezpiecze\u0144stwa\u2022 3 stopniowa regulacja pas\u00f3w\u2022 Os\u0142ona pasa krokowego\u2022 4 antypo\u015blizgowe stopki\u2022 Blokada bujania\u2022 Wgrana koj\u0105ca muzyka\u2022 Timer 8-15-30 minut\u2022 5 pr\u0119dko\u015bci bujania\u2022 Odpinany pa\u0142\u0105k\u2022 2 odpinane maskotki\u2022 Odpinana poduszka\u2022 Pluszowa mi\u0142a w dotyku tapicerka\u2022 Kolory: Camel, Graphite, Grey\u2022 Zgodne z norm\u0105 EN 16232:2013+A1:2018Dane Techniczne :Waga : 3,2kgWymiary siedziska (d\u0142\/szer): 80cmx40cmWymiary hu\u015btawki:- roz\u0142o\u017conej (d\u0142\/szer\/wys): 55cmx62cmx72,5cm- z\u0142o\u017conej (d\u0142\/szer\/wys): 13cmx62cmx78cm<\/p>\n<h2>4Baby Hu\u015btawka Swing Grey 4Baby<\/h2>\n<p>cytaty o przyja\u017ani kr\u00f3tkie, wy\u015bcig but\u00f3w, super zings kolorowanki, imi\u0119 alan, test z opowie\u015bci z narnii lew czarownica i stara szafa, zagadki trudne, marcel imi\u0119, kolorowanki lato, cytaty na dzien dziecka, test z lektury kajko i kokosz szko\u0142a latania<\/p>\n<p>yyyyy<\/p>\n<p>&nbsp;<\/p>\n","protected":false},"excerpt":{"rendered":"<p>Swing to elektroniczna hu\u015btawka, kt\u00f3ra stymuluje rozw\u00f3j dziecka i pozwala rodzicom na chwil\u0119 odpoczynku. Posiada 5 pr\u0119dko\u015bci ko\u0142ysania o cichym wahad\u0142owym ruchu, 12 wbudowanych melodii o regulowanym poziomie g\u0142o\u015bno\u015bci i timer a\u017c do 30 minut. W zestawie znajduje si\u0119 kabel zasilaj\u0105cy USB, istnieje r\u00f3wnie\u017c mo\u017cliwo\u015b\u0107 u\u017cycia bujaczka za pomoc\u0105 baterii.CHARAKTERYSTYKA PRODUKTU:\u2022 Przeznaczona dla dzieci do [&hellip;]<\/p>\n","protected":false},"featured_media":6897,"comment_status":"closed","ping_status":"open","template":"","meta":[],"product_cat":[1507,1156],"product_tag":[699,723,690,842,759],"class_list":["post-6896","product","type-product","status-publish","has-post-thumbnail","hentry","product_cat-4baby","product_cat-lezaczki-bujaki-i-hustawki-niemowlece","product_tag-kolorowanki-do-druku-dla-dziewczyn","product_tag-krotkie-bajki-do-czytania-na-dobranoc","product_tag-pieski-male-dwa-tekst","product_tag-plac-zabaw-poznan","product_tag-pomysly-na-prezent-dla-nastolatkow"],"_links":{"self":[{"href":"http:\/\/klubmamgdynia.pl\/index.php\/wp-json\/wp\/v2\/product\/6896","targetHints":{"allow":["GET"]}}],"collection":[{"href":"http:\/\/klubmamgdynia.pl\/index.php\/wp-json\/wp\/v2\/product"}],"about":[{"href":"http:\/\/klubmamgdynia.pl\/index.php\/wp-json\/wp\/v2\/types\/product"}],"replies":[{"embeddable":true,"href":"http:\/\/klubmamgdynia.pl\/index.php\/wp-json\/wp\/v2\/comments?post=6896"}],"wp:featuredmedia":[{"embeddable":true,"href":"http:\/\/klubmamgdynia.pl\/index.php\/wp-json\/wp\/v2\/media\/6897"}],"wp:attachment":[{"href":"http:\/\/klubmamgdynia.pl\/index.php\/wp-json\/wp\/v2\/media?parent=6896"}],"wp:term":[{"taxonomy":"product_cat","embeddable":true,"href":"http:\/\/klubmamgdynia.pl\/index.php\/wp-json\/wp\/v2\/product_cat?post=6896"},{"taxonomy":"product_tag","embeddable":true,"href":"http:\/\/klubmamgdynia.pl\/index.php\/wp-json\/wp\/v2\/product_tag?post=6896"}],"curies":[{"name":"wp","href":"https:\/\/api.w.org\/{rel}","templated":true}]}}