{"id":6898,"date":"2022-03-01T23:56:23","date_gmt":"2022-03-01T22:56:23","guid":{"rendered":"http:\/\/klubmamgdynia.pl\/index.php\/produkt\/velleman-grot-bitc50n1\/"},"modified":"2026-04-06T03:28:23","modified_gmt":"2026-04-06T01:28:23","slug":"velleman-grot-bitc50n1","status":"publish","type":"product","link":"http:\/\/klubmamgdynia.pl\/index.php\/produkt\/velleman-grot-bitc50n1\/","title":{"rendered":"Velleman Grot BITC50N1"},"content":{"rendered":"<p>Grot; sto\u017cek; 0,5mm; do stacji lutowniczej; VEL-VTSSC50N<\/p>\n<h2>Velleman Grot BITC50N1 Velleman<\/h2>\n<p>asiunia test z lektury, prezent dla nastolatk\u00f3w, mitologia grecka quiz, kwiaty polne nazwy i zdj\u0119cia, zaj\u0105czek z jajka ugotowanego, daria imie, adriana imi\u0119, cytaty o przyja\u017ani kr\u00f3tkie, filmy animowane o \u015bwi\u0119tach, rysunki dla pocz\u0105tkuj\u0105cych, kolorowanka spiderman, rysowanki, \u015bmigus dyngus lany poniedzia\u0142ek zyczenia, plan lekcji do druku, ma\u0142y ksi\u0105\u017ce cytaty o przyja\u017ani, kartki na dobranoc dla przyjaci\u00f3\u0142, zagadki wiosna<\/p>\n<p>yyyyy<\/p>\n<p>&nbsp;<\/p>\n","protected":false},"excerpt":{"rendered":"<p>Grot; sto\u017cek; 0,5mm; do stacji lutowniczej; VEL-VTSSC50N Velleman Grot BITC50N1 Velleman asiunia test z lektury, prezent dla nastolatk\u00f3w, mitologia grecka quiz, kwiaty polne nazwy i zdj\u0119cia, zaj\u0105czek z jajka ugotowanego, daria imie, adriana imi\u0119, cytaty o przyja\u017ani kr\u00f3tkie, filmy animowane o \u015bwi\u0119tach, rysunki dla pocz\u0105tkuj\u0105cych, kolorowanka spiderman, rysowanki, \u015bmigus dyngus lany poniedzia\u0142ek zyczenia, plan lekcji [&hellip;]<\/p>\n","protected":false},"featured_media":6899,"comment_status":"closed","ping_status":"open","template":"","meta":[],"product_cat":[1510,1508],"product_tag":[827,783,602,809],"class_list":["post-6898","product","type-product","status-publish","has-post-thumbnail","hentry","product_cat-akcesoria-do-spawania-i-lutowania","product_cat-velleman","product_tag-bajki-dla-niemowlat","product_tag-prezenty-na-roczek-dla-chlopca","product_tag-quiz-o-zwierzetach-domowych","product_tag-zagadki"],"_links":{"self":[{"href":"http:\/\/klubmamgdynia.pl\/index.php\/wp-json\/wp\/v2\/product\/6898","targetHints":{"allow":["GET"]}}],"collection":[{"href":"http:\/\/klubmamgdynia.pl\/index.php\/wp-json\/wp\/v2\/product"}],"about":[{"href":"http:\/\/klubmamgdynia.pl\/index.php\/wp-json\/wp\/v2\/types\/product"}],"replies":[{"embeddable":true,"href":"http:\/\/klubmamgdynia.pl\/index.php\/wp-json\/wp\/v2\/comments?post=6898"}],"wp:featuredmedia":[{"embeddable":true,"href":"http:\/\/klubmamgdynia.pl\/index.php\/wp-json\/wp\/v2\/media\/6899"}],"wp:attachment":[{"href":"http:\/\/klubmamgdynia.pl\/index.php\/wp-json\/wp\/v2\/media?parent=6898"}],"wp:term":[{"taxonomy":"product_cat","embeddable":true,"href":"http:\/\/klubmamgdynia.pl\/index.php\/wp-json\/wp\/v2\/product_cat?post=6898"},{"taxonomy":"product_tag","embeddable":true,"href":"http:\/\/klubmamgdynia.pl\/index.php\/wp-json\/wp\/v2\/product_tag?post=6898"}],"curies":[{"name":"wp","href":"https:\/\/api.w.org\/{rel}","templated":true}]}}