{"id":690,"date":"2014-02-17T19:03:46","date_gmt":"2014-02-17T18:03:46","guid":{"rendered":"http:\/\/klubmamgdynia.pl\/index.php\/produkt\/trefl-puzzle-100el-druzyna-autobotow-16315\/"},"modified":"2026-04-05T20:20:17","modified_gmt":"2026-04-05T18:20:17","slug":"trefl-puzzle-100el-druzyna-autobotow-16315","status":"publish","type":"product","link":"http:\/\/klubmamgdynia.pl\/index.php\/produkt\/trefl-puzzle-100el-druzyna-autobotow-16315\/","title":{"rendered":"Trefl Puzzle 100el. Dru\u017cyna Autobot\u00f3w 16315"},"content":{"rendered":"<p>Trefl Puzzle 100el. Dru\u017cyna Autobot\u00f3w 16315Puzzle 100 element\u00f3w z bohaterkami filmu animowanego &#8222;Transformers&#8221;. Po u\u0142o\u017ceniu powstanie obrazek o wymiarach 41&#215;27,8 cm. Wysok\u0105 jako\u015b\u0107, nasycenie kolor\u00f3w i bezpiecze\u0144stwo uk\u0142adania zapewnia kalandrowany papier odbijaj\u0105cy \u015bwiat\u0142o i wykorzystanie materia\u0142\u00f3w ekologicznych.                            <\/p>\n<p>                    Sprawd\u017a inne puzzle Trefl:<\/p>\n<p>            Trefl Puzzle 4W1 Jak Wytresowa\u0107 Smoka 34341<\/p>\n<p>                        od<br \/>\n                            22,90<br \/>\n                            z\u0142<\/p>\n<p>                    Zobacz<\/p>\n<p>            Trefl Puzzle 24el. Masza i Nied\u017awied\u017a 14301<\/p>\n<p>                        od<br \/>\n                            16,90<br \/>\n                            z\u0142<\/p>\n<p>                    Zobacz<\/p>\n<p>            Trefl Puzzle 4W1 Weso\u0142e Pieski 34394<\/p>\n<p>                        od<br \/>\n                            17,68<br \/>\n                            z\u0142<\/p>\n<p>                    Zobacz<\/p>\n<p>            Trefl Puzzle 24el. Disney Kraina Lodu W \u015awietle Gwiazd 14265<\/p>\n<p>                        od<br \/>\n                            13,99<br \/>\n                            z\u0142<\/p>\n<p>                    Zobacz<\/p>\n<p>            Trefl Puzzle 24el. \u015awinka Peppa Na Wakacjach 14293<\/p>\n<p>                        od<br \/>\n                            16,85<br \/>\n                            z\u0142<\/p>\n<p>                    Zobacz<\/p>\n<p>            Trefl Puzzle 160el. Scooby Doo w Akcji 15397<\/p>\n<p>                        od<br \/>\n                            12,59<br \/>\n                            z\u0142<\/p>\n<p>                    Zobacz<\/p>\n<p>            Trefl Puzzle 4W1 Przygody Kr\u00f3la Lwa 34605<\/p>\n<p>                        od<br \/>\n                            23,99<br \/>\n                            z\u0142<\/p>\n<p>                    Zobacz<\/p>\n<p>            Trefl Uk\u0142adanka Puzzlopianka Disney Kraina Lodu 2 61137<\/p>\n<p>                        od<br \/>\n                            42,00<br \/>\n                            z\u0142<\/p>\n<p>                    Zobacz<\/p>\n<p>            Trefl Puzzle 100el. Magia \u015awi\u0105t Myszka Miki 16365<\/p>\n<p>                        od<br \/>\n                            16,37<br \/>\n                            z\u0142<\/p>\n<p>                    Zobacz<\/p>\n<p>            Trefl Puzzle 4W1 Le\u015bne Przygody Maszy 34388<\/p>\n<p>                        od<br \/>\n                            18,48<br \/>\n                            z\u0142<\/p>\n<p>                    Zobacz<\/p>\n<p>            Trefl Puzzle 24el. Bohaterska Skye 14307<\/p>\n<p>                        od<br \/>\n                            18,14<br \/>\n                            z\u0142<\/p>\n<p>                    Zobacz<\/p>\n<p>            Trefl Puzzle 4W1 Super Zings Bohaterowie Serii 4 34343<\/p>\n<p>                        od<br \/>\n                            14,95<br \/>\n                            z\u0142<\/p>\n<p>                    Zobacz<\/p>\n<p>            Trefl Puzzle Mini Maxi 20el. Kicia Kocia Bawi Si\u0119 Klockami 21110<\/p>\n<p>                        od<br \/>\n                            3,39<br \/>\n                            z\u0142<\/p>\n<p>                    Zobacz<\/p>\n<p>            Trefl Puzzle 60el. Sooby-Doo Nurkowanie 17287<\/p>\n<p>                        od<br \/>\n                            12,50<br \/>\n                            z\u0142<\/p>\n<p>                    Zobacz<\/p>\n<p>            Trefl Puzzle 15el. Magic Decor Barbie 14604<\/p>\n<p>                        od<br \/>\n                            26,40<br \/>\n                            z\u0142<\/p>\n<p>                    Zobacz<\/p>\n<p>            Trefl Puzzle 30el. Pis Patrol Ryder I Przyjaciele 18239<\/p>\n<p>                        od<br \/>\n                            9,99<br \/>\n                            z\u0142<\/p>\n<p>                    Zobacz<\/p>\n<p>            Trefl Uk\u0142adanka Puzzlopianka Bing 61454<\/p>\n<p>                        od<br \/>\n                            39,99<br \/>\n                            z\u0142<\/p>\n<p>                    Zobacz<\/p>\n<p>            Trefl Puzzle miniMaxi 20el. Beztroski dzie\u0144 Peppy 1 11245<\/p>\n<p>                        od<br \/>\n                            3,97<br \/>\n                            z\u0142<\/p>\n<p>                    Zobacz<\/p>\n<p>            Trefl Puzzle 24el. Disney Kubu\u015b Puchatek Przyjaciele Kubusia 14137<\/p>\n<p>                        od<br \/>\n                            20,97<br \/>\n                            z\u0142<\/p>\n<p>                    Zobacz<\/p>\n<p>            Trefl Puzzle 4W1 Psi Patrol w mie\u015bcie 34374<\/p>\n<p>                        od<br \/>\n                            17,75<br \/>\n                            z\u0142<\/p>\n<p>                    Zobacz<\/p>\n<p>            Trefl Puzzle 100el. Super Zings Bohaterowie Kontra Z\u0142oczy\u0144cy 16397<\/p>\n<p>                        od<br \/>\n                            12,99<br \/>\n                            z\u0142<\/p>\n<p>                    Zobacz<\/p>\n<p>            Trefl Puzzle 30el. By\u0107 Ksi\u0119\u017cniczk\u0105 Disney Princess 18267<\/p>\n<p>                        od<br \/>\n                            9,05<br \/>\n                            z\u0142<\/p>\n<p>                    Zobacz<\/p>\n<p>            Trefl Puzzle 4W1 Myszka Miki Zabawy W Parku 34261<\/p>\n<p>                        od<br \/>\n                            17,36<br \/>\n                            z\u0142<\/p>\n<p>                    Zobacz<\/p>\n<p>            Trefl Puzzle 30el. Super Zings 18271<\/p>\n<p>                        od<br \/>\n                            5,38<br \/>\n                            z\u0142<\/p>\n<p>                    Zobacz<\/p>\n<p>            Trefl Puzzle 10W1 Na Patrolu Psi Patrol 90391<\/p>\n<p>                        od<br \/>\n                            25,64<br \/>\n                            z\u0142<\/p>\n<p>                    Zobacz<\/p>\n<p>            Trefl Puzzle 100el. Disney Kr\u00f3l Lew Przygody Simby 16359<\/p>\n<p>                        od<br \/>\n                            22,99<br \/>\n                            z\u0142<\/p>\n<p>                    Zobacz<\/p>\n<p>            Trefl Puzzle 54el. Przed Wy\u015bcigiem 2 19541<\/p>\n<p>                        od<br \/>\n                            2,30<br \/>\n                            z\u0142<\/p>\n<p>                    Zobacz<\/p>\n<p>            Trefl Puzzle 100el. Niesamowity Buzz Astral 16433<\/p>\n<p>                        od<br \/>\n                            11,25<br \/>\n                            z\u0142<\/p>\n<p>                    Zobacz<\/p>\n<p>            Trefl Puzzle 20el. Psi Patrol 21068<\/p>\n<p>                        od<br \/>\n                            4,44<br \/>\n                            z\u0142<\/p>\n<p>                    Zobacz<\/p>\n<p>            Trefl Puzzle 4W1 Weso\u0142a Ekipa Psiego Patrolu 34346<\/p>\n<p>                        od<br \/>\n                            18,86<br \/>\n                            z\u0142<\/p>\n<p>                    Zobacz<\/p>\n<h2>Trefl Puzzle 100el. Dru\u017cyna Autobot\u00f3w 16315 Trefl<\/h2>\n<p>ka\u0142u\u017cy\u015bci, niezapomniany prezent na roczek, podchwytliwe zagadki i odpowiedzi, kolorowanka lato, piosenka na dzie\u0144 mamy tekst, test z lektury opowie\u015bci z narnii lew czarownica i stara szafa z odpowiedziami, gry i zabawy dla dzieci, konkurs dla dzieci, bajki dla dzieci na dobranoc<\/p>\n<p>yyyyy<\/p>\n<p>&nbsp;<\/p>\n","protected":false},"excerpt":{"rendered":"<p>Trefl Puzzle 100el. Dru\u017cyna Autobot\u00f3w 16315Puzzle 100 element\u00f3w z bohaterkami filmu animowanego &#8222;Transformers&#8221;. Po u\u0142o\u017ceniu powstanie obrazek o wymiarach 41&#215;27,8 cm. Wysok\u0105 jako\u015b\u0107, nasycenie kolor\u00f3w i bezpiecze\u0144stwo uk\u0142adania zapewnia kalandrowany papier odbijaj\u0105cy \u015bwiat\u0142o i wykorzystanie materia\u0142\u00f3w ekologicznych. Sprawd\u017a inne puzzle Trefl: Trefl Puzzle 4W1 Jak Wytresowa\u0107 Smoka 34341 od 22,90 z\u0142 Zobacz Trefl Puzzle 24el. [&hellip;]<\/p>\n","protected":false},"featured_media":691,"comment_status":"closed","ping_status":"open","template":"","meta":[],"product_cat":[90,104],"product_tag":[802,648,852,683,797],"class_list":["post-690","product","type-product","status-publish","has-post-thumbnail","hentry","product_cat-puzzle","product_cat-trefl","product_tag-co-kupic-dziewczynce-na-roczek","product_tag-dobrej-nocy-i-sza","product_tag-jak-zrobic-samolot-z-papieru","product_tag-karaluchy-pod-poduchy","product_tag-kiekrz"],"_links":{"self":[{"href":"http:\/\/klubmamgdynia.pl\/index.php\/wp-json\/wp\/v2\/product\/690","targetHints":{"allow":["GET"]}}],"collection":[{"href":"http:\/\/klubmamgdynia.pl\/index.php\/wp-json\/wp\/v2\/product"}],"about":[{"href":"http:\/\/klubmamgdynia.pl\/index.php\/wp-json\/wp\/v2\/types\/product"}],"replies":[{"embeddable":true,"href":"http:\/\/klubmamgdynia.pl\/index.php\/wp-json\/wp\/v2\/comments?post=690"}],"wp:featuredmedia":[{"embeddable":true,"href":"http:\/\/klubmamgdynia.pl\/index.php\/wp-json\/wp\/v2\/media\/691"}],"wp:attachment":[{"href":"http:\/\/klubmamgdynia.pl\/index.php\/wp-json\/wp\/v2\/media?parent=690"}],"wp:term":[{"taxonomy":"product_cat","embeddable":true,"href":"http:\/\/klubmamgdynia.pl\/index.php\/wp-json\/wp\/v2\/product_cat?post=690"},{"taxonomy":"product_tag","embeddable":true,"href":"http:\/\/klubmamgdynia.pl\/index.php\/wp-json\/wp\/v2\/product_tag?post=690"}],"curies":[{"name":"wp","href":"https:\/\/api.w.org\/{rel}","templated":true}]}}