{"id":6900,"date":"2013-03-18T18:20:52","date_gmt":"2013-03-18T17:20:52","guid":{"rendered":"http:\/\/klubmamgdynia.pl\/index.php\/produkt\/velleman-grot-zapasowy-do-vtsc30dp-vtstc30-stc30-vtsg130-bitc30dp\/"},"modified":"2026-05-17T23:16:39","modified_gmt":"2026-05-17T21:16:39","slug":"velleman-grot-zapasowy-do-vtsc30dp-vtstc30-stc30-vtsg130-bitc30dp","status":"publish","type":"product","link":"http:\/\/klubmamgdynia.pl\/index.php\/produkt\/velleman-grot-zapasowy-do-vtsc30dp-vtstc30-stc30-vtsg130-bitc30dp\/","title":{"rendered":"Velleman Grot Zapasowy Do Vtsc30Dp\/Vtstc30\/Stc30\/Vtsg130 BITC30DP"},"content":{"rendered":"<p>GROT ZAPASOWY DO VTSC30DP\/VTSTC30\/STC30\/VTSG130<\/p>\n<h2>Velleman Grot Zapasowy Do Vtsc30Dp\/Vtstc30\/Stc30\/Vtsg130 BITC30DP Velleman<\/h2>\n<p>bajka psi patrol do czytania, zagadki dla 8 latka, zagadki typu co to jest, o b\u0142\u0119dne dyktando, kolorowanki do druku, halloween dla dzieci warszawa, zabawy na bal karnawa\u0142owy w przedszkolu, zagadki dla dzieci do druku, prezent dla nastolatk\u00f3w 2021, dzie\u0144 nauczyciela teksty, bursztynek bursztynek, kolorowanka pikachu, cytaty dla mamy, cookie dough przepis, bajki dla noworodka, walentynka kolorowanka, \u0142atwe laurki, peppa do czytania<\/p>\n<p>yyyyy<\/p>\n<p>&nbsp;<\/p>\n","protected":false},"excerpt":{"rendered":"<p>GROT ZAPASOWY DO VTSC30DP\/VTSTC30\/STC30\/VTSG130 Velleman Grot Zapasowy Do Vtsc30Dp\/Vtstc30\/Stc30\/Vtsg130 BITC30DP Velleman bajka psi patrol do czytania, zagadki dla 8 latka, zagadki typu co to jest, o b\u0142\u0119dne dyktando, kolorowanki do druku, halloween dla dzieci warszawa, zabawy na bal karnawa\u0142owy w przedszkolu, zagadki dla dzieci do druku, prezent dla nastolatk\u00f3w 2021, dzie\u0144 nauczyciela teksty, bursztynek bursztynek, [&hellip;]<\/p>\n","protected":false},"featured_media":6901,"comment_status":"closed","ping_status":"open","template":"","meta":[],"product_cat":[1510,1508],"product_tag":[761,642,868],"class_list":["post-6900","product","type-product","status-publish","has-post-thumbnail","hentry","product_cat-akcesoria-do-spawania-i-lutowania","product_cat-velleman","product_tag-choinko-piekna-jak-las-tekst","product_tag-mia-imie","product_tag-quizy-dla-dzieci"],"_links":{"self":[{"href":"http:\/\/klubmamgdynia.pl\/index.php\/wp-json\/wp\/v2\/product\/6900","targetHints":{"allow":["GET"]}}],"collection":[{"href":"http:\/\/klubmamgdynia.pl\/index.php\/wp-json\/wp\/v2\/product"}],"about":[{"href":"http:\/\/klubmamgdynia.pl\/index.php\/wp-json\/wp\/v2\/types\/product"}],"replies":[{"embeddable":true,"href":"http:\/\/klubmamgdynia.pl\/index.php\/wp-json\/wp\/v2\/comments?post=6900"}],"wp:featuredmedia":[{"embeddable":true,"href":"http:\/\/klubmamgdynia.pl\/index.php\/wp-json\/wp\/v2\/media\/6901"}],"wp:attachment":[{"href":"http:\/\/klubmamgdynia.pl\/index.php\/wp-json\/wp\/v2\/media?parent=6900"}],"wp:term":[{"taxonomy":"product_cat","embeddable":true,"href":"http:\/\/klubmamgdynia.pl\/index.php\/wp-json\/wp\/v2\/product_cat?post=6900"},{"taxonomy":"product_tag","embeddable":true,"href":"http:\/\/klubmamgdynia.pl\/index.php\/wp-json\/wp\/v2\/product_tag?post=6900"}],"curies":[{"name":"wp","href":"https:\/\/api.w.org\/{rel}","templated":true}]}}