{"id":6902,"date":"2013-10-31T13:29:35","date_gmt":"2013-10-31T12:29:35","guid":{"rendered":"http:\/\/klubmamgdynia.pl\/index.php\/produkt\/kinderkraft-lozeczko-turystyczne-4w1-sofi-plus-czarne\/"},"modified":"2026-04-04T14:44:06","modified_gmt":"2026-04-04T12:44:06","slug":"kinderkraft-lozeczko-turystyczne-4w1-sofi-plus-czarne","status":"publish","type":"product","link":"http:\/\/klubmamgdynia.pl\/index.php\/produkt\/kinderkraft-lozeczko-turystyczne-4w1-sofi-plus-czarne\/","title":{"rendered":"Kinderkraft \u0141\u00f3\u017ceczko turystyczne 4w1 SOFI PLUS czarne"},"content":{"rendered":"<h2>Kinderkraft \u0141\u00f3\u017ceczko turystyczne 4w1 SOFI PLUS czarne Kinderkraft<\/h2>\n<p>m\u0105dre cytaty dla dzieci, flagi pa\u0144stw quiz, ninjago kolorowanka, madre zyczenia bozonarodzeniowe, janusz, tymoteusz znaczenie imienia, quiz o hobbicie, rymowanki o pisankach, zagadki dla rodziny, maska iron man, zemsta quizy, imi\u0119 mia, doros\u0142ych kolorowanki dziewczyny, mi\u015b z filmu animowanego, proste dekoracje \u015bwi\u0105teczne dla dzieci, atrakcje we wroc\u0142awiu dla dzieci<\/p>\n<p>yyyyy<\/p>\n<p>&nbsp;<\/p>\n","protected":false},"excerpt":{"rendered":"<p>Kinderkraft \u0141\u00f3\u017ceczko turystyczne 4w1 SOFI PLUS czarne Kinderkraft m\u0105dre cytaty dla dzieci, flagi pa\u0144stw quiz, ninjago kolorowanka, madre zyczenia bozonarodzeniowe, janusz, tymoteusz znaczenie imienia, quiz o hobbicie, rymowanki o pisankach, zagadki dla rodziny, maska iron man, zemsta quizy, imi\u0119 mia, doros\u0142ych kolorowanki dziewczyny, mi\u015b z filmu animowanego, proste dekoracje \u015bwi\u0105teczne dla dzieci, atrakcje we wroc\u0142awiu [&hellip;]<\/p>\n","protected":false},"featured_media":6903,"comment_status":"closed","ping_status":"open","template":"","meta":[],"product_cat":[59,935],"product_tag":[825,673,872],"class_list":["post-6902","product","type-product","status-publish","has-post-thumbnail","hentry","product_cat-kinderkraft","product_cat-lozeczka-dzieciece","product_tag-bajka-na-dobranoc-do-czytania","product_tag-juz-blisko-koleda-tekst","product_tag-zagadki-dla-dzieci-6-lat"],"_links":{"self":[{"href":"http:\/\/klubmamgdynia.pl\/index.php\/wp-json\/wp\/v2\/product\/6902","targetHints":{"allow":["GET"]}}],"collection":[{"href":"http:\/\/klubmamgdynia.pl\/index.php\/wp-json\/wp\/v2\/product"}],"about":[{"href":"http:\/\/klubmamgdynia.pl\/index.php\/wp-json\/wp\/v2\/types\/product"}],"replies":[{"embeddable":true,"href":"http:\/\/klubmamgdynia.pl\/index.php\/wp-json\/wp\/v2\/comments?post=6902"}],"wp:featuredmedia":[{"embeddable":true,"href":"http:\/\/klubmamgdynia.pl\/index.php\/wp-json\/wp\/v2\/media\/6903"}],"wp:attachment":[{"href":"http:\/\/klubmamgdynia.pl\/index.php\/wp-json\/wp\/v2\/media?parent=6902"}],"wp:term":[{"taxonomy":"product_cat","embeddable":true,"href":"http:\/\/klubmamgdynia.pl\/index.php\/wp-json\/wp\/v2\/product_cat?post=6902"},{"taxonomy":"product_tag","embeddable":true,"href":"http:\/\/klubmamgdynia.pl\/index.php\/wp-json\/wp\/v2\/product_tag?post=6902"}],"curies":[{"name":"wp","href":"https:\/\/api.w.org\/{rel}","templated":true}]}}