{"id":6904,"date":"2018-07-31T00:42:12","date_gmt":"2018-07-30T22:42:12","guid":{"rendered":"http:\/\/klubmamgdynia.pl\/index.php\/produkt\/velleman-zasilacz-laboratoryjny-dc-maks-0-30v-0-3a-2xlcd-labps1503\/"},"modified":"2026-04-29T11:45:53","modified_gmt":"2026-04-29T09:45:53","slug":"velleman-zasilacz-laboratoryjny-dc-maks-0-30v-0-3a-2xlcd-labps1503","status":"publish","type":"product","link":"http:\/\/klubmamgdynia.pl\/index.php\/produkt\/velleman-zasilacz-laboratoryjny-dc-maks-0-30v-0-3a-2xlcd-labps1503\/","title":{"rendered":"Velleman Zasilacz Laboratoryjny Dc Maks. 0-30V 0-3A 2Xlcd Labps1503"},"content":{"rendered":"<p>Cechy<br \/>\nwy\u015bwietlacz LCD do wskazywania napi\u0119cia i pr\u0105du<br \/>\ntryb ochrony: ograniczenie nat\u0119\u017cenia pr\u0105du<br \/>\nkolor: bia\u0142o-szary<br \/>\nwtyki izolowane<br \/>\nz\u0142\u0105cza wyj\u015bciowe: IEC1010<br \/>\nochrona bezpiecznikiem<br \/>\nkolor: bia\u0142o-szary<br \/>\nSpecyfikacje<br \/>\nnapi\u0119cie wej\u015bciowe: 230 VAC 50 Hz<br \/>\nnapi\u0119cie wyj\u015bciowe: regulowane maks. 0-15 VDC<br \/>\npr\u0105d wyj\u015bciowy: regulowany maks. 0-3 A<br \/>\nsk\u0142adowa zmienna napi\u0119cia t\u0119tni\u0105cego: 1 mV<br \/>\nwymiary: 95 x 150 x 240 mm<br \/>\nwaga: 2.958 kg<br \/>\nbezpiecznik: F1<\/p>\n<h2>Velleman Zasilacz Laboratoryjny Dc Maks. 0-30V 0-3A 2Xlcd Labps1503 Velleman<\/h2>\n<p>kolorowanki na andrzejki do wydruku, trudne zagadki dla doros\u0142ych, czytanki na dobranoc, kr\u00f3tkie bajki dla dzieci, cyferki do druku, pieski, karnawa\u0142 maska karnawa\u0142owa szablon, maski do wydruku, miko\u0142ajek &#8211; test z odpowiedziami<\/p>\n<p>yyyyy<\/p>\n<p>&nbsp;<\/p>\n","protected":false},"excerpt":{"rendered":"<p>Cechy wy\u015bwietlacz LCD do wskazywania napi\u0119cia i pr\u0105du tryb ochrony: ograniczenie nat\u0119\u017cenia pr\u0105du kolor: bia\u0142o-szary wtyki izolowane z\u0142\u0105cza wyj\u015bciowe: IEC1010 ochrona bezpiecznikiem kolor: bia\u0142o-szary Specyfikacje napi\u0119cie wej\u015bciowe: 230 VAC 50 Hz napi\u0119cie wyj\u015bciowe: regulowane maks. 0-15 VDC pr\u0105d wyj\u015bciowy: regulowany maks. 0-3 A sk\u0142adowa zmienna napi\u0119cia t\u0119tni\u0105cego: 1 mV wymiary: 95 x 150 x 240 [&hellip;]<\/p>\n","protected":false},"featured_media":6905,"comment_status":"closed","ping_status":"open","template":"","meta":[],"product_cat":[1508,1511],"product_tag":[642,665,726,771,647,767,820],"class_list":["post-6904","product","type-product","status-publish","has-post-thumbnail","hentry","product_cat-velleman","product_cat-zasilacze","product_tag-mia-imie","product_tag-proste-zagadki","product_tag-quiz-zemsta","product_tag-stolice-europy-quiz","product_tag-warszawa-z-dzieckiem","product_tag-zaproszenia-urodzinowe-do-druku","product_tag-ziemia-wyspa-zielona-tekst"],"_links":{"self":[{"href":"http:\/\/klubmamgdynia.pl\/index.php\/wp-json\/wp\/v2\/product\/6904","targetHints":{"allow":["GET"]}}],"collection":[{"href":"http:\/\/klubmamgdynia.pl\/index.php\/wp-json\/wp\/v2\/product"}],"about":[{"href":"http:\/\/klubmamgdynia.pl\/index.php\/wp-json\/wp\/v2\/types\/product"}],"replies":[{"embeddable":true,"href":"http:\/\/klubmamgdynia.pl\/index.php\/wp-json\/wp\/v2\/comments?post=6904"}],"wp:featuredmedia":[{"embeddable":true,"href":"http:\/\/klubmamgdynia.pl\/index.php\/wp-json\/wp\/v2\/media\/6905"}],"wp:attachment":[{"href":"http:\/\/klubmamgdynia.pl\/index.php\/wp-json\/wp\/v2\/media?parent=6904"}],"wp:term":[{"taxonomy":"product_cat","embeddable":true,"href":"http:\/\/klubmamgdynia.pl\/index.php\/wp-json\/wp\/v2\/product_cat?post=6904"},{"taxonomy":"product_tag","embeddable":true,"href":"http:\/\/klubmamgdynia.pl\/index.php\/wp-json\/wp\/v2\/product_tag?post=6904"}],"curies":[{"name":"wp","href":"https:\/\/api.w.org\/{rel}","templated":true}]}}