{"id":6906,"date":"2024-11-19T11:26:36","date_gmt":"2024-11-19T10:26:36","guid":{"rendered":"http:\/\/klubmamgdynia.pl\/?post_type=product&#038;p=6906"},"modified":"2026-05-17T23:16:26","modified_gmt":"2026-05-17T21:16:26","slug":"kinderkraft-krzeselko-do-karmienia-sienna-rozowe","status":"publish","type":"product","link":"http:\/\/klubmamgdynia.pl\/index.php\/produkt\/kinderkraft-krzeselko-do-karmienia-sienna-rozowe\/","title":{"rendered":"Kinderkraft Krzese\u0142ko do karmienia SIENNA r\u00f3\u017cowe"},"content":{"rendered":"<h2>Kinderkraft Krzese\u0142ko do karmienia SIENNA r\u00f3\u017cowe Kinderkraft<\/h2>\n<p>zagadka matematyczna dla dzieci, prezent dla 17 latka, znaczenie imiona justyna, kolorowanki wed\u0142ug kodu do druku, zosia samosia wiersz, kwiaty polne nazwy i zdj\u0119cia, kolorowanki do druku zwierz\u0119ta<\/p>\n<p>yyyyy<\/p>\n<p>&nbsp;<\/p>\n","protected":false},"excerpt":{"rendered":"<p>Kinderkraft Krzese\u0142ko do karmienia SIENNA r\u00f3\u017cowe Kinderkraft zagadka matematyczna dla dzieci, prezent dla 17 latka, znaczenie imiona justyna, kolorowanki wed\u0142ug kodu do druku, zosia samosia wiersz, kwiaty polne nazwy i zdj\u0119cia, kolorowanki do druku zwierz\u0119ta yyyyy &nbsp;<\/p>\n","protected":false},"featured_media":6907,"comment_status":"closed","ping_status":"open","template":"","meta":[],"product_cat":[59,158],"product_tag":[706,637,786,737,701],"class_list":["post-6906","product","type-product","status-publish","has-post-thumbnail","hentry","product_cat-kinderkraft","product_cat-krzeselka-do-karmienia","product_tag-imie-kuba","product_tag-niech-zyja-wakacje-tekst","product_tag-prezent-na-1-urodziny","product_tag-test-z-lektury-felix-net-i-nika-oraz-gang-niewidzialnych-ludzi","product_tag-zgadywanki-dla-dzieci"],"_links":{"self":[{"href":"http:\/\/klubmamgdynia.pl\/index.php\/wp-json\/wp\/v2\/product\/6906","targetHints":{"allow":["GET"]}}],"collection":[{"href":"http:\/\/klubmamgdynia.pl\/index.php\/wp-json\/wp\/v2\/product"}],"about":[{"href":"http:\/\/klubmamgdynia.pl\/index.php\/wp-json\/wp\/v2\/types\/product"}],"replies":[{"embeddable":true,"href":"http:\/\/klubmamgdynia.pl\/index.php\/wp-json\/wp\/v2\/comments?post=6906"}],"wp:featuredmedia":[{"embeddable":true,"href":"http:\/\/klubmamgdynia.pl\/index.php\/wp-json\/wp\/v2\/media\/6907"}],"wp:attachment":[{"href":"http:\/\/klubmamgdynia.pl\/index.php\/wp-json\/wp\/v2\/media?parent=6906"}],"wp:term":[{"taxonomy":"product_cat","embeddable":true,"href":"http:\/\/klubmamgdynia.pl\/index.php\/wp-json\/wp\/v2\/product_cat?post=6906"},{"taxonomy":"product_tag","embeddable":true,"href":"http:\/\/klubmamgdynia.pl\/index.php\/wp-json\/wp\/v2\/product_tag?post=6906"}],"curies":[{"name":"wp","href":"https:\/\/api.w.org\/{rel}","templated":true}]}}