{"id":6908,"date":"2013-04-04T07:26:22","date_gmt":"2013-04-04T05:26:22","guid":{"rendered":"http:\/\/klubmamgdynia.pl\/index.php\/produkt\/fotelik-samochodowy-besafe-izi-turn-m-i-size-fotelik-samochodowy-obrotowy-0-18-kg-antracyt-mesh\/"},"modified":"2026-04-22T21:59:27","modified_gmt":"2026-04-22T19:59:27","slug":"fotelik-samochodowy-besafe-izi-turn-m-i-size-fotelik-samochodowy-obrotowy-0-18-kg-antracyt-mesh","status":"publish","type":"product","link":"http:\/\/klubmamgdynia.pl\/index.php\/produkt\/fotelik-samochodowy-besafe-izi-turn-m-i-size-fotelik-samochodowy-obrotowy-0-18-kg-antracyt-mesh\/","title":{"rendered":"Fotelik samochodowy BeSafe Izi Turn M i-Size Fotelik Samochodowy Obrotowy 0-18 kg Antracyt Mesh"},"content":{"rendered":"<p>BeSafe Izi Turn M i-Size Fotelik Samochodowy Obrotowy 0-18 kg Antracyt Mesh<\/p>\n<h2>Fotelik samochodowy BeSafe Izi Turn M i-Size Fotelik Samochodowy Obrotowy 0-18 kg Antracyt Mesh BeSafe<\/h2>\n<p>skye kolorowanka, jedzie poci\u0105g z daleka tekst, zagadki matematyczne dla dzieci, zagadki matematyczne dla dzieci 7 lat, zaproszenie na urodziny, narysowa\u0107 rysunki \u0142atwe, karnawa\u0142 maska karnawa\u0142owa szablon, super zings kolorowanka, dzieci z bullerbyn quiz, kolorowanki kotka, malgorzata znaczenie imienia, pisanie literek do druku, kaligrafia nauka pisania wyraz\u00f3w dla dzieci do druku pdf, co na roczek dla ch\u0142opca<\/p>\n<p>yyyyy<\/p>\n<p>&nbsp;<\/p>\n","protected":false},"excerpt":{"rendered":"<p>BeSafe Izi Turn M i-Size Fotelik Samochodowy Obrotowy 0-18 kg Antracyt Mesh Fotelik samochodowy BeSafe Izi Turn M i-Size Fotelik Samochodowy Obrotowy 0-18 kg Antracyt Mesh BeSafe skye kolorowanka, jedzie poci\u0105g z daleka tekst, zagadki matematyczne dla dzieci, zagadki matematyczne dla dzieci 7 lat, zaproszenie na urodziny, narysowa\u0107 rysunki \u0142atwe, karnawa\u0142 maska karnawa\u0142owa szablon, super [&hellip;]<\/p>\n","protected":false},"featured_media":6909,"comment_status":"closed","ping_status":"open","template":"","meta":[],"product_cat":[969,32],"product_tag":[761,705,769,840],"class_list":["post-6908","product","type-product","status-publish","has-post-thumbnail","hentry","product_cat-besafe","product_cat-foteliki-samochodowe","product_tag-choinko-piekna-jak-las-tekst","product_tag-prezent-na-roczek-dla-chlopca","product_tag-psi-patrol-do-czytania","product_tag-stare-bajki"],"_links":{"self":[{"href":"http:\/\/klubmamgdynia.pl\/index.php\/wp-json\/wp\/v2\/product\/6908","targetHints":{"allow":["GET"]}}],"collection":[{"href":"http:\/\/klubmamgdynia.pl\/index.php\/wp-json\/wp\/v2\/product"}],"about":[{"href":"http:\/\/klubmamgdynia.pl\/index.php\/wp-json\/wp\/v2\/types\/product"}],"replies":[{"embeddable":true,"href":"http:\/\/klubmamgdynia.pl\/index.php\/wp-json\/wp\/v2\/comments?post=6908"}],"wp:featuredmedia":[{"embeddable":true,"href":"http:\/\/klubmamgdynia.pl\/index.php\/wp-json\/wp\/v2\/media\/6909"}],"wp:attachment":[{"href":"http:\/\/klubmamgdynia.pl\/index.php\/wp-json\/wp\/v2\/media?parent=6908"}],"wp:term":[{"taxonomy":"product_cat","embeddable":true,"href":"http:\/\/klubmamgdynia.pl\/index.php\/wp-json\/wp\/v2\/product_cat?post=6908"},{"taxonomy":"product_tag","embeddable":true,"href":"http:\/\/klubmamgdynia.pl\/index.php\/wp-json\/wp\/v2\/product_tag?post=6908"}],"curies":[{"name":"wp","href":"https:\/\/api.w.org\/{rel}","templated":true}]}}