{"id":6910,"date":"2024-07-13T00:15:59","date_gmt":"2024-07-12T22:15:59","guid":{"rendered":"http:\/\/klubmamgdynia.pl\/?post_type=product&#038;p=6910"},"modified":"2026-04-27T07:39:57","modified_gmt":"2026-04-27T05:39:57","slug":"trefl-puzzle-baby-classic-zwierzeta-na-wsi-36070","status":"publish","type":"product","link":"http:\/\/klubmamgdynia.pl\/index.php\/produkt\/trefl-puzzle-baby-classic-zwierzeta-na-wsi-36070\/","title":{"rendered":"Trefl Puzzle Baby Classic Zwierz\u0119ta Na Wsi 36070"},"content":{"rendered":"<p>Trefl Puzzle Baby Classic Zwierz\u0119ta Na Wsi 36070Puzzle Baby to du\u017ce uk\u0142adanki z grubego kartonu przeznaczone dla najmniejszych dzieci, s\u0105 idealne do rozpocz\u0119cia przygody z uk\u0142adaniem puzzli.\u017bywe kolory i przyjazne kszta\u0142ty zach\u0119caj\u0105 maluchy do zabawy. Pi\u0119kne, kolorowe ilustracje przyci\u0105gaj\u0105 wzrok dzieci i sprawiaj\u0105, \u017ce zabawa staje si\u0119 jeszcze ciekawsza. Uk\u0142adanka przedstawiaj\u0105ca zwierz\u0119ta na wsi zach\u0119ca do poznawania \u015bwiata poprzez skojarzenia i symbole.Puzzle sk\u0142adaj\u0105ce si\u0119 z 4 niezale\u017cnych uk\u0142adanek (3, 4, 5 i 6-elementowe), a zr\u00f3\u017cnicowana liczba element\u00f3w w ka\u017cdej z nich pozwala na zabaw\u0119 progresywn\u0105.<\/p>\n<h2>Trefl Puzzle Baby Classic Zwierz\u0119ta Na Wsi 36070 Trefl<\/h2>\n<p>u\u015bmiech dziecka wiersz, prezent dla dziecka na roczek, mitologia test wiedzy, rzadkie imiona japo\u0144skie, lol surprise kolorowanki, wierszyki o wakacjach kr\u00f3tkie, delfinarium polska, ziemia wyspa zielona tekst, zagadki logiczne \u015bmieszne, najlepsze pranki na prima aprilis, aneta, kolorowanka pikachu, zagadki na logike, jaki prezent na roczek, milena, zabawka dla rocznej dziewczynki, kuku\u0142eczka kuka tekst, malowanki dla dzieci do druku<\/p>\n<p>yyyyy<\/p>\n<p>&nbsp;<\/p>\n","protected":false},"excerpt":{"rendered":"<p>Trefl Puzzle Baby Classic Zwierz\u0119ta Na Wsi 36070Puzzle Baby to du\u017ce uk\u0142adanki z grubego kartonu przeznaczone dla najmniejszych dzieci, s\u0105 idealne do rozpocz\u0119cia przygody z uk\u0142adaniem puzzli.\u017bywe kolory i przyjazne kszta\u0142ty zach\u0119caj\u0105 maluchy do zabawy. Pi\u0119kne, kolorowe ilustracje przyci\u0105gaj\u0105 wzrok dzieci i sprawiaj\u0105, \u017ce zabawa staje si\u0119 jeszcze ciekawsza. Uk\u0142adanka przedstawiaj\u0105ca zwierz\u0119ta na wsi zach\u0119ca [&hellip;]<\/p>\n","protected":false},"featured_media":6911,"comment_status":"closed","ping_status":"open","template":"","meta":[],"product_cat":[90,104],"product_tag":[656,642,655,866,756],"class_list":["post-6910","product","type-product","status-publish","has-post-thumbnail","hentry","product_cat-puzzle","product_cat-trefl","product_tag-kolorowanki-lol","product_tag-mia-imie","product_tag-najlepsze-zagadki","product_tag-opis-do-zdjecia-dziecka-na-fb","product_tag-zaproszenie-na-urodziny-do-druku"],"_links":{"self":[{"href":"http:\/\/klubmamgdynia.pl\/index.php\/wp-json\/wp\/v2\/product\/6910","targetHints":{"allow":["GET"]}}],"collection":[{"href":"http:\/\/klubmamgdynia.pl\/index.php\/wp-json\/wp\/v2\/product"}],"about":[{"href":"http:\/\/klubmamgdynia.pl\/index.php\/wp-json\/wp\/v2\/types\/product"}],"replies":[{"embeddable":true,"href":"http:\/\/klubmamgdynia.pl\/index.php\/wp-json\/wp\/v2\/comments?post=6910"}],"wp:featuredmedia":[{"embeddable":true,"href":"http:\/\/klubmamgdynia.pl\/index.php\/wp-json\/wp\/v2\/media\/6911"}],"wp:attachment":[{"href":"http:\/\/klubmamgdynia.pl\/index.php\/wp-json\/wp\/v2\/media?parent=6910"}],"wp:term":[{"taxonomy":"product_cat","embeddable":true,"href":"http:\/\/klubmamgdynia.pl\/index.php\/wp-json\/wp\/v2\/product_cat?post=6910"},{"taxonomy":"product_tag","embeddable":true,"href":"http:\/\/klubmamgdynia.pl\/index.php\/wp-json\/wp\/v2\/product_tag?post=6910"}],"curies":[{"name":"wp","href":"https:\/\/api.w.org\/{rel}","templated":true}]}}