{"id":6912,"date":"2024-12-31T04:30:34","date_gmt":"2024-12-31T03:30:34","guid":{"rendered":"http:\/\/klubmamgdynia.pl\/?post_type=product&#038;p=6912"},"modified":"2026-04-07T13:35:29","modified_gmt":"2026-04-07T11:35:29","slug":"4baby-chodzik-walkn-push-red","status":"publish","type":"product","link":"http:\/\/klubmamgdynia.pl\/index.php\/produkt\/4baby-chodzik-walkn-push-red\/","title":{"rendered":"4Baby Chodzik Walk&#8217;N Push Red"},"content":{"rendered":"<p>Chodzik pchacz 2w1 WALK AND PUSH przeznaczony jest dla dzieci od 6 miesi\u0105ca \u017cycia do wagi 12 kg.Zosta\u0142 stworzony po to, aby da\u0107 dziecku stabilne oparcie w stawianiu jego pierwszych krok\u00f3w.Tyln\u0105 poprzeczk\u0119 mo\u017cna w \u0142atwy spos\u00f3b zdemontowa\u0107 i otrzymujemy w\u00f3wczas pchacz.Chodzik wyposa\u017cony zosta\u0142 w 2 obracane i 2 przesuwane zabawki oraz multimedialny panel.Panel ten ma wgrane melodie, kt\u00f3re uruchamiaj\u0105 si\u0119 po naci\u015bni\u0119ciu jednego z trzech guzik\u00f3w. Zasilany jest przez 2 baterie AA 1,5V.Chodzik sk\u0142adany jest na p\u0142asko i zajmuje ma\u0142o miejsca po z\u0142o\u017ceniu co jest jego du\u017c\u0105 zalet\u0105 podczas przechowywania.Posiada stabiln\u0105, mocn\u0105 konstrukcj\u0119 i odpinane, usztywniane siedzisko. Tekstylna tapicerka jest przyjemna w dotyku i mo\u017cna j\u0105 \u0142atwo wyczy\u015bci\u0107.Chodzik wyposa\u017cony zosta\u0142 w skr\u0119tne ko\u0142a. Jest lekki (waga tylko 3,7 kg) i \u0142atwy w przenoszeniu i przechowywaniu.Zapraszamy do obejrzenia kr\u00f3tkiego filmiku przedstawiaj\u0105cego funkcjonalno\u015b\u0107 chodzika Walk\u2019n Push:https:\/\/youtu.be\/AZZE4uNqIXMWymiary roz\u0142o\u017conej konstrukcjiszer.\/wys.\/g\u0142.: 62 \/ 51 \/ 76 cmWymiary z\u0142o\u017conej konstrukcjiszer.\/wys.\/g\u0142.: 62 \/ 24 \/ 76 cmWymiary siedziskaszer.\/wys.\/g\u0142.: 25 \/ 25 \/ 25 cmWaga produktu3,7 kgWysy\u0142ka kurierska &#8211; waga4,1 kgWysy\u0142ka kurierska &#8211; wymiary62 x 12 x 76 cm<\/p>\n<h2>4Baby Chodzik WalkN Push Red 4Baby<\/h2>\n<p>quiz o akademii pana kleksa, prezenty dla nastolatk\u00f3w do 50 z\u0142, kolorowanki konie, cytat na dzie\u0144 mamy, lol kolorowanka, \u015bwinka peppa do czytania<\/p>\n<p>yyyyy<\/p>\n<p>&nbsp;<\/p>\n","protected":false},"excerpt":{"rendered":"<p>Chodzik pchacz 2w1 WALK AND PUSH przeznaczony jest dla dzieci od 6 miesi\u0105ca \u017cycia do wagi 12 kg.Zosta\u0142 stworzony po to, aby da\u0107 dziecku stabilne oparcie w stawianiu jego pierwszych krok\u00f3w.Tyln\u0105 poprzeczk\u0119 mo\u017cna w \u0142atwy spos\u00f3b zdemontowa\u0107 i otrzymujemy w\u00f3wczas pchacz.Chodzik wyposa\u017cony zosta\u0142 w 2 obracane i 2 przesuwane zabawki oraz multimedialny panel.Panel ten ma [&hellip;]<\/p>\n","protected":false},"featured_media":6913,"comment_status":"closed","ping_status":"open","template":"","meta":[],"product_cat":[1507,349],"product_tag":[730,723,675,778],"class_list":["post-6912","product","type-product","status-publish","has-post-thumbnail","hentry","product_cat-4baby","product_cat-chodziki","product_tag-karyna","product_tag-krotkie-bajki-do-czytania-na-dobranoc","product_tag-test-z-lektury-kajko-i-kokosz-szkola-latania","product_tag-zabawki-na-roczek-dla-chlopca"],"_links":{"self":[{"href":"http:\/\/klubmamgdynia.pl\/index.php\/wp-json\/wp\/v2\/product\/6912","targetHints":{"allow":["GET"]}}],"collection":[{"href":"http:\/\/klubmamgdynia.pl\/index.php\/wp-json\/wp\/v2\/product"}],"about":[{"href":"http:\/\/klubmamgdynia.pl\/index.php\/wp-json\/wp\/v2\/types\/product"}],"replies":[{"embeddable":true,"href":"http:\/\/klubmamgdynia.pl\/index.php\/wp-json\/wp\/v2\/comments?post=6912"}],"wp:featuredmedia":[{"embeddable":true,"href":"http:\/\/klubmamgdynia.pl\/index.php\/wp-json\/wp\/v2\/media\/6913"}],"wp:attachment":[{"href":"http:\/\/klubmamgdynia.pl\/index.php\/wp-json\/wp\/v2\/media?parent=6912"}],"wp:term":[{"taxonomy":"product_cat","embeddable":true,"href":"http:\/\/klubmamgdynia.pl\/index.php\/wp-json\/wp\/v2\/product_cat?post=6912"},{"taxonomy":"product_tag","embeddable":true,"href":"http:\/\/klubmamgdynia.pl\/index.php\/wp-json\/wp\/v2\/product_tag?post=6912"}],"curies":[{"name":"wp","href":"https:\/\/api.w.org\/{rel}","templated":true}]}}