{"id":6916,"date":"2015-07-13T07:14:38","date_gmt":"2015-07-13T05:14:38","guid":{"rendered":"http:\/\/klubmamgdynia.pl\/index.php\/produkt\/monumi-harmonijka-ksiazeczka-kolorowanka-w-lesie-mpk000111\/"},"modified":"2026-04-30T08:36:52","modified_gmt":"2026-04-30T06:36:52","slug":"monumi-harmonijka-ksiazeczka-kolorowanka-w-lesie-mpk000111","status":"publish","type":"product","link":"http:\/\/klubmamgdynia.pl\/index.php\/produkt\/monumi-harmonijka-ksiazeczka-kolorowanka-w-lesie-mpk000111\/","title":{"rendered":"Monumi Harmonijka Ksi\u0105\u017ceczka Kolorowanka W Lesie (MPK000111)"},"content":{"rendered":"<p>Co to jest dziupla? Gdzie mieszka sowa? Kto jeszcze mieszka w lesie? To wszystko w tej ksi\u0105\u017ceczce znajdziecie!Ksi\u0105\u017ceczka \u2013 kolorowanka to wspania\u0142a zabawa dla ma\u0142ych dzieci. Grubszy papier pozwala na swobodne u\u017cycie farb czy flamastr\u00f3w, bez ryzyka, \u017ce papier si\u0119 pomarszczy. Ksi\u0105\u017ceczki s\u0105 zr\u00f3\u017cnicowane tematycznie, tak\u017ce ka\u017cdy na pewno znajdzie co\u015b dla siebie. Publikacje maj\u0105 r\u00f3\u017cne poziomy trudno\u015bci. Od prostych obrazk\u00f3w i pojedynczych s\u0142\u00f3w, do bardziej skomplikowanych grafik z wi\u0119ksz\u0105 ilo\u015bci\u0105 tekstu. Ksi\u0105\u017ceczka jest w formie harmonijki. Niewielkie rozmiary ksi\u0105\u017ceczek pozwalaj\u0105 wsz\u0119dzie j\u0105 ze sob\u0105 zabra\u0107. Teraz mo\u017cna kolorowa\u0107 ulubione obrazki w samochodzie, w przedszkolu, na pikniku czy w poczekalni. Dodatkowo tekturowe etui chroni obrazki przed zniszczeniem w plecaku czy torebce. W etui mo\u017cna tak\u017ce przechowywa\u0107 wyci\u0119te obrazki.Odrobina tekstu, wyra\u017ane kontury rysunk\u00f3w na pewno zach\u0119c\u0105 maluchy do wsp\u00f3lnej zabawy z rodzicami lub babci\u0105 czy dziadkiem. To wspania\u0142a okazja do sp\u0119dzenia wsp\u00f3lnego czasu. Najpierw mo\u017cna wsp\u00f3lnie pokolorowa\u0107 obrazki, a wieczorem powspomina\u0107 mile sp\u0119dzone chwile. Kt\u00f3\u017c nie chcia\u0142by przeczyta\u0107 na dobranoc bajeczki, kt\u00f3r\u0105 sam pokolorowa\u0142? Taka ksi\u0105\u017ceczka na pewno b\u0119dzie cennym okazem w biblioteczce dziecka. Pokolorowane obrazki mo\u017cna te\u017c wyci\u0105\u0107 i powiesi\u0107 na \u015bcianie, \u017ceby ozdobi\u0142y pok\u00f3j maluszka.Kolorowanie, to wspania\u0142a forma rozrywki i to dla ka\u017cdego. Nie wa\u017cne czy kto\u015b na cztery czy sto cztery lata, bo zabawa z kredkami jest dla ka\u017cdego. To wspania\u0142e \u0107wiczenie dla kreatywno\u015bci i wyobra\u017ani. To mo\u017cliwo\u015b\u0107 odstresowania si\u0119, to te\u017c nauka poprzez zabaw\u0119. To cudowny spos\u00f3b na \u0107wiczenia r\u0105czki i koncentracji malucha. Dzieci uwielbiaj\u0105 bawi\u0107 si\u0119 kolorami. Uwielbiaj\u0105 odkrywa\u0107 nowe po\u0142\u0105czenie barw, nowe wzory kolorowanek. \u015awietnie si\u0119 przy tym bawi\u0105, a w\u0142a\u015bnie to w tym wszystkim jest najwa\u017cniejsze. Dzieci\u0119cy u\u015bmiech! To kt\u00f3r\u0105 ksi\u0105\u017ceczk\u0119 pokolorujesz?Poznaj zwierz\u0119ta mieszkaj\u0105ce w Afryce i Australii, pokoloruj je tak, jak sobie je wyobra\u017casz. Ksi\u0105\u017ceczk\u0119 zabierz ze sob\u0105 na wakacje, na pla\u017c\u0119 lub do parku i baw si\u0119 wsp\u00f3lnie ze swoimi dzikimi towarzyszami \u2013 bezpiecznie, weso\u0142o i ciekawie. Jest przeznaczona dla dzieci w wieku 3\u20134 lat, kt\u00f3re dopiero poznaj\u0105 zwierz\u0105tka i ucz\u0105 si\u0119 je nazywa\u0107. Kolorowanka rozwija wyobra\u017ani\u0119 i kreatywno\u015b\u0107, uczy odpowiednio trzyma\u0107 kredki, dzi\u0119ki czemu maluch lepiej b\u0119dzie radzi\u0142 sobie z pisaniem pierwszych literek.Sztywna ksi\u0105\u017ceczka do kolorowania w formie harmonijki. Wykonana z grubego, bia\u0142ego kartonu. Kolorowe etui chroni\u0105ce zawarto\u015b\u0107. Wygodny format pozwala schowa\u0107 ksi\u0105\u017ceczk\u0119 do plecaka.Profesjonalna grafika, wyra\u017any druk w kolorze czarnym. Du\u017ce, \u0142atwe do pokolorowania obrazki z podpisami. Odpowiednia do kolorowania kredkami, flamastrami, markerami i farbami. Karton dobrze absorbuje wilgo\u0107, nie fa\u0142duje si\u0119 i nie przecieka<\/p>\n<h2>Monumi Harmonijka Ksi\u0105\u017ceczka Kolorowanka W Lesie (MPK000111) <\/h2>\n<p>esmeralda, niezapomniany prezent na roczek, \u0142amig\u0142\u00f3wki dla dzieci, literki dla dzieci, kiedy dzieci chodz\u0105 na halloween, pia, quiz konie, paj\u0105czek na rowerze test, motto dla nauczyciela, kanapki halloween, wakacje kolorowanka, maski karnawa\u0142owe do druku, zagadki o przyborach szkolnych, sentencje na dzie\u0144 nauczyciela, jesienne zagadki, \u015bwi\u0119ty przemys\u0142aw, kr\u00f3tkie czytanki dla dzieci do wydruku, zaproszenie na urodziny dziecka tekst do druku, domowe syropy na zim\u0119, zagadki na myslenie, pikachu do druku<\/p>\n<p>yyyyy<\/p>\n<p>&nbsp;<\/p>\n","protected":false},"excerpt":{"rendered":"<p>Co to jest dziupla? Gdzie mieszka sowa? Kto jeszcze mieszka w lesie? To wszystko w tej ksi\u0105\u017ceczce znajdziecie!Ksi\u0105\u017ceczka \u2013 kolorowanka to wspania\u0142a zabawa dla ma\u0142ych dzieci. Grubszy papier pozwala na swobodne u\u017cycie farb czy flamastr\u00f3w, bez ryzyka, \u017ce papier si\u0119 pomarszczy. Ksi\u0105\u017ceczki s\u0105 zr\u00f3\u017cnicowane tematycznie, tak\u017ce ka\u017cdy na pewno znajdzie co\u015b dla siebie. Publikacje maj\u0105 [&hellip;]<\/p>\n","protected":false},"featured_media":6917,"comment_status":"closed","ping_status":"open","template":"","meta":[],"product_cat":[297],"product_tag":[831,689,779],"class_list":["post-6916","product","type-product","status-publish","has-post-thumbnail","hentry","product_cat-szkolne-artykuly-plastyczne","product_tag-bruno","product_tag-linda","product_tag-zarty-na-prima-aprilis-w-domu"],"_links":{"self":[{"href":"http:\/\/klubmamgdynia.pl\/index.php\/wp-json\/wp\/v2\/product\/6916","targetHints":{"allow":["GET"]}}],"collection":[{"href":"http:\/\/klubmamgdynia.pl\/index.php\/wp-json\/wp\/v2\/product"}],"about":[{"href":"http:\/\/klubmamgdynia.pl\/index.php\/wp-json\/wp\/v2\/types\/product"}],"replies":[{"embeddable":true,"href":"http:\/\/klubmamgdynia.pl\/index.php\/wp-json\/wp\/v2\/comments?post=6916"}],"wp:featuredmedia":[{"embeddable":true,"href":"http:\/\/klubmamgdynia.pl\/index.php\/wp-json\/wp\/v2\/media\/6917"}],"wp:attachment":[{"href":"http:\/\/klubmamgdynia.pl\/index.php\/wp-json\/wp\/v2\/media?parent=6916"}],"wp:term":[{"taxonomy":"product_cat","embeddable":true,"href":"http:\/\/klubmamgdynia.pl\/index.php\/wp-json\/wp\/v2\/product_cat?post=6916"},{"taxonomy":"product_tag","embeddable":true,"href":"http:\/\/klubmamgdynia.pl\/index.php\/wp-json\/wp\/v2\/product_tag?post=6916"}],"curies":[{"name":"wp","href":"https:\/\/api.w.org\/{rel}","templated":true}]}}