{"id":6920,"date":"2025-01-12T08:09:40","date_gmt":"2025-01-12T07:09:40","guid":{"rendered":"http:\/\/klubmamgdynia.pl\/?post_type=product&#038;p=6920"},"modified":"2026-04-06T05:34:04","modified_gmt":"2026-04-06T03:34:04","slug":"hasbro-figurka-podstawowa-pomaranczowa-c1509","status":"publish","type":"product","link":"http:\/\/klubmamgdynia.pl\/index.php\/produkt\/hasbro-figurka-podstawowa-pomaranczowa-c1509\/","title":{"rendered":"Hasbro Figurka Podstawowa Pomara\u0144czowa C1509"},"content":{"rendered":"<p>EAN:  5010993364442figurka:  Posta\u0107Kod Producenta:  c1503Kolekcja:  figura podstawowaseria:  pomara\u0144czowa<\/p>\n<h2>Hasbro Figurka Podstawowa Pomara\u0144czowa C1509 Hasbro<\/h2>\n<p>quizy flagi, zagadki s\u0142owne, papuga kolorowanka, macierzy\u0144stwo cytaty, jan pawe\u0142 2 rysunek \u0142atwy dla dzieci, znaczenie imiona pola, test z lektury opowie\u015bci z narni lew czarownica i stara szafa, quiz o stolicach europy, zabawka na roczek dla ch\u0142opca, dla dzieci warszawa, miasto dzieci krak\u00f3w, aneta<\/p>\n<p>yyyyy<\/p>\n<p>&nbsp;<\/p>\n","protected":false},"excerpt":{"rendered":"<p>EAN: 5010993364442figurka: Posta\u0107Kod Producenta: c1503Kolekcja: figura podstawowaseria: pomara\u0144czowa Hasbro Figurka Podstawowa Pomara\u0144czowa C1509 Hasbro quizy flagi, zagadki s\u0142owne, papuga kolorowanka, macierzy\u0144stwo cytaty, jan pawe\u0142 2 rysunek \u0142atwy dla dzieci, znaczenie imiona pola, test z lektury opowie\u015bci z narni lew czarownica i stara szafa, quiz o stolicach europy, zabawka na roczek dla ch\u0142opca, dla dzieci warszawa, [&hellip;]<\/p>\n","protected":false},"featured_media":6921,"comment_status":"closed","ping_status":"open","template":"","meta":[],"product_cat":[97,129],"product_tag":[648,768,596],"class_list":["post-6920","product","type-product","status-publish","has-post-thumbnail","hentry","product_cat-figurki-kolekcjonerskie","product_cat-hasbro","product_tag-dobrej-nocy-i-sza","product_tag-krotkie-zagadki-logiczne","product_tag-pomysly-na-prima-aprilis"],"_links":{"self":[{"href":"http:\/\/klubmamgdynia.pl\/index.php\/wp-json\/wp\/v2\/product\/6920","targetHints":{"allow":["GET"]}}],"collection":[{"href":"http:\/\/klubmamgdynia.pl\/index.php\/wp-json\/wp\/v2\/product"}],"about":[{"href":"http:\/\/klubmamgdynia.pl\/index.php\/wp-json\/wp\/v2\/types\/product"}],"replies":[{"embeddable":true,"href":"http:\/\/klubmamgdynia.pl\/index.php\/wp-json\/wp\/v2\/comments?post=6920"}],"wp:featuredmedia":[{"embeddable":true,"href":"http:\/\/klubmamgdynia.pl\/index.php\/wp-json\/wp\/v2\/media\/6921"}],"wp:attachment":[{"href":"http:\/\/klubmamgdynia.pl\/index.php\/wp-json\/wp\/v2\/media?parent=6920"}],"wp:term":[{"taxonomy":"product_cat","embeddable":true,"href":"http:\/\/klubmamgdynia.pl\/index.php\/wp-json\/wp\/v2\/product_cat?post=6920"},{"taxonomy":"product_tag","embeddable":true,"href":"http:\/\/klubmamgdynia.pl\/index.php\/wp-json\/wp\/v2\/product_tag?post=6920"}],"curies":[{"name":"wp","href":"https:\/\/api.w.org\/{rel}","templated":true}]}}