{"id":6922,"date":"2023-01-23T09:01:37","date_gmt":"2023-01-23T08:01:37","guid":{"rendered":"http:\/\/klubmamgdynia.pl\/?post_type=product&#038;p=6922"},"modified":"2026-05-17T22:40:16","modified_gmt":"2026-05-17T20:40:16","slug":"lisciani-zestaw-kreatywny-io-creo-szalone-magnesy-potworki-30473498b","status":"publish","type":"product","link":"http:\/\/klubmamgdynia.pl\/index.php\/produkt\/lisciani-zestaw-kreatywny-io-creo-szalone-magnesy-potworki-30473498b\/","title":{"rendered":"Lisciani Zestaw Kreatywny Io Creo Szalone Magnesy Potworki 30473498B"},"content":{"rendered":"<p>Io Creo Szalone magnesy &#8211; PotworkiZwariowany zestaw w mobilnym i wygodnym opakowaniu. Produkt zawiera bezpieczn\u0105 mas\u0119 do modelowania zabawnych magnes\u00f3w z dekoracjami.Informacje o produkcieNr katalogowy304-73498BMarka BrakObszar Do sklejania\/sk\u0142adaniaRodzaj Masy plastyczneWymagania wiekowe od 5 latP\u0142e\u0107 Ch\u0142opcyKolor WielokolorowyAkcesoria w zestawie Kolorowa masaMagnetyczne podk\u0142adkiDekoracje \u015bwiec\u0105ce w ciemno\u015bciPozosta\u0142e parametryWymiara opakowania: 13.5 x 23 x 4 cm<\/p>\n<h2>Lisciani Zestaw Kreatywny Io Creo Szalone Magnesy Potworki 30473498B Lisciani<\/h2>\n<p>marianna imi\u0119, plecak torba i walizka, \u015bmieszne zagadki matematyczne, m.i.a., kolorowanka lego ninjago<\/p>\n<p>yyyyy<\/p>\n<p>&nbsp;<\/p>\n","protected":false},"excerpt":{"rendered":"<p>Io Creo Szalone magnesy &#8211; PotworkiZwariowany zestaw w mobilnym i wygodnym opakowaniu. Produkt zawiera bezpieczn\u0105 mas\u0119 do modelowania zabawnych magnes\u00f3w z dekoracjami.Informacje o produkcieNr katalogowy304-73498BMarka BrakObszar Do sklejania\/sk\u0142adaniaRodzaj Masy plastyczneWymagania wiekowe od 5 latP\u0142e\u0107 Ch\u0142opcyKolor WielokolorowyAkcesoria w zestawie Kolorowa masaMagnetyczne podk\u0142adkiDekoracje \u015bwiec\u0105ce w ciemno\u015bciPozosta\u0142e parametryWymiara opakowania: 13.5 x 23 x 4 cm Lisciani Zestaw Kreatywny [&hellip;]<\/p>\n","protected":false},"featured_media":6923,"comment_status":"closed","ping_status":"open","template":"","meta":[],"product_cat":[362,21],"product_tag":[786,628,595,805],"class_list":["post-6922","product","type-product","status-publish","has-post-thumbnail","hentry","product_cat-lisciani","product_cat-zabawki-plastyczne","product_tag-prezent-na-1-urodziny","product_tag-zagadka","product_tag-zagadki-dla-6-latka","product_tag-znaczenie-imienia-alan"],"_links":{"self":[{"href":"http:\/\/klubmamgdynia.pl\/index.php\/wp-json\/wp\/v2\/product\/6922","targetHints":{"allow":["GET"]}}],"collection":[{"href":"http:\/\/klubmamgdynia.pl\/index.php\/wp-json\/wp\/v2\/product"}],"about":[{"href":"http:\/\/klubmamgdynia.pl\/index.php\/wp-json\/wp\/v2\/types\/product"}],"replies":[{"embeddable":true,"href":"http:\/\/klubmamgdynia.pl\/index.php\/wp-json\/wp\/v2\/comments?post=6922"}],"wp:featuredmedia":[{"embeddable":true,"href":"http:\/\/klubmamgdynia.pl\/index.php\/wp-json\/wp\/v2\/media\/6923"}],"wp:attachment":[{"href":"http:\/\/klubmamgdynia.pl\/index.php\/wp-json\/wp\/v2\/media?parent=6922"}],"wp:term":[{"taxonomy":"product_cat","embeddable":true,"href":"http:\/\/klubmamgdynia.pl\/index.php\/wp-json\/wp\/v2\/product_cat?post=6922"},{"taxonomy":"product_tag","embeddable":true,"href":"http:\/\/klubmamgdynia.pl\/index.php\/wp-json\/wp\/v2\/product_tag?post=6922"}],"curies":[{"name":"wp","href":"https:\/\/api.w.org\/{rel}","templated":true}]}}