{"id":6924,"date":"2010-12-25T17:55:01","date_gmt":"2010-12-25T16:55:01","guid":{"rendered":"http:\/\/klubmamgdynia.pl\/index.php\/produkt\/maped-nozyczki-dla-dzieci-bezpieczne-szkolne-12cm\/"},"modified":"2026-04-07T01:35:56","modified_gmt":"2026-04-06T23:35:56","slug":"maped-nozyczki-dla-dzieci-bezpieczne-szkolne-12cm","status":"publish","type":"product","link":"http:\/\/klubmamgdynia.pl\/index.php\/produkt\/maped-nozyczki-dla-dzieci-bezpieczne-szkolne-12cm\/","title":{"rendered":"Maped No\u017cyczki dla dzieci bezpieczne szkolne 12Cm"},"content":{"rendered":"<p>Bezpieczne no\u017cyczki szkolne Bezpieczne no\u017cyczki szkolne dla dzieci z zaokr\u0105glonymi ostrzami, wykonane z w\u0142\u00f3kna szklanego, nie tn\u0105 sk\u00f3ry, w\u0142os\u00f3w czy ubra\u0144, nie przewodz\u0105 pr\u0105du. Doskonale nadaj\u0105 si\u0119 do papieru. No\u017cyczki dla dzieci od 2 roku \u017cycia. Produkt wyst\u0119puje w wielu wersjach kolorystycznych, wydawany losowy dost\u0119pny na magazynie. Parametry: Rodzaj: no\u017cyczki bezpieczne D\u0142ugo\u015b\u0107: 12 cm<\/p>\n<h2>Maped No\u017cyczki dla dzieci bezpieczne szkolne 12Cm Maped<\/h2>\n<p>ka\u0142u\u017cy\u015bci, piosenka dla mamy tekst, janusz, zagadki o owocach, eneduerabe, zabawy na dzie\u0144 dziecka w szkole, \u015bmieszne zagadki z odpowiedziami, sing 2 multikino, pomys\u0142y na dzie\u0144 dziecka dla nastolatk\u00f3w, kotki do druku, zagadki sprawdzaj\u0105ce inteligencj\u0119, \u0142amig\u0142\u00f3wki dla dzieci, anio\u0142 rysunek prosty, bajki dla dzieci na dobranoc, miriam imi\u0119, maski zwierz\u0105t szablony do druku<\/p>\n<p>yyyyy<\/p>\n<p>&nbsp;<\/p>\n","protected":false},"excerpt":{"rendered":"<p>Bezpieczne no\u017cyczki szkolne Bezpieczne no\u017cyczki szkolne dla dzieci z zaokr\u0105glonymi ostrzami, wykonane z w\u0142\u00f3kna szklanego, nie tn\u0105 sk\u00f3ry, w\u0142os\u00f3w czy ubra\u0144, nie przewodz\u0105 pr\u0105du. Doskonale nadaj\u0105 si\u0119 do papieru. No\u017cyczki dla dzieci od 2 roku \u017cycia. Produkt wyst\u0119puje w wielu wersjach kolorystycznych, wydawany losowy dost\u0119pny na magazynie. Parametry: Rodzaj: no\u017cyczki bezpieczne D\u0142ugo\u015b\u0107: 12 cm Maped [&hellip;]<\/p>\n","protected":false},"featured_media":6925,"comment_status":"closed","ping_status":"open","template":"","meta":[],"product_cat":[1435,297],"product_tag":[772,817,837,708,710],"class_list":["post-6924","product","type-product","status-publish","has-post-thumbnail","hentry","product_cat-maped","product_cat-szkolne-artykuly-plastyczne","product_tag-45-panstw-europy-i-ich-stolice-quiz","product_tag-bajka-terapeutyczna-o-emocjach","product_tag-cicha-noc-po-angielsku","product_tag-zabawy-ruchowe-dla-dzieci","product_tag-zagadki-dla-dzieci-10-12-lat"],"_links":{"self":[{"href":"http:\/\/klubmamgdynia.pl\/index.php\/wp-json\/wp\/v2\/product\/6924","targetHints":{"allow":["GET"]}}],"collection":[{"href":"http:\/\/klubmamgdynia.pl\/index.php\/wp-json\/wp\/v2\/product"}],"about":[{"href":"http:\/\/klubmamgdynia.pl\/index.php\/wp-json\/wp\/v2\/types\/product"}],"replies":[{"embeddable":true,"href":"http:\/\/klubmamgdynia.pl\/index.php\/wp-json\/wp\/v2\/comments?post=6924"}],"wp:featuredmedia":[{"embeddable":true,"href":"http:\/\/klubmamgdynia.pl\/index.php\/wp-json\/wp\/v2\/media\/6925"}],"wp:attachment":[{"href":"http:\/\/klubmamgdynia.pl\/index.php\/wp-json\/wp\/v2\/media?parent=6924"}],"wp:term":[{"taxonomy":"product_cat","embeddable":true,"href":"http:\/\/klubmamgdynia.pl\/index.php\/wp-json\/wp\/v2\/product_cat?post=6924"},{"taxonomy":"product_tag","embeddable":true,"href":"http:\/\/klubmamgdynia.pl\/index.php\/wp-json\/wp\/v2\/product_tag?post=6924"}],"curies":[{"name":"wp","href":"https:\/\/api.w.org\/{rel}","templated":true}]}}