{"id":6926,"date":"2018-06-01T11:52:21","date_gmt":"2018-06-01T09:52:21","guid":{"rendered":"http:\/\/klubmamgdynia.pl\/index.php\/produkt\/pojazd-na-akumulator-audi-r8-spyder-rs-eva-2-4g\/"},"modified":"2026-04-19T17:48:55","modified_gmt":"2026-04-19T15:48:55","slug":"pojazd-na-akumulator-audi-r8-spyder-rs-eva-2-4g","status":"publish","type":"product","link":"http:\/\/klubmamgdynia.pl\/index.php\/produkt\/pojazd-na-akumulator-audi-r8-spyder-rs-eva-2-4g\/","title":{"rendered":"Pojazd Na Akumulator Audi R8 Spyder Rs Eva 2.4G"},"content":{"rendered":"<p>SpecyfikacjaAudi R8 Spyder Lakierowany CzerwonySilnik2 x 45WAkumulator2 x 6V\/7AhPilot 2.4G,3 Szybko\u015bci,Przycisk bezpiecze\u0144stwa Stop,Ko\u0142aPiankowe ko\u0142a EVA, 25 x 10 cmAmortyzatory2 x Ty\u0142BiegiWolny Start, 2 Szybko\u015bci, Prz\u00f3d\/Ty\u0142\u015awiat\u0142a \u015awiat\u0142a LED, Prz\u00f3d, ty\u0142,W\u0142\u0105cznik \u015bwiate\u0142,Wyposa\u017ceniePanel AudioRadio FM, MP3, Wej\u015bcie AUX,Bluetooth,Przyciski melodyjek i klaksonu w kierownicy,Wgrane melodyjki,Wska\u017anik Na\u0142adowaniaTakSiedzenieCzarna ekosk\u00f3ra,Pasy bezpiecze\u0144stwa,35 x 18 x 30 cmOtwierane DrzwiTakWymiaryRozmiar PojazduD\u0142ugo\u015b\u0107 122 cm,Szeroko\u015b\u0107 68 cm,Wysoko\u015b\u0107 50 cm,Waga Pojazdu18 KgRozmiar Kartonu123 x 63 x 35 cmWaga Kartonu22 KgMaksymalne Obci\u0105\u017cenie30 KgPrze\u015bwit8 cmWyposa\u017cenie DodatkoweInstrukcja + Zestaw Monta\u017cowy\u0141adowarka Z Diod\u0105 Kontroluj\u0105c\u0105 Na\u0142adowanie Baterii (1000mA)Pokrowiec Na PojazdUSB PenDrive 1Gb Z Filmem Instrukta\u017cowymKabel MiniJack<\/p>\n<h2>Pojazd Na Akumulator Audi R8 Spyder Rs Eva 2.4G Noname<\/h2>\n<p>podchwytliwe zagadki na inteligencj\u0119, akademia pana kleksa &#8211; test z odpowiedziami do druku, wzruszaj\u0105ce s\u0142owa dla przyjaciela, bajki dla ch\u0142opc\u00f3w do czytania, imiona dla ch\u0142opc\u00f3w, warsztaty dla dzieci warszawa, basen dla dzieci warszawa, co\u015b dla nastolatk\u00f3w, znaki drogowe do druku, atrakcje dla dzieci wroc\u0142aw i okolice, wzruszaj\u0105ce s\u0142owa dla przyjaci\u00f3\u0142ki, zagadki o zwierz\u0119tach, zagatki, co mo\u017cna zrobi\u0107 z rolek po papierze toaletowym, postacie z bajek kolorowanki do wydrukowania, kontynenty dla dzieci do druku, minionki kolorowanka, zagadki halloween dla dzieci, oryginalny prezent dla nastolatk\u00f3w<\/p>\n<p>yyyyy<\/p>\n<p>&nbsp;<\/p>\n","protected":false},"excerpt":{"rendered":"<p>SpecyfikacjaAudi R8 Spyder Lakierowany CzerwonySilnik2 x 45WAkumulator2 x 6V\/7AhPilot 2.4G,3 Szybko\u015bci,Przycisk bezpiecze\u0144stwa Stop,Ko\u0142aPiankowe ko\u0142a EVA, 25 x 10 cmAmortyzatory2 x Ty\u0142BiegiWolny Start, 2 Szybko\u015bci, Prz\u00f3d\/Ty\u0142\u015awiat\u0142a \u015awiat\u0142a LED, Prz\u00f3d, ty\u0142,W\u0142\u0105cznik \u015bwiate\u0142,Wyposa\u017ceniePanel AudioRadio FM, MP3, Wej\u015bcie AUX,Bluetooth,Przyciski melodyjek i klaksonu w kierownicy,Wgrane melodyjki,Wska\u017anik Na\u0142adowaniaTakSiedzenieCzarna ekosk\u00f3ra,Pasy bezpiecze\u0144stwa,35 x 18 x 30 cmOtwierane DrzwiTakWymiaryRozmiar PojazduD\u0142ugo\u015b\u0107 122 cm,Szeroko\u015b\u0107 68 cm,Wysoko\u015b\u0107 [&hellip;]<\/p>\n","protected":false},"featured_media":6927,"comment_status":"closed","ping_status":"open","template":"","meta":[],"product_cat":[1117,24],"product_tag":[602,606,588],"class_list":["post-6926","product","type-product","status-publish","has-post-thumbnail","hentry","product_cat-noname","product_cat-samochody-dla-dzieci","product_tag-quiz-o-zwierzetach-domowych","product_tag-stala-pod-sniegiem","product_tag-wzruszajace-slowa-dla-przyjaciela"],"_links":{"self":[{"href":"http:\/\/klubmamgdynia.pl\/index.php\/wp-json\/wp\/v2\/product\/6926","targetHints":{"allow":["GET"]}}],"collection":[{"href":"http:\/\/klubmamgdynia.pl\/index.php\/wp-json\/wp\/v2\/product"}],"about":[{"href":"http:\/\/klubmamgdynia.pl\/index.php\/wp-json\/wp\/v2\/types\/product"}],"replies":[{"embeddable":true,"href":"http:\/\/klubmamgdynia.pl\/index.php\/wp-json\/wp\/v2\/comments?post=6926"}],"wp:featuredmedia":[{"embeddable":true,"href":"http:\/\/klubmamgdynia.pl\/index.php\/wp-json\/wp\/v2\/media\/6927"}],"wp:attachment":[{"href":"http:\/\/klubmamgdynia.pl\/index.php\/wp-json\/wp\/v2\/media?parent=6926"}],"wp:term":[{"taxonomy":"product_cat","embeddable":true,"href":"http:\/\/klubmamgdynia.pl\/index.php\/wp-json\/wp\/v2\/product_cat?post=6926"},{"taxonomy":"product_tag","embeddable":true,"href":"http:\/\/klubmamgdynia.pl\/index.php\/wp-json\/wp\/v2\/product_tag?post=6926"}],"curies":[{"name":"wp","href":"https:\/\/api.w.org\/{rel}","templated":true}]}}