{"id":6928,"date":"2024-05-31T17:22:29","date_gmt":"2024-05-31T15:22:29","guid":{"rendered":"http:\/\/klubmamgdynia.pl\/?post_type=product&#038;p=6928"},"modified":"2026-04-08T20:27:55","modified_gmt":"2026-04-08T18:27:55","slug":"carotina-baby-jungle","status":"publish","type":"product","link":"http:\/\/klubmamgdynia.pl\/index.php\/produkt\/carotina-baby-jungle\/","title":{"rendered":"Carotina Baby Jungle"},"content":{"rendered":"<p>Gra stworzona z wytrzyma\u0142ych i bezpiecznych materia\u0142\u00f3w. Umo\u017cliwia poznanie \u017cycia w d\u017cungli w towarzystwie zabawnych zwierz\u0105t. Dzieci ucz\u0105 si\u0119 rozpoznawa\u0107 kszta\u0142ty i dopasowywa\u0107 je do odpowiednich element\u00f3w. Gra rozwija logik\u0119 i jest przeznaczona dla dzieci powy\u017cej pierwszego roku \u017cycia<\/p>\n<h2>Carotina Baby Jungle Lisciani<\/h2>\n<p>dzieci.pl, milan imi\u0119, tabliczka mno\u017cenia do druku, co oznacza jordan<\/p>\n<p>yyyyy<\/p>\n<p>&nbsp;<\/p>\n","protected":false},"excerpt":{"rendered":"<p>Gra stworzona z wytrzyma\u0142ych i bezpiecznych materia\u0142\u00f3w. Umo\u017cliwia poznanie \u017cycia w d\u017cungli w towarzystwie zabawnych zwierz\u0105t. Dzieci ucz\u0105 si\u0119 rozpoznawa\u0107 kszta\u0142ty i dopasowywa\u0107 je do odpowiednich element\u00f3w. Gra rozwija logik\u0119 i jest przeznaczona dla dzieci powy\u017cej pierwszego roku \u017cycia Carotina Baby Jungle Lisciani dzieci.pl, milan imi\u0119, tabliczka mno\u017cenia do druku, co oznacza jordan yyyyy &nbsp;<\/p>\n","protected":false},"featured_media":6929,"comment_status":"closed","ping_status":"open","template":"","meta":[],"product_cat":[130,362],"product_tag":[792,585,677,636,757],"class_list":["post-6928","product","type-product","status-publish","has-post-thumbnail","hentry","product_cat-gry-dzieciece","product_cat-lisciani","product_tag-cytaty-o-mamie","product_tag-kolorowanki-dla-chlopcow","product_tag-milosz-imie","product_tag-teksty-kolysanek","product_tag-test-z-lektury-ania-z-zielonego-wzgorza-klasa-6-z-odpowiedziami"],"_links":{"self":[{"href":"http:\/\/klubmamgdynia.pl\/index.php\/wp-json\/wp\/v2\/product\/6928","targetHints":{"allow":["GET"]}}],"collection":[{"href":"http:\/\/klubmamgdynia.pl\/index.php\/wp-json\/wp\/v2\/product"}],"about":[{"href":"http:\/\/klubmamgdynia.pl\/index.php\/wp-json\/wp\/v2\/types\/product"}],"replies":[{"embeddable":true,"href":"http:\/\/klubmamgdynia.pl\/index.php\/wp-json\/wp\/v2\/comments?post=6928"}],"wp:featuredmedia":[{"embeddable":true,"href":"http:\/\/klubmamgdynia.pl\/index.php\/wp-json\/wp\/v2\/media\/6929"}],"wp:attachment":[{"href":"http:\/\/klubmamgdynia.pl\/index.php\/wp-json\/wp\/v2\/media?parent=6928"}],"wp:term":[{"taxonomy":"product_cat","embeddable":true,"href":"http:\/\/klubmamgdynia.pl\/index.php\/wp-json\/wp\/v2\/product_cat?post=6928"},{"taxonomy":"product_tag","embeddable":true,"href":"http:\/\/klubmamgdynia.pl\/index.php\/wp-json\/wp\/v2\/product_tag?post=6928"}],"curies":[{"name":"wp","href":"https:\/\/api.w.org\/{rel}","templated":true}]}}