{"id":6932,"date":"2015-12-14T00:10:21","date_gmt":"2015-12-13T23:10:21","guid":{"rendered":"http:\/\/klubmamgdynia.pl\/index.php\/produkt\/kinetic-sand-glitter-pink\/"},"modified":"2026-05-01T11:53:50","modified_gmt":"2026-05-01T09:53:50","slug":"kinetic-sand-glitter-pink","status":"publish","type":"product","link":"http:\/\/klubmamgdynia.pl\/index.php\/produkt\/kinetic-sand-glitter-pink\/","title":{"rendered":"Kinetic Sand Glitter Pink"},"content":{"rendered":"<p>Mix, model and shape Kinetic Sand like youve never done before with 900 g colorful Kinetic Sand! With Kinetic Sand, you get unimaginable possibilities for creating, shaping and playing. With this squeezable sand, the possibilities are unimaginable. Kinetic Sand is the original, fascinating sand that flows through the hands and never dries out, so it can be played with repeatedly. Squeeze it together and you will be able to create the finest sculptures!<\/p>\n<h2>Kinetic Sand Glitter Pink Spin Master<\/h2>\n<p>marcel imi\u0119, miko\u0142ajki 2021 warszawa, tupcio chrupcio bajka do czytania, kiedy dzieci chodz\u0105 na halloween, miasto dzieci pl, plac zabaw pozna\u0144, motyl kolorowanka, wiosenna kolorowanka, kolorowanki pi\u0142karskie, znaczenie imienia julian, krotkie zagadki, kolorowanka lol surprise<\/p>\n<p>yyyyy<\/p>\n<p>&nbsp;<\/p>\n","protected":false},"excerpt":{"rendered":"<p>Mix, model and shape Kinetic Sand like youve never done before with 900 g colorful Kinetic Sand! With Kinetic Sand, you get unimaginable possibilities for creating, shaping and playing. With this squeezable sand, the possibilities are unimaginable. Kinetic Sand is the original, fascinating sand that flows through the hands and never dries out, so it [&hellip;]<\/p>\n","protected":false},"featured_media":6933,"comment_status":"closed","ping_status":"open","template":"","meta":[],"product_cat":[94,21],"product_tag":[790,750,656,774,830,714],"class_list":["post-6932","product","type-product","status-publish","has-post-thumbnail","hentry","product_cat-spin-master","product_cat-zabawki-plastyczne","product_tag-gry-planszowe-dla-nastolatkow","product_tag-imie-kostek","product_tag-kolorowanki-lol","product_tag-prezent-na-roczek-nie-zabawka","product_tag-rodzina-cytaty","product_tag-zagadki-logiczne"],"_links":{"self":[{"href":"http:\/\/klubmamgdynia.pl\/index.php\/wp-json\/wp\/v2\/product\/6932","targetHints":{"allow":["GET"]}}],"collection":[{"href":"http:\/\/klubmamgdynia.pl\/index.php\/wp-json\/wp\/v2\/product"}],"about":[{"href":"http:\/\/klubmamgdynia.pl\/index.php\/wp-json\/wp\/v2\/types\/product"}],"replies":[{"embeddable":true,"href":"http:\/\/klubmamgdynia.pl\/index.php\/wp-json\/wp\/v2\/comments?post=6932"}],"wp:featuredmedia":[{"embeddable":true,"href":"http:\/\/klubmamgdynia.pl\/index.php\/wp-json\/wp\/v2\/media\/6933"}],"wp:attachment":[{"href":"http:\/\/klubmamgdynia.pl\/index.php\/wp-json\/wp\/v2\/media?parent=6932"}],"wp:term":[{"taxonomy":"product_cat","embeddable":true,"href":"http:\/\/klubmamgdynia.pl\/index.php\/wp-json\/wp\/v2\/product_cat?post=6932"},{"taxonomy":"product_tag","embeddable":true,"href":"http:\/\/klubmamgdynia.pl\/index.php\/wp-json\/wp\/v2\/product_tag?post=6932"}],"curies":[{"name":"wp","href":"https:\/\/api.w.org\/{rel}","templated":true}]}}