{"id":6934,"date":"2014-10-09T02:44:20","date_gmt":"2014-10-09T00:44:20","guid":{"rendered":"http:\/\/klubmamgdynia.pl\/index.php\/produkt\/4baby-stinger-dark-grey-spacerowy\/"},"modified":"2026-04-18T21:14:00","modified_gmt":"2026-04-18T19:14:00","slug":"4baby-stinger-dark-grey-spacerowy","status":"publish","type":"product","link":"http:\/\/klubmamgdynia.pl\/index.php\/produkt\/4baby-stinger-dark-grey-spacerowy\/","title":{"rendered":"4Baby Stinger Dark Grey Spacerowy"},"content":{"rendered":"<p>4Baby Stinger Dark Grey Spacerowy<\/p>\n<p>W\u00f3zek<br \/>\ndzieci\u0119cy to najwa\u017cniejszy produkt, kt\u00f3ry kupuj\u0105 rodzice z racji d\u0142ugich godzin<br \/>\njakie sp\u0119dzi w nim dziecko podczas spacer\u00f3w. To przedmiot, kt\u00f3ry u\u017cytkuj\u0105 tak<br \/>\nsamo rodzice jak ich dziecko dlatego te\u017c musi dawa\u0107 wygod\u0119 i bezpiecze\u0144stwo<br \/>\ndziecku a komfort prowadzenia i u\u017cytkowania rodzicom.W<br \/>\nnaszej ofercie znajdziecie wiele modeli w\u00f3zk\u00f3w: w\u00f3zki dzieci\u0119ce spacerowe z<br \/>\npe\u0142n\u0105 r\u0105czk\u0105, w\u00f3zki dzieci\u0119ce spacerowe typu parasolka, w\u00f3zki dzieci\u0119ce<br \/>\nspacerowe bli\u017aniacze oraz w\u00f3zki dzieci\u0119ce wielofunkcyjne.Spacer\u00f3wka<br \/>\nStinger to po\u0142\u0105czenie klasyki, elegancji i funkcjonalno\u015bci. Ma\u0142e rozmiary w\u00f3zka<br \/>\npo z\u0142o\u017ceniu b\u0119d\u0105 idealnym rozwi\u0105zaniem w przypadku cz\u0119stego podr\u00f3\u017cowania. W\u00f3zek<br \/>\nz obci\u0105\u017ceniem do 22kg. Elegancki design w 4 wersjach kolorystycznych.                            <\/p>\n<p>Cechy:Oparcie<br \/>\nrozk\u0142adane do pozycji le\u017c\u0105cejOkienko<br \/>\nz podgl\u0105dem na dzieckoOcieplana<br \/>\nos\u0142ona na nogiRegulowany<br \/>\npodn\u00f3\u017cekKo\u0142a<br \/>\npiankowe o ma\u0142ej \u015bcieralno\u015bciWielofunkcyjna<br \/>\nbudka\u00a0Informacje:Maksymalne<br \/>\nobci\u0105\u017cenie 22kgAluminiowa<br \/>\nramaSk\u00f3rzane<br \/>\nWstawkiKo\u0142a<br \/>\npiankowe o ma\u0142ej \u015bcieralno\u015bciWygodny<br \/>\ni prosty system sk\u0142adaniaMa\u0142y<br \/>\nrozmiar po z\u0142o\u017ceniuUchwyt<br \/>\nna kubek5-cio<br \/>\npunktowe pasy bezpiecze\u0144stwaAmortyzacja<br \/>\nk\u00f3\u0142Blokada<br \/>\nobrotu k\u00f3\u0142 przednich                            <\/p>\n<p>Hamulec<br \/>\nk\u00f3\u0142 tylnychWielofunkcyjna<br \/>\nprzed\u0142u\u017cana budkaRozsuwana<br \/>\nbudka z wentylacj\u0105 &#8211; moskitieraOkienko<br \/>\nw budce z podgl\u0105dem na dzieckoRegulowany<br \/>\npodn\u00f3\u017cekBarierka<br \/>\nbezpiecze\u0144stwa 360\u02daRegulowane<br \/>\noparciePojemny<br \/>\nkoszUchwyt<br \/>\nna napojeOcieplana<br \/>\nos\u0142ona na nogi                            <\/p>\n<p>Wymiary<br \/>\n(szeroko\u015b\u0107 \/ wysoko\u015b\u0107 \/ g\u0142\u0119boko\u015b\u0107 cm):Z\u0142o\u017cony:<br \/>\n76 cm x 56 x 38 cm [d\u0142 x szer x wys]Roz\u0142o\u017cony:<br \/>\n87 cm x 56 cm x 103 cm [d\u0142 x szer x wys]Siedzisko:<br \/>\n21,5 cm x 38 cmWaga:<br \/>\n9.8 kgRozmiar<br \/>\nk\u00f3\u0142ek:Ty\u0142:<br \/>\n23 cmPrz\u00f3d:<br \/>\n16,5 cm<\/p>\n<h2>4Baby Stinger Dark Grey Spacerowy 4Baby<\/h2>\n<p>hello kitty kolorowanka, kolorowanki kotki, quiz o tajemniczym ogrodzie, prezent dla rocznego dziecka, quiz pi\u0142karski, jaki prezent na roczek, kolorowanki \u015bwi\u0105teczne do druku pdf, quiz flagi \u015bwiata, jak narysowa\u0107 \u017cab\u0119, zagadki logiczne z odpowiedziami, piosenki dla dzieci o jesieni, wzruszaj\u0105ce s\u0142owa dla przyjaciela, ksi\u0105\u017cka dla dzieci online, kwiaty polne nazwy i zdj\u0119cia, kartka walentynkowa r\u0119cznie robiona \u0142atwa, prank na prima aprilis, quiz o koniach, testy z lektury opowie\u015bci z narni lew czarownica i stara szafa, iwo imie, \u015bwinka peppa do druku<\/p>\n<p>yyyyy<\/p>\n<p>&nbsp;<\/p>\n","protected":false},"excerpt":{"rendered":"<p>4Baby Stinger Dark Grey Spacerowy W\u00f3zek dzieci\u0119cy to najwa\u017cniejszy produkt, kt\u00f3ry kupuj\u0105 rodzice z racji d\u0142ugich godzin jakie sp\u0119dzi w nim dziecko podczas spacer\u00f3w. To przedmiot, kt\u00f3ry u\u017cytkuj\u0105 tak samo rodzice jak ich dziecko dlatego te\u017c musi dawa\u0107 wygod\u0119 i bezpiecze\u0144stwo dziecku a komfort prowadzenia i u\u017cytkowania rodzicom.W naszej ofercie znajdziecie wiele modeli w\u00f3zk\u00f3w: w\u00f3zki [&hellip;]<\/p>\n","protected":false},"featured_media":6935,"comment_status":"closed","ping_status":"open","template":"","meta":[],"product_cat":[1507,71],"product_tag":[763,810,652,785,635],"class_list":["post-6934","product","type-product","status-publish","has-post-thumbnail","hentry","product_cat-4baby","product_cat-wozki-spacerowe","product_tag-fabian","product_tag-nauka-zegara-do-druku","product_tag-otto","product_tag-prezent-dla-nastolatkow","product_tag-znaki-drogowe-do-druku"],"_links":{"self":[{"href":"http:\/\/klubmamgdynia.pl\/index.php\/wp-json\/wp\/v2\/product\/6934","targetHints":{"allow":["GET"]}}],"collection":[{"href":"http:\/\/klubmamgdynia.pl\/index.php\/wp-json\/wp\/v2\/product"}],"about":[{"href":"http:\/\/klubmamgdynia.pl\/index.php\/wp-json\/wp\/v2\/types\/product"}],"replies":[{"embeddable":true,"href":"http:\/\/klubmamgdynia.pl\/index.php\/wp-json\/wp\/v2\/comments?post=6934"}],"wp:featuredmedia":[{"embeddable":true,"href":"http:\/\/klubmamgdynia.pl\/index.php\/wp-json\/wp\/v2\/media\/6935"}],"wp:attachment":[{"href":"http:\/\/klubmamgdynia.pl\/index.php\/wp-json\/wp\/v2\/media?parent=6934"}],"wp:term":[{"taxonomy":"product_cat","embeddable":true,"href":"http:\/\/klubmamgdynia.pl\/index.php\/wp-json\/wp\/v2\/product_cat?post=6934"},{"taxonomy":"product_tag","embeddable":true,"href":"http:\/\/klubmamgdynia.pl\/index.php\/wp-json\/wp\/v2\/product_tag?post=6934"}],"curies":[{"name":"wp","href":"https:\/\/api.w.org\/{rel}","templated":true}]}}