{"id":6936,"date":"2012-09-21T11:55:22","date_gmt":"2012-09-21T09:55:22","guid":{"rendered":"http:\/\/klubmamgdynia.pl\/index.php\/produkt\/aksjomat-malowanka-220x220-aks-lubie-kolorowac-z-krolewna\/"},"modified":"2026-04-25T00:08:32","modified_gmt":"2026-04-24T22:08:32","slug":"aksjomat-malowanka-220x220-aks-lubie-kolorowac-z-krolewna","status":"publish","type":"product","link":"http:\/\/klubmamgdynia.pl\/index.php\/produkt\/aksjomat-malowanka-220x220-aks-lubie-kolorowac-z-krolewna\/","title":{"rendered":"Aksjomat Malowanka 220X220 Aks Lubie Kolorowac Z Krolewna"},"content":{"rendered":"<p>Ten magiczny \u015bwiat wype\u0142niaj\u0105 wr\u00f3\u017cki, elfy i kr\u00f3lewny. Mo\u017cesz zdecydowa\u0107, jak b\u0119dzie wygl\u0105da\u0142: we\u017a kredki i nadaj barwy pe\u0142nym czaru ilustracjom<\/p>\n<h2>Aksjomat Malowanka 220X220 Aks Lubie Kolorowac Z Krolewna Aksjomat<\/h2>\n<p>trudne zagadki logiczne z odpowiedziami, tulipany kolorowanki, bajka dla niemowlaka, bajka dla dzieci do czytania, kolorowanki pieski, jan pawe\u0142 2 rysunek \u0142atwy dla dzieci, prezent na roczek od babci, kot rysunek dla dzieci, okolice wroc\u0142awia, znaczenie imienia milan<\/p>\n<p>yyyyy<\/p>\n<p>&nbsp;<\/p>\n","protected":false},"excerpt":{"rendered":"<p>Ten magiczny \u015bwiat wype\u0142niaj\u0105 wr\u00f3\u017cki, elfy i kr\u00f3lewny. Mo\u017cesz zdecydowa\u0107, jak b\u0119dzie wygl\u0105da\u0142: we\u017a kredki i nadaj barwy pe\u0142nym czaru ilustracjom Aksjomat Malowanka 220X220 Aks Lubie Kolorowac Z Krolewna Aksjomat trudne zagadki logiczne z odpowiedziami, tulipany kolorowanki, bajka dla niemowlaka, bajka dla dzieci do czytania, kolorowanki pieski, jan pawe\u0142 2 rysunek \u0142atwy dla dzieci, prezent [&hellip;]<\/p>\n","protected":false},"featured_media":6937,"comment_status":"closed","ping_status":"open","template":"","meta":[],"product_cat":[1512,325],"product_tag":[838,861,585,752,586],"class_list":["post-6936","product","type-product","status-publish","has-post-thumbnail","hentry","product_cat-aksjomat","product_cat-szkolne-artykuly-papiernicze","product_tag-bajki-dla-dzieci-na-dobranoc","product_tag-jak-narysowac-psa","product_tag-kolorowanki-dla-chlopcow","product_tag-kuba-imie","product_tag-smieszne-zagadki"],"_links":{"self":[{"href":"http:\/\/klubmamgdynia.pl\/index.php\/wp-json\/wp\/v2\/product\/6936","targetHints":{"allow":["GET"]}}],"collection":[{"href":"http:\/\/klubmamgdynia.pl\/index.php\/wp-json\/wp\/v2\/product"}],"about":[{"href":"http:\/\/klubmamgdynia.pl\/index.php\/wp-json\/wp\/v2\/types\/product"}],"replies":[{"embeddable":true,"href":"http:\/\/klubmamgdynia.pl\/index.php\/wp-json\/wp\/v2\/comments?post=6936"}],"wp:featuredmedia":[{"embeddable":true,"href":"http:\/\/klubmamgdynia.pl\/index.php\/wp-json\/wp\/v2\/media\/6937"}],"wp:attachment":[{"href":"http:\/\/klubmamgdynia.pl\/index.php\/wp-json\/wp\/v2\/media?parent=6936"}],"wp:term":[{"taxonomy":"product_cat","embeddable":true,"href":"http:\/\/klubmamgdynia.pl\/index.php\/wp-json\/wp\/v2\/product_cat?post=6936"},{"taxonomy":"product_tag","embeddable":true,"href":"http:\/\/klubmamgdynia.pl\/index.php\/wp-json\/wp\/v2\/product_tag?post=6936"}],"curies":[{"name":"wp","href":"https:\/\/api.w.org\/{rel}","templated":true}]}}