{"id":6938,"date":"2017-06-02T05:36:21","date_gmt":"2017-06-02T03:36:21","guid":{"rendered":"http:\/\/klubmamgdynia.pl\/index.php\/produkt\/spin-master-psi-patrol-chase-maskotka-pluszowa-60cm\/"},"modified":"2026-05-17T22:56:43","modified_gmt":"2026-05-17T20:56:43","slug":"spin-master-psi-patrol-chase-maskotka-pluszowa-60cm","status":"publish","type":"product","link":"http:\/\/klubmamgdynia.pl\/index.php\/produkt\/spin-master-psi-patrol-chase-maskotka-pluszowa-60cm\/","title":{"rendered":"Spin Master Psi Patrol Chase maskotka pluszowa 60cm"},"content":{"rendered":"<p>DU\u017bY PIESEK CHASE PSI PATROL MASKOTKA 60CMMega Du\u017cy Chase Psi Patrol PluszowyWielko\u015b\u0107 ok. 60cmIdealny prezent dla dziecka,Bardzo dobra Jako\u015b\u0107 wykonania &#8211; SPIN MASTER,Pozw\u00f3l dziecku na chwil\u0119 rado\u015bci, du\u017ce pluszaki sprawiaj\u0105 niesamowite emocje u dzieci.Psi Patrol Maskotka 60 cm CHASETeraz Tw\u00f3j ulubiony bohater Psiego Patrolu mo\u017ce znale\u017a\u0107 si\u0119 w twoim domu w postaci mi\u0119kkiej pluszowej maskotki!Maskotka ma 60 cm i jest ubrana tak jak w bajce. Zabawka jest wykonana z wysokiej jako\u015bci pluszu, dzi\u0119ki czemu jest bardzo mi\u0142a w dotyku! Poczuj atmosfer\u0119 Psiego Patrolu wraz z mi\u0119kkimi maskotkami szczeniak\u00f3w z bajki!<\/p>\n<h2>Spin Master Psi Patrol Chase maskotka pluszowa 60cm Spin Master<\/h2>\n<p>kiedy dzieci chodz\u0105 na halloween, szlaczki literopodobne, dzie\u0144 pluszowego misia 2021, pomysl na prezent na roczek, kr\u00f3tkie bajki do czytania pdf, prezent dla nastolatk\u00f3w, zagadka dla dzieci, gloria imi\u0119, dinozaur bajka, kolorowanka kotki do druku, darmowe kolorowanki kolorowanki dla dziewczynek, emanuel, \u015bwinka peppa kolorowanka, sta\u0142a pod \u015bniegiem, quiz konie, fajne zagadki, prezent na roczek dla chrze\u015bniaka, wzory zaprosze\u0144 zaproszenie na urodziny do druku pdf, najlepsze \u017carty na prima aprilis<\/p>\n<p>yyyyy<\/p>\n<p>&nbsp;<\/p>\n","protected":false},"excerpt":{"rendered":"<p>DU\u017bY PIESEK CHASE PSI PATROL MASKOTKA 60CMMega Du\u017cy Chase Psi Patrol PluszowyWielko\u015b\u0107 ok. 60cmIdealny prezent dla dziecka,Bardzo dobra Jako\u015b\u0107 wykonania &#8211; SPIN MASTER,Pozw\u00f3l dziecku na chwil\u0119 rado\u015bci, du\u017ce pluszaki sprawiaj\u0105 niesamowite emocje u dzieci.Psi Patrol Maskotka 60 cm CHASETeraz Tw\u00f3j ulubiony bohater Psiego Patrolu mo\u017ce znale\u017a\u0107 si\u0119 w twoim domu w postaci mi\u0119kkiej pluszowej maskotki!Maskotka [&hellip;]<\/p>\n","protected":false},"featured_media":6939,"comment_status":"closed","ping_status":"open","template":"","meta":[],"product_cat":[42,94],"product_tag":[864,580,612,600,715],"class_list":["post-6938","product","type-product","status-publish","has-post-thumbnail","hentry","product_cat-maskotki","product_cat-spin-master","product_tag-basen-warszawa","product_tag-janusz","product_tag-kolorowanki-do-druku","product_tag-zaproszenia-na-urodziny-do-druku","product_tag-zosia-samosia"],"_links":{"self":[{"href":"http:\/\/klubmamgdynia.pl\/index.php\/wp-json\/wp\/v2\/product\/6938","targetHints":{"allow":["GET"]}}],"collection":[{"href":"http:\/\/klubmamgdynia.pl\/index.php\/wp-json\/wp\/v2\/product"}],"about":[{"href":"http:\/\/klubmamgdynia.pl\/index.php\/wp-json\/wp\/v2\/types\/product"}],"replies":[{"embeddable":true,"href":"http:\/\/klubmamgdynia.pl\/index.php\/wp-json\/wp\/v2\/comments?post=6938"}],"wp:featuredmedia":[{"embeddable":true,"href":"http:\/\/klubmamgdynia.pl\/index.php\/wp-json\/wp\/v2\/media\/6939"}],"wp:attachment":[{"href":"http:\/\/klubmamgdynia.pl\/index.php\/wp-json\/wp\/v2\/media?parent=6938"}],"wp:term":[{"taxonomy":"product_cat","embeddable":true,"href":"http:\/\/klubmamgdynia.pl\/index.php\/wp-json\/wp\/v2\/product_cat?post=6938"},{"taxonomy":"product_tag","embeddable":true,"href":"http:\/\/klubmamgdynia.pl\/index.php\/wp-json\/wp\/v2\/product_tag?post=6938"}],"curies":[{"name":"wp","href":"https:\/\/api.w.org\/{rel}","templated":true}]}}