{"id":6940,"date":"2024-10-28T17:56:24","date_gmt":"2024-10-28T16:56:24","guid":{"rendered":"http:\/\/klubmamgdynia.pl\/?post_type=product&#038;p=6940"},"modified":"2026-04-03T22:38:37","modified_gmt":"2026-04-03T20:38:37","slug":"trefl-puzzle-1000el-disney-kraina-lodu-2-29048","status":"publish","type":"product","link":"http:\/\/klubmamgdynia.pl\/index.php\/produkt\/trefl-puzzle-1000el-disney-kraina-lodu-2-29048\/","title":{"rendered":"Trefl Puzzle 1000el. Disney Kraina Lodu 2 29048"},"content":{"rendered":"<p>Trefl Puzzle 1000el. Disney Kraina Lodu 2 29048Puzzle sk\u0142adaj\u0105ce si\u0119 z 1000 element\u00f3w przedstawiaj\u0105ce bohater\u00f3w Krainy Lodu. Po u\u0142o\u017ceniu powstanie obrazek o wymiarach 683&#215;480 mm. Puzzle przeznaczone s\u0105 dla doros\u0142ych lub dzieci w wieku powy\u017cej 14 lat.                            <\/p>\n<p>Uk\u0142adanie puzzli niesie za sob\u0105 szereg korzy\u015bci, zar\u00f3wni dla dzieci jak i doros\u0142ych. To skuteczny spos\u00f3b na \u0107wiczenie pami\u0119ci, koncentracji, a tak\u017ce niezawodny spos\u00f3b na odstrsowanie si\u0119 i odpr\u0119\u017cenie.                            <\/p>\n<p>Dzi\u0119ki puzzlom trenujemy spostrzegawczo\u015b\u0107, ale r\u00f3wnie\u017c uczymy si\u0119 cierpliwo\u015bci. U\u0142o\u017cony przez nas, gotowy obraz mo\u017cemy powiesi\u0107 na \u015bcianie, a tym samym urozmaici\u0107 wn\u0119trze naszego mieszkania.\u00a0                            <\/p>\n<p>                    Sprawd\u017a inne puzzle Trefl:<\/p>\n<p>            Trefl Puzzle 1000el. Wiktoria\u0144ski Dom 10355<\/p>\n<p>                        od<br \/>\n                            18,44<br \/>\n                            z\u0142<\/p>\n<p>                    Zobacz<\/p>\n<p>            Trefl Puzzle 1000el. Uroczy Zak\u0105tek 10297<\/p>\n<p>                        od<br \/>\n                            19,06<br \/>\n                            z\u0142<\/p>\n<p>                    Zobacz<\/p>\n<p>            Trefl Puzzle 1000el. W Odleg\u0142ej Galaktyce 10625<\/p>\n<p>                        od<br \/>\n                            18,34<br \/>\n                            z\u0142<\/p>\n<p>                    Zobacz<\/p>\n<p>            Trefl Puzzle 1000el. Bajkowa Kraina 10496<\/p>\n<p>                        od<br \/>\n                            18,57<br \/>\n                            z\u0142<\/p>\n<p>                    Zobacz<\/p>\n<p>            Trefl Puzzle 1000el. Niebieski Bukiet 10466<\/p>\n<p>                        od<br \/>\n                            17,59<br \/>\n                            z\u0142<\/p>\n<p>                    Zobacz<\/p>\n<p>            Trefl Puzzle 1000el. Czas Prezent\u00f3w 10495<\/p>\n<p>                        od<br \/>\n                            19,99<br \/>\n                            z\u0142<\/p>\n<p>                    Zobacz<\/p>\n<p>            Trefl Puzzle drewniane 1000el. Antyczna mapa \u015bwiata 20144<\/p>\n<p>                        od<br \/>\n                            96,20<br \/>\n                            z\u0142<\/p>\n<p>                    Zobacz<\/p>\n<p>            Trefl Puzzle 1000el. Insygnia \u015amierci 10717<\/p>\n<p>                        od<br \/>\n                            19,84<br \/>\n                            z\u0142<\/p>\n<p>                    Zobacz<\/p>\n<p>            Trefl Puzzle 1000el. Stworzenie Adama 10590<\/p>\n<p>                        od<br \/>\n                            18,48<br \/>\n                            z\u0142<\/p>\n<p>                    Zobacz<\/p>\n<p>            Trefl Puzzle 1000el. Na tropie dinozaur\u00f3w Jurassic Park 10727<\/p>\n<p>                        od<br \/>\n                            18,60<br \/>\n                            z\u0142<\/p>\n<p>                    Zobacz<\/p>\n<p>            Trefl Puzzle 1000el. Titanic 10080<\/p>\n<p>                        od<br \/>\n                            18,59<br \/>\n                            z\u0142<\/p>\n<p>                    Zobacz<\/p>\n<p>            Trefl Puzzle Unlimited Fit Technology 1000el. Pa\u0142ac Most Rialto Wenecja W\u0142ochy 10692<\/p>\n<p>                        od<br \/>\n                            35,99<br \/>\n                            z\u0142<\/p>\n<p>                    Zobacz<\/p>\n<p>            Trefl Puzzle 1000el. Gwia\u017adzista Noc Van Gogh 10465<\/p>\n<p>                        od<br \/>\n                            19,67<br \/>\n                            z\u0142<\/p>\n<p>                    Zobacz<\/p>\n<p>            Trefl Puzzle Drewniane 1000el. Psia przyja\u017a\u0144 20149<\/p>\n<p>                        od<br \/>\n                            96,20<br \/>\n                            z\u0142<\/p>\n<p>                    Zobacz<\/p>\n<p>            Trefl Puzzle Unlimited Fit Technology 1000el. Pa\u0142ac Westminsterski Londyn Anglia 10705<\/p>\n<p>                        od<br \/>\n                            37,99<br \/>\n                            z\u0142<\/p>\n<p>                    Zobacz<\/p>\n<p>            Trefl Puzzle Drewniane 1000el. \u015awi\u0105teczna aleja 20151<\/p>\n<p>                        od<br \/>\n                            98,84<br \/>\n                            z\u0142<\/p>\n<p>                    Zobacz<\/p>\n<p>            Trefl Puzzle 1000el. Minionki 29049<\/p>\n<p>                        od<br \/>\n                            12,95<br \/>\n                            z\u0142<\/p>\n<p>                    Zobacz<\/p>\n<p>            Trefl Puzzle Drewniane 1000el. Kolorowe balony 20143<\/p>\n<p>                        od<br \/>\n                            96,20<br \/>\n                            z\u0142<\/p>\n<p>                    Zobacz<\/p>\n<p>            Trefl Puzzle drewniane 1000el. Kolorowy kot 20148<\/p>\n<p>                        od<br \/>\n                            100,36<br \/>\n                            z\u0142<\/p>\n<p>                    Zobacz<\/p>\n<p>            Trefl Puzzle 1000el. Dama z kotem 10663<\/p>\n<p>                        od<br \/>\n                            18,52<br \/>\n                            z\u0142<\/p>\n<p>                    Zobacz<\/p>\n<p>            Trefl Puzzle Spiralne 1040el. Magiczna Zatoka 40016<\/p>\n<p>                        od<br \/>\n                            18,52<br \/>\n                            z\u0142<\/p>\n<p>                    Zobacz<\/p>\n<p>            Trefl Puzzle Spiralne 1040el. Uk\u0142ad s\u0142oneczny 40013<\/p>\n<p>                        od<br \/>\n                            18,59<br \/>\n                            z\u0142<\/p>\n<p>                    Zobacz<\/p>\n<p>            Trefl Puzzle 1060el. Hidden Shapes Podwodne \u017cycie 10676<\/p>\n<p>                        od<br \/>\n                            18,58<br \/>\n                            z\u0142<\/p>\n<p>                    Zobacz<\/p>\n<p>            Trefl Puzzle 1000el. Gradient 10666<\/p>\n<p>                        od<br \/>\n                            18,59<br \/>\n                            z\u0142<\/p>\n<p>                    Zobacz<\/p>\n<p>            Trefl Puzzle 1000el. Londyn 10404<\/p>\n<p>                        od<br \/>\n                            19,07<br \/>\n                            z\u0142<\/p>\n<p>                    Zobacz<\/p>\n<p>            Trefl Puzzle 1000el. Bia\u0142e \u015awi\u0119ta 10602<\/p>\n<p>                        od<br \/>\n                            18,60<br \/>\n                            z\u0142<\/p>\n<p>                    Zobacz<\/p>\n<p>            Trefl Puzzle 1000el. Panorama Przygody Mandaloriana 29052<\/p>\n<p>                        od<br \/>\n                            17,47<br \/>\n                            z\u0142<\/p>\n<p>                    Zobacz<\/p>\n<p>            Trefl Puzzle 1000el. Dziewczyna Z Per\u0142\u0105 10522<\/p>\n<p>                        od<br \/>\n                            19,22<br \/>\n                            z\u0142<\/p>\n<p>                    Zobacz<\/p>\n<p>            Trefl Puzzle 1000el. Narodziny Wenus Sandro Botticelli 10589<\/p>\n<p>                        od<br \/>\n                            17,93<br \/>\n                            z\u0142<\/p>\n<p>                    Zobacz<\/p>\n<p>            Trefl Puzzle 1000el. Jesienna Bawaria w Niemczech 10623<\/p>\n<p>                        od<br \/>\n                            18,99<br \/>\n                            z\u0142<\/p>\n<p>                    Zobacz<\/p>\n<h2>Trefl Puzzle 1000el. Disney Kraina Lodu 2 29048 Trefl<\/h2>\n<p>basen warszawa, kolorowanki uk\u0142ad s\u0142oneczny, atrakcje dla dzieci wroc\u0142aw, zabawy dla 7 latki, bajki dla dzieci za darmo, 1 listopada dzie\u0144 wszystkich \u015bwi\u0119tych kolorowanki, m\u0105dre bajki dla dzieci do czytania, co kupi\u0107 nastolatce na \u015bwi\u0119ta, karty pracy dla uczni\u00f3w z ukrainy<\/p>\n<p>yyyyy<\/p>\n<p>&nbsp;<\/p>\n","protected":false},"excerpt":{"rendered":"<p>Trefl Puzzle 1000el. Disney Kraina Lodu 2 29048Puzzle sk\u0142adaj\u0105ce si\u0119 z 1000 element\u00f3w przedstawiaj\u0105ce bohater\u00f3w Krainy Lodu. Po u\u0142o\u017ceniu powstanie obrazek o wymiarach 683&#215;480 mm. Puzzle przeznaczone s\u0105 dla doros\u0142ych lub dzieci w wieku powy\u017cej 14 lat. Uk\u0142adanie puzzli niesie za sob\u0105 szereg korzy\u015bci, zar\u00f3wni dla dzieci jak i doros\u0142ych. To skuteczny spos\u00f3b na \u0107wiczenie [&hellip;]<\/p>\n","protected":false},"featured_media":6941,"comment_status":"closed","ping_status":"open","template":"","meta":[],"product_cat":[90,104],"product_tag":[815,690,735,841],"class_list":["post-6940","product","type-product","status-publish","has-post-thumbnail","hentry","product_cat-puzzle","product_cat-trefl","product_tag-ozdoby-choinkowe-dla-dzieci","product_tag-pieski-male-dwa-tekst","product_tag-prezent-na-roczek-dziewczynka","product_tag-quiz-o-flagach"],"_links":{"self":[{"href":"http:\/\/klubmamgdynia.pl\/index.php\/wp-json\/wp\/v2\/product\/6940","targetHints":{"allow":["GET"]}}],"collection":[{"href":"http:\/\/klubmamgdynia.pl\/index.php\/wp-json\/wp\/v2\/product"}],"about":[{"href":"http:\/\/klubmamgdynia.pl\/index.php\/wp-json\/wp\/v2\/types\/product"}],"replies":[{"embeddable":true,"href":"http:\/\/klubmamgdynia.pl\/index.php\/wp-json\/wp\/v2\/comments?post=6940"}],"wp:featuredmedia":[{"embeddable":true,"href":"http:\/\/klubmamgdynia.pl\/index.php\/wp-json\/wp\/v2\/media\/6941"}],"wp:attachment":[{"href":"http:\/\/klubmamgdynia.pl\/index.php\/wp-json\/wp\/v2\/media?parent=6940"}],"wp:term":[{"taxonomy":"product_cat","embeddable":true,"href":"http:\/\/klubmamgdynia.pl\/index.php\/wp-json\/wp\/v2\/product_cat?post=6940"},{"taxonomy":"product_tag","embeddable":true,"href":"http:\/\/klubmamgdynia.pl\/index.php\/wp-json\/wp\/v2\/product_tag?post=6940"}],"curies":[{"name":"wp","href":"https:\/\/api.w.org\/{rel}","templated":true}]}}