{"id":6944,"date":"2016-03-06T01:14:55","date_gmt":"2016-03-06T00:14:55","guid":{"rendered":"http:\/\/klubmamgdynia.pl\/index.php\/produkt\/baby-born-nosidelko-siedzisko-fotelik-3w1-829189\/"},"modified":"2026-04-05T23:40:25","modified_gmt":"2026-04-05T21:40:25","slug":"baby-born-nosidelko-siedzisko-fotelik-3w1-829189","status":"publish","type":"product","link":"http:\/\/klubmamgdynia.pl\/index.php\/produkt\/baby-born-nosidelko-siedzisko-fotelik-3w1-829189\/","title":{"rendered":"Baby Born Noside\u0142ko Siedzisko Fotelik 3W1 829189"},"content":{"rendered":"<p>Noside\u0142ko dla lalki Fotelik 2w1                            <\/p>\n<p>BABY born, ma\u0142a poszukiwaczka przyg\u00f3d, zasn\u0119\u0142a w ramionach mamy podczas spaceru w parku. Tyle nowych rzeczy do zobaczenia &#8211; to szcz\u0119\u015bcie, \u017ce mama i tata maj\u0105 ze sob\u0105 wygodne siedzonko. Praktyczny uchwyt w kszta\u0142cie litery &#8222;Z&#8221; u\u0142atwia przenoszenie. Kiedy BABY born si\u0119 budzi, zwykle jest troch\u0119 senna i lubi bawi\u0107 si\u0119 wisz\u0105c\u0105 zabawk\u0105 &#8211; kaczuszk\u0105. Przekszta\u0142\u0107 siedzisko w noside\u0142ko, kt\u00f3re pozwala BABY born obserwowa\u0107 otoczenie. Mo\u017cna u\u017cywa\u0107 go jako tradycyjne noside\u0142ko do przenoszenia laleczki z miejsca na miejsce za uchwyt lub jako fotelik samochodowy, kt\u00f3ry zapewnia BABY born komfortow\u0105 i bezpieczn\u0105 podr\u00f3\u017c. Dzi\u0119ki umieszczonym pasom bezpiecze\u0144stwa, laleczka zawsze jest bezpieczna podczas swoich podr\u00f3\u017cy. Noside\u0142ko dla lalki to niew\u0105tpliwie niezb\u0119dne akcesorium do zabawy laleczk\u0105                            <\/p>\n<p>Cechy produktu:<br \/>\n\u00a0noside\u0142ko do przenoszenia laleczki<br \/>\nfotelik &#8211; krzese\u0142ko<br \/>\nfotelik samochodowy<br \/>\ntrzypunktowe pasy bezpiecze\u0144stwa<br \/>\nodpowiedni r\u00f3wnie\u017c dla mniejszych lalek<br \/>\nwysokiej jako\u015bci akcesoria do markowych lalek BABY born                            <\/p>\n<p>Zapf Creation &#8211; Baby Born<br \/>\nBaby Born to urocza lalka, kt\u00f3ra ro\u015bnie razem z dziewczynk\u0105. Czasami Baby Born jest jak ma\u0142e dziecko, kt\u00f3re potrzebuje troskliwej opieki, a innym razem to towarzysz zabaw i najlepszy przyjaciel, kt\u00f3ry pod\u0105\u017ca za swoj\u0105 &#8222;mam\u0105&#8221;. W tym celu marka Zapf Creation stworzy\u0142a lalki tematyczne takie jak ksi\u0119\u017cniczka, lekarz czy baletnica, a tak\u017ce mn\u00f3stwo interaktywnych akcesori\u00f3w.<\/p>\n<h2>Baby Born Noside\u0142ko Siedzisko Fotelik 3W1 829189 BABY BORN<\/h2>\n<p>ma\u0142y ksi\u0105\u017c\u0119 &#8211; test z odpowiedziami, co na prezent dla 7 latki, m\u0105dra my\u015bl na dobranoc, zagadki logiczne matematyczne dla dzieci, jeremi, kubu\u015b puchatek cytaty, zagadki dla dzieci 7-8 lat online, leon imi\u0119, znaczenia imienia alicja, co kupi\u0107 nastolatce na urodziny, bajka o kreciku, miasto dzieci krak\u00f3w, szlaczki literopodobne do wydruku, zagadki logiczne na inteligencj\u0119, quiz kajko i kokosz szko\u0142a latania, ch\u0142opcy z placu broni &#8211; test, zagadki zimowe, atrakcje dla nastolatk\u00f3w, karty pracy dla uczni\u00f3w z ukrainy<\/p>\n<p>yyyyy<\/p>\n<p>&nbsp;<\/p>\n","protected":false},"excerpt":{"rendered":"<p>Noside\u0142ko dla lalki Fotelik 2w1 BABY born, ma\u0142a poszukiwaczka przyg\u00f3d, zasn\u0119\u0142a w ramionach mamy podczas spaceru w parku. Tyle nowych rzeczy do zobaczenia &#8211; to szcz\u0119\u015bcie, \u017ce mama i tata maj\u0105 ze sob\u0105 wygodne siedzonko. Praktyczny uchwyt w kszta\u0142cie litery &#8222;Z&#8221; u\u0142atwia przenoszenie. Kiedy BABY born si\u0119 budzi, zwykle jest troch\u0119 senna i lubi bawi\u0107 [&hellip;]<\/p>\n","protected":false},"featured_media":6945,"comment_status":"closed","ping_status":"open","template":"","meta":[],"product_cat":[176,65],"product_tag":[666,870,678,764,579],"class_list":["post-6944","product","type-product","status-publish","has-post-thumbnail","hentry","product_cat-baby-born","product_cat-lalki","product_tag-afrykanskie-imiona","product_tag-prezent-dla-chlopca-na-roczek","product_tag-prezent-na-roczek-dla-dziewczynki","product_tag-prezenty-na-roczek-dla-dziewczynki","product_tag-quiz-opowiesci-z-narnii-lew-czarownica-i-stara-szafa"],"_links":{"self":[{"href":"http:\/\/klubmamgdynia.pl\/index.php\/wp-json\/wp\/v2\/product\/6944","targetHints":{"allow":["GET"]}}],"collection":[{"href":"http:\/\/klubmamgdynia.pl\/index.php\/wp-json\/wp\/v2\/product"}],"about":[{"href":"http:\/\/klubmamgdynia.pl\/index.php\/wp-json\/wp\/v2\/types\/product"}],"replies":[{"embeddable":true,"href":"http:\/\/klubmamgdynia.pl\/index.php\/wp-json\/wp\/v2\/comments?post=6944"}],"wp:featuredmedia":[{"embeddable":true,"href":"http:\/\/klubmamgdynia.pl\/index.php\/wp-json\/wp\/v2\/media\/6945"}],"wp:attachment":[{"href":"http:\/\/klubmamgdynia.pl\/index.php\/wp-json\/wp\/v2\/media?parent=6944"}],"wp:term":[{"taxonomy":"product_cat","embeddable":true,"href":"http:\/\/klubmamgdynia.pl\/index.php\/wp-json\/wp\/v2\/product_cat?post=6944"},{"taxonomy":"product_tag","embeddable":true,"href":"http:\/\/klubmamgdynia.pl\/index.php\/wp-json\/wp\/v2\/product_tag?post=6944"}],"curies":[{"name":"wp","href":"https:\/\/api.w.org\/{rel}","templated":true}]}}