{"id":6946,"date":"2021-04-19T21:32:23","date_gmt":"2021-04-19T19:32:23","guid":{"rendered":"http:\/\/klubmamgdynia.pl\/index.php\/produkt\/goki-puzzle-warstwowe-pojazdy\/"},"modified":"2026-04-30T12:03:24","modified_gmt":"2026-04-30T10:03:24","slug":"goki-puzzle-warstwowe-pojazdy","status":"publish","type":"product","link":"http:\/\/klubmamgdynia.pl\/index.php\/produkt\/goki-puzzle-warstwowe-pojazdy\/","title":{"rendered":"Goki Puzzle Warstwowe Pojazdy"},"content":{"rendered":"<p>Ka\u017cda warstwa puzzli Goki zawiera pojazd innej wielko\u015bci i innego przeznaczenia: motor, samoch\u00f3d osobowy, karetk\u0119, stra\u017c po\u017carn\u0105 i \u015bmieciark\u0119. Puzzle tego typu ucz\u0105 najm\u0142odsze dzieci dopasowywania element\u00f3w do kontur\u00f3w, rozwijaj\u0105 wiedz\u0119 o motoryzacji oraz sk\u0142aniaj\u0105 rodzic\u00f3w do rozmowy z dzieckiem nt. zastosowania pojazd\u00f3w. Nie wa\u017cne, \u017ce maluch nie m\u00f3wi! Ma\u0142e dzieci ch\u0142on\u0105 to, co m\u00f3wimy zanim zaczn\u0105 m\u00f3wi\u0107! Goki to producent drewnianych zabawek dla dzieci, kt\u00f3re wyr\u00f3\u017cnia styl, \u017cywe kolory, wysoka jako\u015b\u0107 i innowacyjno\u015b\u0107. Produkty Goki wspieraj\u0105 rozw\u00f3j sensoryczny i motoryczny dziecka, sk\u0142aniaj\u0105 do logicznego my\u015blenia, a rodzicom pomagaj\u0105 tworzy\u0107 zr\u00f3wnowa\u017cony styl zabawy bez ha\u0142asu i plastiku. NAZWA PUZZLE WARSTOWE POJAZDY PRODUCENT GOKI WIEK 2+ WYMIARY 175 X 135 X 20 MM EAN 4013594577045 Znajd\u017a podobne wed\u0142ug klucza: GOKI PUZZLE (316589)<\/p>\n<h2>Goki Puzzle Warstwowe Pojazdy Goki<\/h2>\n<p>podchwytliwe zagadki dla doros\u0142ych, pierwszy obudzi\u0142 si\u0119 pierwiosnek tekst, 20 pytania do lektury ma\u0142y ksi\u0105\u017c\u0119, agroturystyka dla dzieci ze zwierz\u0119tami, tajemniczy ogr\u00f3d test z lektury, mapa polski do druku, prezent na roczek dla ch\u0142opca, bajki na dobranoc psi patrol, ma\u0142y ksi\u0105\u017ce cytaty, zosia samosia wiersz, rysunki dla pocz\u0105tkuj\u0105cych, karaluchy pod poduchy a szczypawki, uk\u0142ad s\u0142oneczny dla dzieci do druku, pa\u0144stwa miasta wz\u00f3r, ma\u0142y ksi\u0105\u017c\u0119 cytaty o przyja\u017ani<\/p>\n<p>yyyyy<\/p>\n<p>&nbsp;<\/p>\n","protected":false},"excerpt":{"rendered":"<p>Ka\u017cda warstwa puzzli Goki zawiera pojazd innej wielko\u015bci i innego przeznaczenia: motor, samoch\u00f3d osobowy, karetk\u0119, stra\u017c po\u017carn\u0105 i \u015bmieciark\u0119. Puzzle tego typu ucz\u0105 najm\u0142odsze dzieci dopasowywania element\u00f3w do kontur\u00f3w, rozwijaj\u0105 wiedz\u0119 o motoryzacji oraz sk\u0142aniaj\u0105 rodzic\u00f3w do rozmowy z dzieckiem nt. zastosowania pojazd\u00f3w. Nie wa\u017cne, \u017ce maluch nie m\u00f3wi! Ma\u0142e dzieci ch\u0142on\u0105 to, co m\u00f3wimy [&hellip;]<\/p>\n","protected":false},"featured_media":6947,"comment_status":"closed","ping_status":"open","template":"","meta":[],"product_cat":[227,90],"product_tag":[583,605,814],"class_list":["post-6946","product","type-product","status-publish","has-post-thumbnail","hentry","product_cat-goki","product_cat-puzzle","product_tag-kolysanki-dla-dzieci-tekst","product_tag-milena","product_tag-prezenty-dla-nastolatek"],"_links":{"self":[{"href":"http:\/\/klubmamgdynia.pl\/index.php\/wp-json\/wp\/v2\/product\/6946","targetHints":{"allow":["GET"]}}],"collection":[{"href":"http:\/\/klubmamgdynia.pl\/index.php\/wp-json\/wp\/v2\/product"}],"about":[{"href":"http:\/\/klubmamgdynia.pl\/index.php\/wp-json\/wp\/v2\/types\/product"}],"replies":[{"embeddable":true,"href":"http:\/\/klubmamgdynia.pl\/index.php\/wp-json\/wp\/v2\/comments?post=6946"}],"wp:featuredmedia":[{"embeddable":true,"href":"http:\/\/klubmamgdynia.pl\/index.php\/wp-json\/wp\/v2\/media\/6947"}],"wp:attachment":[{"href":"http:\/\/klubmamgdynia.pl\/index.php\/wp-json\/wp\/v2\/media?parent=6946"}],"wp:term":[{"taxonomy":"product_cat","embeddable":true,"href":"http:\/\/klubmamgdynia.pl\/index.php\/wp-json\/wp\/v2\/product_cat?post=6946"},{"taxonomy":"product_tag","embeddable":true,"href":"http:\/\/klubmamgdynia.pl\/index.php\/wp-json\/wp\/v2\/product_tag?post=6946"}],"curies":[{"name":"wp","href":"https:\/\/api.w.org\/{rel}","templated":true}]}}