{"id":6948,"date":"2013-04-14T14:40:59","date_gmt":"2013-04-14T12:40:59","guid":{"rendered":"http:\/\/klubmamgdynia.pl\/index.php\/produkt\/pilot-marker-dekoracyjny-pintor-m-neon-rozowy\/"},"modified":"2026-04-05T13:48:32","modified_gmt":"2026-04-05T11:48:32","slug":"pilot-marker-dekoracyjny-pintor-m-neon-rozowy","status":"publish","type":"product","link":"http:\/\/klubmamgdynia.pl\/index.php\/produkt\/pilot-marker-dekoracyjny-pintor-m-neon-rozowy\/","title":{"rendered":"Pilot Marker Dekoracyjny Pintor M Neon R\u00f3\u017cowy"},"content":{"rendered":"<p>PILOT MARKER PINTOR MNEON R\u00d3\u017bOWYTw\u00f3rz na czym tylko chcesz!Innowacyjny marker z Farb\u0105 od marki PILOT zar\u00f3wno dla profesjonalist\u00f3w jak i pocz\u0105tkuj\u0105cych artyst\u00f3w.Dzi\u0119ki unikalnym pigmentom mo\u017cna u\u017cywa\u0107 go jak farby i za pomoc\u0105 p\u0119dzla \u0142\u0105czy\u0107 kolory, tworz\u0105c ciekawe przej\u015bcia.Marker idealnie pokryje ka\u017cd\u0105 powierzchni\u0119. Wyst\u0119puje zar\u00f3wno w \u015bwietlistych, metalicznych, neonowych i \u0142agodnych pastelowych kolorachNa naszych aukcjach znajdziesz oznaczenia:EF okr\u0105g\u0142a ko\u0144c\u00f3wka cienkaF okr\u0105g\u0142a ko\u0144c\u00f3wka, grubo\u015b\u0107 maksymalna 1,5 mmM ko\u0144c\u00f3wka okr\u0105g\u0142a grubaB ko\u0144c\u00f3wka \u015bci\u0119ta, grubo\u015b\u0107 8,0Nie ograniczaj si\u0119, tw\u00f3rz gdzie tylko chcesz! Mo\u017cesz ozdobi\u0107: materia\u0142 drewno papier plastik metal szk\u0142o korek porcelan\u0119 sk\u00f3r\u0119 styropian kamie\u0144 gum\u0119Idealny do zdobienia ubra\u0144, wszelkich tekstyli\u00f3w, toreb, plecak\u00f3w, obuwia, koszule, spodni. Bi\u017cuterii, kamieni, idealny do prac DIY.Stw\u00f3rz niepowtarzalne kompozycje i wyr\u00f3\u017cnij si\u0119!Szybkoschn\u0105cy tusz, nie rozmazuje si\u0119.Wytrzyma\u0142a ko\u0144c\u00f3wka wykonana z w\u0142\u00f3kna akrylowego Polipropylenowa obudowa Przyjazny dla \u015brodowiska, nie zawiera ksylenu i toluenuNa obudowie posiada nazw\u0119 modelu i kraju, gdzie zosta\u0142 wyprodukowany.Wyprodukowany w fabryce, posiadaj\u0105cej certyfikat ISO 14001. PILOT posiada certyfikat ISO 9001.<\/p>\n<h2>Pilot Marker Dekoracyjny Pintor M Neon R\u00f3\u017cowy Pilot<\/h2>\n<p>praktyczny prezent dla rocznego dziecka, kolorowanki do druku pokemon, lego ninjago kolorowanka, dzie\u0144 dziecka dla nastolatk\u00f3w, pisanie po \u015bladzie do druku pdf<\/p>\n<p>yyyyy<\/p>\n<p>&nbsp;<\/p>\n","protected":false},"excerpt":{"rendered":"<p>PILOT MARKER PINTOR MNEON R\u00d3\u017bOWYTw\u00f3rz na czym tylko chcesz!Innowacyjny marker z Farb\u0105 od marki PILOT zar\u00f3wno dla profesjonalist\u00f3w jak i pocz\u0105tkuj\u0105cych artyst\u00f3w.Dzi\u0119ki unikalnym pigmentom mo\u017cna u\u017cywa\u0107 go jak farby i za pomoc\u0105 p\u0119dzla \u0142\u0105czy\u0107 kolory, tworz\u0105c ciekawe przej\u015bcia.Marker idealnie pokryje ka\u017cd\u0105 powierzchni\u0119. Wyst\u0119puje zar\u00f3wno w \u015bwietlistych, metalicznych, neonowych i \u0142agodnych pastelowych kolorachNa naszych aukcjach znajdziesz [&hellip;]<\/p>\n","protected":false},"featured_media":6949,"comment_status":"closed","ping_status":"open","template":"","meta":[],"product_cat":[1513,297],"product_tag":[777,593,749,866,665],"class_list":["post-6948","product","type-product","status-publish","has-post-thumbnail","hentry","product_cat-pilot","product_cat-szkolne-artykuly-plastyczne","product_tag-co-na-roczek","product_tag-jak-narysowac-konia","product_tag-najlepsze-zarty-na-prima-aprilis","product_tag-opis-do-zdjecia-dziecka-na-fb","product_tag-proste-zagadki"],"_links":{"self":[{"href":"http:\/\/klubmamgdynia.pl\/index.php\/wp-json\/wp\/v2\/product\/6948","targetHints":{"allow":["GET"]}}],"collection":[{"href":"http:\/\/klubmamgdynia.pl\/index.php\/wp-json\/wp\/v2\/product"}],"about":[{"href":"http:\/\/klubmamgdynia.pl\/index.php\/wp-json\/wp\/v2\/types\/product"}],"replies":[{"embeddable":true,"href":"http:\/\/klubmamgdynia.pl\/index.php\/wp-json\/wp\/v2\/comments?post=6948"}],"wp:featuredmedia":[{"embeddable":true,"href":"http:\/\/klubmamgdynia.pl\/index.php\/wp-json\/wp\/v2\/media\/6949"}],"wp:attachment":[{"href":"http:\/\/klubmamgdynia.pl\/index.php\/wp-json\/wp\/v2\/media?parent=6948"}],"wp:term":[{"taxonomy":"product_cat","embeddable":true,"href":"http:\/\/klubmamgdynia.pl\/index.php\/wp-json\/wp\/v2\/product_cat?post=6948"},{"taxonomy":"product_tag","embeddable":true,"href":"http:\/\/klubmamgdynia.pl\/index.php\/wp-json\/wp\/v2\/product_tag?post=6948"}],"curies":[{"name":"wp","href":"https:\/\/api.w.org\/{rel}","templated":true}]}}