{"id":6950,"date":"2018-03-24T04:22:04","date_gmt":"2018-03-24T03:22:04","guid":{"rendered":"http:\/\/klubmamgdynia.pl\/index.php\/produkt\/haczyk-na-zakupy-do-hulajnogi-xiaomi-m365-pro\/"},"modified":"2026-04-26T15:42:57","modified_gmt":"2026-04-26T13:42:57","slug":"haczyk-na-zakupy-do-hulajnogi-xiaomi-m365-pro","status":"publish","type":"product","link":"http:\/\/klubmamgdynia.pl\/index.php\/produkt\/haczyk-na-zakupy-do-hulajnogi-xiaomi-m365-pro\/","title":{"rendered":"Haczyk Na Zakupy Do Hulajnogi Xiaomi M365 Pro"},"content":{"rendered":"<p>Haczyk wykonany w technologii druku 3D Du\u017cy, mocny, porz\u0105dny ! Przeszed\u0142 wymagaj\u0105ce testy wytrzyma\u0142o\u015bci bez obaw o wy\u0142amanie nawet w przypadku wi\u0119kszych ci\u0119\u017car\u00f3w! Montowany za pomoc\u0105 \u015brub mocuj\u0105cych kierownic\u0119 Dost\u0119pne kolory: &#8211; szary grafitowy &#8211; czarny &#8211; bia\u0142y na specjalne \u017cyczenie jest mo\u017cliwo\u015b\u0107 zam\u00f3wienia innego koloru, prosimy o kontakt w wiadomo\u015bci mailowej, postaramy si\u0119 sprosta\u0107 \u017cyczeniom.<\/p>\n<h2>Haczyk Na Zakupy Do Hulajnogi Xiaomi M365 Pro Noname<\/h2>\n<p>halloween warszawa 2021 dzieci, sonia imi\u0119, co kupic dziewczynce na roczek, atrakcje dla nastolatk\u00f3w, desery dla dzieci, bajki dla dzieci na dobranoc do czytania, ja\u015bmina, quizy za darmo, u\u015bmiech dziecka wiersz, opowiadanie o jesieni dla dzieci, kolorowanka uk\u0142ad s\u0142oneczny dla dzieci do druku, zabawki na roczek dla ch\u0142opca, przyja\u017a\u0144 cytaty, urodziny dziecka pomys\u0142y, paula znaczenie imienia<\/p>\n<p>yyyyy<\/p>\n<p>&nbsp;<\/p>\n","protected":false},"excerpt":{"rendered":"<p>Haczyk wykonany w technologii druku 3D Du\u017cy, mocny, porz\u0105dny ! Przeszed\u0142 wymagaj\u0105ce testy wytrzyma\u0142o\u015bci bez obaw o wy\u0142amanie nawet w przypadku wi\u0119kszych ci\u0119\u017car\u00f3w! Montowany za pomoc\u0105 \u015brub mocuj\u0105cych kierownic\u0119 Dost\u0119pne kolory: &#8211; szary grafitowy &#8211; czarny &#8211; bia\u0142y na specjalne \u017cyczenie jest mo\u017cliwo\u015b\u0107 zam\u00f3wienia innego koloru, prosimy o kontakt w wiadomo\u015bci mailowej, postaramy si\u0119 sprosta\u0107 [&hellip;]<\/p>\n","protected":false},"featured_media":6951,"comment_status":"closed","ping_status":"open","template":"","meta":[],"product_cat":[1117,1514],"product_tag":[583,651,672],"class_list":["post-6950","product","type-product","status-publish","has-post-thumbnail","hentry","product_cat-noname","product_cat-pozostaly-sprzet-i-akcesoria-do-skatingu","product_tag-kolysanki-dla-dzieci-tekst","product_tag-quizy-online","product_tag-trudne-zagadki-z-odpowiedziami"],"_links":{"self":[{"href":"http:\/\/klubmamgdynia.pl\/index.php\/wp-json\/wp\/v2\/product\/6950","targetHints":{"allow":["GET"]}}],"collection":[{"href":"http:\/\/klubmamgdynia.pl\/index.php\/wp-json\/wp\/v2\/product"}],"about":[{"href":"http:\/\/klubmamgdynia.pl\/index.php\/wp-json\/wp\/v2\/types\/product"}],"replies":[{"embeddable":true,"href":"http:\/\/klubmamgdynia.pl\/index.php\/wp-json\/wp\/v2\/comments?post=6950"}],"wp:featuredmedia":[{"embeddable":true,"href":"http:\/\/klubmamgdynia.pl\/index.php\/wp-json\/wp\/v2\/media\/6951"}],"wp:attachment":[{"href":"http:\/\/klubmamgdynia.pl\/index.php\/wp-json\/wp\/v2\/media?parent=6950"}],"wp:term":[{"taxonomy":"product_cat","embeddable":true,"href":"http:\/\/klubmamgdynia.pl\/index.php\/wp-json\/wp\/v2\/product_cat?post=6950"},{"taxonomy":"product_tag","embeddable":true,"href":"http:\/\/klubmamgdynia.pl\/index.php\/wp-json\/wp\/v2\/product_tag?post=6950"}],"curies":[{"name":"wp","href":"https:\/\/api.w.org\/{rel}","templated":true}]}}