{"id":6952,"date":"2023-08-31T08:39:39","date_gmt":"2023-08-31T06:39:39","guid":{"rendered":"http:\/\/klubmamgdynia.pl\/?post_type=product&#038;p=6952"},"modified":"2026-04-06T02:12:10","modified_gmt":"2026-04-06T00:12:10","slug":"osmo-mat-075-l-sulejowek-3062","status":"publish","type":"product","link":"http:\/\/klubmamgdynia.pl\/index.php\/produkt\/osmo-mat-075-l-sulejowek-3062\/","title":{"rendered":"OSMO MAT 0,75 L &#8211; SULEJ\u00d3WEK 3062"},"content":{"rendered":"<p>Osmo 3062 Mat 0,75 L &#8211; Sulej\u00f3wek<\/p>\n<h2>OSMO MAT 0,75 L &#8211; SULEJ\u00d3WEK 3062 Osmo<\/h2>\n<p>kolorowanki star wars, test opowie\u015b\u0107 wigilijna, kolorowanka ksi\u0119\u017cniczka, choinko pi\u0119kna jak las tekst, literki do pisania do druku, przys\u0142owia o rodzinie, hobbit, prezent dla dziewczynki 7 lat, wr\u00f3zby andrzejkowe dla dzieci, b\u0105k ptak, kolorowanka wr\u00f3\u017cka<\/p>\n<p>yyyyy<\/p>\n<p>&nbsp;<\/p>\n","protected":false},"excerpt":{"rendered":"<p>Osmo 3062 Mat 0,75 L &#8211; Sulej\u00f3wek OSMO MAT 0,75 L &#8211; SULEJ\u00d3WEK 3062 Osmo kolorowanki star wars, test opowie\u015b\u0107 wigilijna, kolorowanka ksi\u0119\u017cniczka, choinko pi\u0119kna jak las tekst, literki do pisania do druku, przys\u0142owia o rodzinie, hobbit, prezent dla dziewczynki 7 lat, wr\u00f3zby andrzejkowe dla dzieci, b\u0105k ptak, kolorowanka wr\u00f3\u017cka yyyyy &nbsp;<\/p>\n","protected":false},"featured_media":6953,"comment_status":"closed","ping_status":"open","template":"","meta":[],"product_cat":[1516,1515],"product_tag":[781,675,653,600,701],"class_list":["post-6952","product","type-product","status-publish","has-post-thumbnail","hentry","product_cat-akcesoria-do-wykonczenia-podlogi","product_cat-osmo","product_tag-cytaty-o-wychowaniu-dzieci","product_tag-test-z-lektury-kajko-i-kokosz-szkola-latania","product_tag-warszawa-dla-dzieci","product_tag-zaproszenia-na-urodziny-do-druku","product_tag-zgadywanki-dla-dzieci"],"_links":{"self":[{"href":"http:\/\/klubmamgdynia.pl\/index.php\/wp-json\/wp\/v2\/product\/6952","targetHints":{"allow":["GET"]}}],"collection":[{"href":"http:\/\/klubmamgdynia.pl\/index.php\/wp-json\/wp\/v2\/product"}],"about":[{"href":"http:\/\/klubmamgdynia.pl\/index.php\/wp-json\/wp\/v2\/types\/product"}],"replies":[{"embeddable":true,"href":"http:\/\/klubmamgdynia.pl\/index.php\/wp-json\/wp\/v2\/comments?post=6952"}],"wp:featuredmedia":[{"embeddable":true,"href":"http:\/\/klubmamgdynia.pl\/index.php\/wp-json\/wp\/v2\/media\/6953"}],"wp:attachment":[{"href":"http:\/\/klubmamgdynia.pl\/index.php\/wp-json\/wp\/v2\/media?parent=6952"}],"wp:term":[{"taxonomy":"product_cat","embeddable":true,"href":"http:\/\/klubmamgdynia.pl\/index.php\/wp-json\/wp\/v2\/product_cat?post=6952"},{"taxonomy":"product_tag","embeddable":true,"href":"http:\/\/klubmamgdynia.pl\/index.php\/wp-json\/wp\/v2\/product_tag?post=6952"}],"curies":[{"name":"wp","href":"https:\/\/api.w.org\/{rel}","templated":true}]}}