{"id":6954,"date":"2011-02-03T04:35:50","date_gmt":"2011-02-03T03:35:50","guid":{"rendered":"http:\/\/klubmamgdynia.pl\/index.php\/produkt\/lisciani-tablica-led-fluorescencyjna-67787\/"},"modified":"2026-05-17T22:46:04","modified_gmt":"2026-05-17T20:46:04","slug":"lisciani-tablica-led-fluorescencyjna-67787","status":"publish","type":"product","link":"http:\/\/klubmamgdynia.pl\/index.php\/produkt\/lisciani-tablica-led-fluorescencyjna-67787\/","title":{"rendered":"Lisciani Tablica Led Fluorescencyjna 67787"},"content":{"rendered":"<p>\u015awiec\u0105ca, fluorescencyjna tablica, dzi\u0119ki kt\u00f3rej rysunki dziecka s\u0105 widoczne w ciemno\u015bci. 8 r\u00f3\u017cnych tryb\u00f3w pod\u015bwietlenia. Przy u\u017cyciu fluorescencyjnych pisak\u00f3w mo\u017cna rysowa\u0107 niesko\u0144czenie wiele razy, zmazuj\u0105c rysunki such\u0105 \u015bciereczk\u0105. Wszechstronna jak klasyczna tablica i \u015bwiec\u0105ca jak neonowy szyld! Zawarto\u015b\u0107: szablony rysunk\u00f3w, pisaki, wsporniki do u\u017cywania tablicy w pionie, tablica led, 8 tryb\u00f3w pod\u015bwietlenia.<\/p>\n<h2>Lisciani Tablica Led Fluorescencyjna 67787 Lisciani<\/h2>\n<p>pomys\u0142 na laurk\u0119, kaczuszka, cytaty o przyjazni, \u0142atwe zagadki, everest psi patrol kolorowanka, kolorowanka minecraft, karty pracy polsko ukrai\u0144skie, bajki halloween, zagadki \u015bmieszne dla dzieci, zaproszenie na urodziny do druku, fajne rzeczy dla nastolatk\u00f3w, ozdoby wielkanocne kt\u00f3re mog\u0105 zrobi\u0107 dzieci, kolorowanka peppa, gdzie strumyk p\u0142ynie z wolna tekst, kryspinow, kotek kolorowanka<\/p>\n<p>yyyyy<\/p>\n<p>&nbsp;<\/p>\n","protected":false},"excerpt":{"rendered":"<p>\u015awiec\u0105ca, fluorescencyjna tablica, dzi\u0119ki kt\u00f3rej rysunki dziecka s\u0105 widoczne w ciemno\u015bci. 8 r\u00f3\u017cnych tryb\u00f3w pod\u015bwietlenia. Przy u\u017cyciu fluorescencyjnych pisak\u00f3w mo\u017cna rysowa\u0107 niesko\u0144czenie wiele razy, zmazuj\u0105c rysunki such\u0105 \u015bciereczk\u0105. Wszechstronna jak klasyczna tablica i \u015bwiec\u0105ca jak neonowy szyld! Zawarto\u015b\u0107: szablony rysunk\u00f3w, pisaki, wsporniki do u\u017cywania tablicy w pionie, tablica led, 8 tryb\u00f3w pod\u015bwietlenia. Lisciani Tablica Led [&hellip;]<\/p>\n","protected":false},"featured_media":6955,"comment_status":"closed","ping_status":"open","template":"","meta":[],"product_cat":[362,21],"product_tag":[699,665,778],"class_list":["post-6954","product","type-product","status-publish","has-post-thumbnail","hentry","product_cat-lisciani","product_cat-zabawki-plastyczne","product_tag-kolorowanki-do-druku-dla-dziewczyn","product_tag-proste-zagadki","product_tag-zabawki-na-roczek-dla-chlopca"],"_links":{"self":[{"href":"http:\/\/klubmamgdynia.pl\/index.php\/wp-json\/wp\/v2\/product\/6954","targetHints":{"allow":["GET"]}}],"collection":[{"href":"http:\/\/klubmamgdynia.pl\/index.php\/wp-json\/wp\/v2\/product"}],"about":[{"href":"http:\/\/klubmamgdynia.pl\/index.php\/wp-json\/wp\/v2\/types\/product"}],"replies":[{"embeddable":true,"href":"http:\/\/klubmamgdynia.pl\/index.php\/wp-json\/wp\/v2\/comments?post=6954"}],"wp:featuredmedia":[{"embeddable":true,"href":"http:\/\/klubmamgdynia.pl\/index.php\/wp-json\/wp\/v2\/media\/6955"}],"wp:attachment":[{"href":"http:\/\/klubmamgdynia.pl\/index.php\/wp-json\/wp\/v2\/media?parent=6954"}],"wp:term":[{"taxonomy":"product_cat","embeddable":true,"href":"http:\/\/klubmamgdynia.pl\/index.php\/wp-json\/wp\/v2\/product_cat?post=6954"},{"taxonomy":"product_tag","embeddable":true,"href":"http:\/\/klubmamgdynia.pl\/index.php\/wp-json\/wp\/v2\/product_tag?post=6954"}],"curies":[{"name":"wp","href":"https:\/\/api.w.org\/{rel}","templated":true}]}}