{"id":6956,"date":"2016-04-23T00:08:58","date_gmt":"2016-04-22T22:08:58","guid":{"rendered":"http:\/\/klubmamgdynia.pl\/index.php\/produkt\/duza-mata-pod-sprzet-do-silowni-domu-cwiczen-08cm-czarny\/"},"modified":"2026-04-04T15:12:29","modified_gmt":"2026-04-04T13:12:29","slug":"duza-mata-pod-sprzet-do-silowni-domu-cwiczen-08cm-czarny","status":"publish","type":"product","link":"http:\/\/klubmamgdynia.pl\/index.php\/produkt\/duza-mata-pod-sprzet-do-silowni-domu-cwiczen-08cm-czarny\/","title":{"rendered":"Du\u017ca Mata Pod Sprz\u0119t Do Si\u0142owni Domu \u0106wicze\u0144 0,8cm Czarny"},"content":{"rendered":"<p>FIT4MED Mata ochronna TPE 0,8 cm 183x80Nasza mata to wysokiej jako\u015bci produkt, stworzony z my\u015bl\u0105 o posiadaczach treningowego sprz\u0119tu fitness. Wykonana z antypo\u015blizgowego tworzywa TPE skutecznie sprawdzi si\u0119 pod urz\u0105dzeniami typu: rowery stacjonarne, orbitreki, wio\u015blarze, bie\u017cnie czy platformy wibracyjne. Mata stanowi stabilizacj\u0119 pod\u0142o\u017ca, doskonale pasuje jako warstwa amortyzuj\u0105ca drgania i zapewniaj\u0105ca izolacj\u0119 akustyczn\u0105 w trakcie wykonywania \u0107wicze\u0144 na sprz\u0119tach fitness. Wymiary roz\u0142o\u017conej maty wynosz\u0105 183 x 80 cm. Po zako\u0144czonych \u0107wiczeniach mat\u0119 mo\u017cna \u0142atwo zwin\u0105\u0107 i schowa\u0107 wraz ze sprz\u0119tem.Dane techniczne:Model: FIT4MED FIT91-X01Kolor: czarnyWymiary: 183&#215;80 cmGrubo\u015b\u0107: 0,8 cmMateria\u0142: TPEOchrona pod\u0142ogiDzi\u0119ki zastosowaniu naszej maty masz pewno\u015b\u0107, \u017ce Twoja pod\u0142oga b\u0119dzie skutecznie chroniona nawet podczas intensywnych trening\u00f3w. Mata pomo\u017ce Ci zabezpieczy\u0107 pod\u0142o\u017ce wykonane z paneli, drewna lub p\u0142ytek ceramicznych przed zarysowaniami lub zabrudzeniami. Jednocze\u015bnie mata redukuje ha\u0142as i drgania, kt\u00f3re powstaj\u0105 w trakcie intensywnego treningu.Wodoodporno\u015b\u0107Akcesoria do domowych trening\u00f3w powinny by\u0107 praktyczne, dlatego do produkcji naszej maty ochronnej wykorzystano wysokiej jako\u015bci, wytrzyma\u0142e tworzywo TPE. Jego atutem jest wodoodporna struktura, kt\u00f3ra sprawia, \u017ce mata nie wch\u0142ania wilgoci i potu, a tak\u017ce jest bardzo \u0142atwa w utrzymaniu w czysto\u015bci.Antypo\u015blizgowy materia\u0142Dodatkowym atutem jest antypo\u015blizgowy materia\u0142, kt\u00f3ry zwi\u0119ksza wygod\u0119 u\u017cytkowania. Dzi\u0119ki temu nie przesuwa si\u0119 mata w trakcie trening\u00f3w.Odpowiednia grubo\u015b\u0107Mata zosta\u0142a wykonana z najwy\u017cszej jako\u015bci materia\u0142u TPE cechuj\u0105cego si\u0119 gi\u0119tko\u015bci\u0105 oraz wysok\u0105 wytrzyma\u0142o\u015bci\u0105.Trzy warstwowa strukturaPowierzchnia antypo\u015blizgowaWewn\u0119trzna warstwa wzmacniaj\u0105caAntypo\u015blizgowa struktura<\/p>\n<h2>Du\u017ca Mata Pod Sprz\u0119t Do Si\u0142owni Domu \u0106wicze\u0144 0,8cm Czarny Noname<\/h2>\n<p>wiersz o g\u00f3rniku, zagadki matematyczne dla dzieci 7 lat, bianka, wpad\u0142a bomba do piwnicy, gad\u017cety dla nastolatka, maska kota do druku, quiz o \u015bwi\u0119tach, opowiadanie o jesieni dla dzieci, opisy o dziecku, test z lektury kajko i kokosz szko\u0142a latania, rodzina cytaty, pomys\u0142y na pakowanie prezent\u00f3w, quiz zemsta, kolorowanki dla dziewczyn<\/p>\n<p>yyyyy<\/p>\n<p>&nbsp;<\/p>\n","protected":false},"excerpt":{"rendered":"<p>FIT4MED Mata ochronna TPE 0,8 cm 183x80Nasza mata to wysokiej jako\u015bci produkt, stworzony z my\u015bl\u0105 o posiadaczach treningowego sprz\u0119tu fitness. Wykonana z antypo\u015blizgowego tworzywa TPE skutecznie sprawdzi si\u0119 pod urz\u0105dzeniami typu: rowery stacjonarne, orbitreki, wio\u015blarze, bie\u017cnie czy platformy wibracyjne. Mata stanowi stabilizacj\u0119 pod\u0142o\u017ca, doskonale pasuje jako warstwa amortyzuj\u0105ca drgania i zapewniaj\u0105ca izolacj\u0119 akustyczn\u0105 w trakcie [&hellip;]<\/p>\n","protected":false},"featured_media":6957,"comment_status":"closed","ping_status":"open","template":"","meta":[],"product_cat":[1517,1117],"product_tag":[864,759,581,709,873],"class_list":["post-6956","product","type-product","status-publish","has-post-thumbnail","hentry","product_cat-maty-do-cwiczen","product_cat-noname","product_tag-basen-warszawa","product_tag-pomysly-na-prezent-dla-nastolatkow","product_tag-zagadki-dla-8-latka","product_tag-zagadki-dla-dzieci-6-7-lat","product_tag-zagadki-z-odpowiedziami-dla-dzieci"],"_links":{"self":[{"href":"http:\/\/klubmamgdynia.pl\/index.php\/wp-json\/wp\/v2\/product\/6956","targetHints":{"allow":["GET"]}}],"collection":[{"href":"http:\/\/klubmamgdynia.pl\/index.php\/wp-json\/wp\/v2\/product"}],"about":[{"href":"http:\/\/klubmamgdynia.pl\/index.php\/wp-json\/wp\/v2\/types\/product"}],"replies":[{"embeddable":true,"href":"http:\/\/klubmamgdynia.pl\/index.php\/wp-json\/wp\/v2\/comments?post=6956"}],"wp:featuredmedia":[{"embeddable":true,"href":"http:\/\/klubmamgdynia.pl\/index.php\/wp-json\/wp\/v2\/media\/6957"}],"wp:attachment":[{"href":"http:\/\/klubmamgdynia.pl\/index.php\/wp-json\/wp\/v2\/media?parent=6956"}],"wp:term":[{"taxonomy":"product_cat","embeddable":true,"href":"http:\/\/klubmamgdynia.pl\/index.php\/wp-json\/wp\/v2\/product_cat?post=6956"},{"taxonomy":"product_tag","embeddable":true,"href":"http:\/\/klubmamgdynia.pl\/index.php\/wp-json\/wp\/v2\/product_tag?post=6956"}],"curies":[{"name":"wp","href":"https:\/\/api.w.org\/{rel}","templated":true}]}}