{"id":6958,"date":"2015-09-16T02:59:12","date_gmt":"2015-09-16T00:59:12","guid":{"rendered":"http:\/\/klubmamgdynia.pl\/index.php\/produkt\/marker-metaliczny-m-3-kolory-staedtler\/"},"modified":"2026-04-18T17:41:09","modified_gmt":"2026-04-18T15:41:09","slug":"marker-metaliczny-m-3-kolory-staedtler","status":"publish","type":"product","link":"http:\/\/klubmamgdynia.pl\/index.php\/produkt\/marker-metaliczny-m-3-kolory-staedtler\/","title":{"rendered":"Marker Metaliczny M 3 Kolory Staedtler"},"content":{"rendered":"<p>Atrament pigmentowy na bazie wody. Usuwalny z g\u0142adkich powierzchni tj.szk\u0142o, lustro, folia. Widoczny na jasnym i ciemnym papierze. Idealny do scrapbookingu i dekorowania kartek okoliczno\u015bciowych. Grubo\u015b\u0107 linii pisania: ok. 1 &#8211; 2 mm. Ko\u0144c\u00f3wka okr\u0105g\u0142a. 3 markery w opakowaniu.<\/p>\n<h2>Marker Metaliczny M 3 Kolory Staedtler <\/h2>\n<p>bajki dla dzieci do czytania, imi\u0119 alan, motyl kolorowanka, prezent dla 7 latka ch\u0142opca, henryk, praktyczny prezent dla rocznego dziecka, praktyczny prezent dla rocznego dziecka, motylek, serce origami, cytat o rodzinie, cytat z kubusia puchatka o mi\u0142o\u015bci, ubieranki do druku, zagadki matematyczne logiczne, bajka do czytania na dobranoc, znaczenie imienia julian, quizy o minecraft, prezent dla 16 latki, zagadki wielkanocne przedszkole, cytaty dla przyjaciela, hot wheels kolorowanka, opisy rodzina<\/p>\n<p><a href=\"https:\/\/www.hiperpharm.pl\/wrzody-nadkwasnosc-zgaga.html\">hiperpharm.pl\/wrzody-nadkwasnosc-zgaga.html<\/a><\/p>\n<p>&nbsp;<\/p>\n","protected":false},"excerpt":{"rendered":"<p>Atrament pigmentowy na bazie wody. Usuwalny z g\u0142adkich powierzchni tj.szk\u0142o, lustro, folia. Widoczny na jasnym i ciemnym papierze. Idealny do scrapbookingu i dekorowania kartek okoliczno\u015bciowych. Grubo\u015b\u0107 linii pisania: ok. 1 &#8211; 2 mm. Ko\u0144c\u00f3wka okr\u0105g\u0142a. 3 markery w opakowaniu. Marker Metaliczny M 3 Kolory Staedtler bajki dla dzieci do czytania, imi\u0119 alan, motyl kolorowanka, prezent [&hellip;]<\/p>\n","protected":false},"featured_media":6959,"comment_status":"closed","ping_status":"open","template":"","meta":[],"product_cat":[297],"product_tag":[853,589,606,872,849],"class_list":["post-6958","product","type-product","status-publish","has-post-thumbnail","hentry","product_cat-szkolne-artykuly-plastyczne","product_tag-kolorowanki-do-druku-dla-doroslych","product_tag-prezent-dla-rocznego-dziecka","product_tag-stala-pod-sniegiem","product_tag-zagadki-dla-dzieci-6-lat","product_tag-zagadki-matematyczne-dla-dzieci"],"_links":{"self":[{"href":"http:\/\/klubmamgdynia.pl\/index.php\/wp-json\/wp\/v2\/product\/6958","targetHints":{"allow":["GET"]}}],"collection":[{"href":"http:\/\/klubmamgdynia.pl\/index.php\/wp-json\/wp\/v2\/product"}],"about":[{"href":"http:\/\/klubmamgdynia.pl\/index.php\/wp-json\/wp\/v2\/types\/product"}],"replies":[{"embeddable":true,"href":"http:\/\/klubmamgdynia.pl\/index.php\/wp-json\/wp\/v2\/comments?post=6958"}],"wp:featuredmedia":[{"embeddable":true,"href":"http:\/\/klubmamgdynia.pl\/index.php\/wp-json\/wp\/v2\/media\/6959"}],"wp:attachment":[{"href":"http:\/\/klubmamgdynia.pl\/index.php\/wp-json\/wp\/v2\/media?parent=6958"}],"wp:term":[{"taxonomy":"product_cat","embeddable":true,"href":"http:\/\/klubmamgdynia.pl\/index.php\/wp-json\/wp\/v2\/product_cat?post=6958"},{"taxonomy":"product_tag","embeddable":true,"href":"http:\/\/klubmamgdynia.pl\/index.php\/wp-json\/wp\/v2\/product_tag?post=6958"}],"curies":[{"name":"wp","href":"https:\/\/api.w.org\/{rel}","templated":true}]}}