{"id":6962,"date":"2013-06-18T16:11:49","date_gmt":"2013-06-18T14:11:49","guid":{"rendered":"http:\/\/klubmamgdynia.pl\/index.php\/produkt\/aksjomat-album-z-naklejkami-superbohaterowie\/"},"modified":"2026-04-04T01:49:35","modified_gmt":"2026-04-03T23:49:35","slug":"aksjomat-album-z-naklejkami-superbohaterowie","status":"publish","type":"product","link":"http:\/\/klubmamgdynia.pl\/index.php\/produkt\/aksjomat-album-z-naklejkami-superbohaterowie\/","title":{"rendered":"Aksjomat Album z naklejkami &#8211; Superbohaterowie"},"content":{"rendered":"<p>Ksi\u0105\u017ceczka z naklejkami dla przedszkolak\u00f3w. Staranne, szczeg\u00f3\u0142owe i dowcipne ilustracje wpro&#8230;<\/p>\n<h2>Aksjomat Album z naklejkami &#8211; Superbohaterowie Aksjomat<\/h2>\n<p>\u015bwinka peppa dom, jak si\u0119 rysuje psa, gdzie strumyk p\u0142ynie z wolna tekst, quizy ortograficzne trudne, mitologia test wiedzy, quizy o minecraft<\/p>\n<p>yyyyy<\/p>\n<p>&nbsp;<\/p>\n","protected":false},"excerpt":{"rendered":"<p>Ksi\u0105\u017ceczka z naklejkami dla przedszkolak\u00f3w. Staranne, szczeg\u00f3\u0142owe i dowcipne ilustracje wpro&#8230; Aksjomat Album z naklejkami &#8211; Superbohaterowie Aksjomat \u015bwinka peppa dom, jak si\u0119 rysuje psa, gdzie strumyk p\u0142ynie z wolna tekst, quizy ortograficzne trudne, mitologia test wiedzy, quizy o minecraft yyyyy &nbsp;<\/p>\n","protected":false},"featured_media":6963,"comment_status":"closed","ping_status":"open","template":"","meta":[],"product_cat":[1512,325],"product_tag":[836,815,679],"class_list":["post-6962","product","type-product","status-publish","has-post-thumbnail","hentry","product_cat-aksjomat","product_cat-szkolne-artykuly-papiernicze","product_tag-co-kupic-dziecku-na-roczek","product_tag-ozdoby-choinkowe-dla-dzieci","product_tag-zabawki-na-roczek-dla-dziewczynki"],"_links":{"self":[{"href":"http:\/\/klubmamgdynia.pl\/index.php\/wp-json\/wp\/v2\/product\/6962","targetHints":{"allow":["GET"]}}],"collection":[{"href":"http:\/\/klubmamgdynia.pl\/index.php\/wp-json\/wp\/v2\/product"}],"about":[{"href":"http:\/\/klubmamgdynia.pl\/index.php\/wp-json\/wp\/v2\/types\/product"}],"replies":[{"embeddable":true,"href":"http:\/\/klubmamgdynia.pl\/index.php\/wp-json\/wp\/v2\/comments?post=6962"}],"wp:featuredmedia":[{"embeddable":true,"href":"http:\/\/klubmamgdynia.pl\/index.php\/wp-json\/wp\/v2\/media\/6963"}],"wp:attachment":[{"href":"http:\/\/klubmamgdynia.pl\/index.php\/wp-json\/wp\/v2\/media?parent=6962"}],"wp:term":[{"taxonomy":"product_cat","embeddable":true,"href":"http:\/\/klubmamgdynia.pl\/index.php\/wp-json\/wp\/v2\/product_cat?post=6962"},{"taxonomy":"product_tag","embeddable":true,"href":"http:\/\/klubmamgdynia.pl\/index.php\/wp-json\/wp\/v2\/product_tag?post=6962"}],"curies":[{"name":"wp","href":"https:\/\/api.w.org\/{rel}","templated":true}]}}