{"id":6966,"date":"2018-04-23T06:10:31","date_gmt":"2018-04-23T04:10:31","guid":{"rendered":"http:\/\/klubmamgdynia.pl\/index.php\/produkt\/cry-babies-lalka-bobas-dressy-lady-30cm\/"},"modified":"2026-04-23T05:08:19","modified_gmt":"2026-04-23T03:08:19","slug":"cry-babies-lalka-bobas-dressy-lady-30cm","status":"publish","type":"product","link":"http:\/\/klubmamgdynia.pl\/index.php\/produkt\/cry-babies-lalka-bobas-dressy-lady-30cm\/","title":{"rendered":"Cry Babies Lalka Bobas Dressy Lady 30Cm"},"content":{"rendered":"<p>Lalka Bobas Cry Babies Dressy Lady (30 cm)<\/p>\n<h2>Cry Babies Lalka Bobas Dressy Lady 30Cm IMC Toys<\/h2>\n<p>quiz znaki drogowe, kolorowanki uk\u0142ad s\u0142oneczny, kolorowanka lol, wierszyk o marzannie, znaczenie imiona alan, aron imi\u0119, minecraft quiz, sentencje ma\u0142y ksi\u0105\u017ce cytaty, szlaczki literopodobne, cytaty o przyja\u017ani \u015bmieszne, dyplomy szablony pdf, kr\u00f3tkie czytanki dla dzieci do wydruku, prezent dla nastolatk\u00f3w, po\u0142\u0105cz kropki do druku, labirynt dla dzieci<\/p>\n<p>yyyyy<\/p>\n<p>&nbsp;<\/p>\n","protected":false},"excerpt":{"rendered":"<p>Lalka Bobas Cry Babies Dressy Lady (30 cm) Cry Babies Lalka Bobas Dressy Lady 30Cm IMC Toys quiz znaki drogowe, kolorowanki uk\u0142ad s\u0142oneczny, kolorowanka lol, wierszyk o marzannie, znaczenie imiona alan, aron imi\u0119, minecraft quiz, sentencje ma\u0142y ksi\u0105\u017ce cytaty, szlaczki literopodobne, cytaty o przyja\u017ani \u015bmieszne, dyplomy szablony pdf, kr\u00f3tkie czytanki dla dzieci do wydruku, prezent [&hellip;]<\/p>\n","protected":false},"featured_media":6967,"comment_status":"closed","ping_status":"open","template":"","meta":[],"product_cat":[316,65],"product_tag":[828,584,720,757,741,592],"class_list":["post-6966","product","type-product","status-publish","has-post-thumbnail","hentry","product_cat-imc-toys","product_cat-lalki","product_tag-filmy-wigilijne-dla-dzieci","product_tag-liwia","product_tag-malowanki","product_tag-test-z-lektury-ania-z-zielonego-wzgorza-klasa-6-z-odpowiedziami","product_tag-wlochy","product_tag-zagadki-dla-dzieci"],"_links":{"self":[{"href":"http:\/\/klubmamgdynia.pl\/index.php\/wp-json\/wp\/v2\/product\/6966","targetHints":{"allow":["GET"]}}],"collection":[{"href":"http:\/\/klubmamgdynia.pl\/index.php\/wp-json\/wp\/v2\/product"}],"about":[{"href":"http:\/\/klubmamgdynia.pl\/index.php\/wp-json\/wp\/v2\/types\/product"}],"replies":[{"embeddable":true,"href":"http:\/\/klubmamgdynia.pl\/index.php\/wp-json\/wp\/v2\/comments?post=6966"}],"wp:featuredmedia":[{"embeddable":true,"href":"http:\/\/klubmamgdynia.pl\/index.php\/wp-json\/wp\/v2\/media\/6967"}],"wp:attachment":[{"href":"http:\/\/klubmamgdynia.pl\/index.php\/wp-json\/wp\/v2\/media?parent=6966"}],"wp:term":[{"taxonomy":"product_cat","embeddable":true,"href":"http:\/\/klubmamgdynia.pl\/index.php\/wp-json\/wp\/v2\/product_cat?post=6966"},{"taxonomy":"product_tag","embeddable":true,"href":"http:\/\/klubmamgdynia.pl\/index.php\/wp-json\/wp\/v2\/product_tag?post=6966"}],"curies":[{"name":"wp","href":"https:\/\/api.w.org\/{rel}","templated":true}]}}