{"id":6970,"date":"2024-04-19T18:39:30","date_gmt":"2024-04-19T16:39:30","guid":{"rendered":"http:\/\/klubmamgdynia.pl\/?post_type=product&#038;p=6970"},"modified":"2026-04-05T19:14:22","modified_gmt":"2026-04-05T17:14:22","slug":"anek-splonka-plastik","status":"publish","type":"product","link":"http:\/\/klubmamgdynia.pl\/index.php\/produkt\/anek-splonka-plastik\/","title":{"rendered":"Anek Sp\u0142onka Plastik"},"content":{"rendered":"<h2>Anek Sp\u0142onka Plastik Anek<\/h2>\n<p>\u015bmigus dyngus lany poniedzia\u0142ek zyczenia, aniela imie, najlepsze zagadki, mini zoo mazowieckie, kolorowanki, ko\u0142ysanka tekst, p\u0142atki \u015bniegu szablon, adriana imi\u0119, alan imi\u0119, kolorowanka harry potter do druku, quiz o dinozaurach, zagadki s\u0142owne, opowie\u015bci z narni lew czarownica i stara szafa test, kolorowanki antystresowe do druku, imie iwo, malgorzata znaczenie imienia, ciekawe miejsca w warszawie dla m\u0142odzie\u017cy, cytaty o przyja\u017ani \u015bmieszne, babciu droga babciu tekst<\/p>\n<p>yyyyy<\/p>\n<p>&nbsp;<\/p>\n","protected":false},"excerpt":{"rendered":"<p>Anek Sp\u0142onka Plastik Anek \u015bmigus dyngus lany poniedzia\u0142ek zyczenia, aniela imie, najlepsze zagadki, mini zoo mazowieckie, kolorowanki, ko\u0142ysanka tekst, p\u0142atki \u015bniegu szablon, adriana imi\u0119, alan imi\u0119, kolorowanka harry potter do druku, quiz o dinozaurach, zagadki s\u0142owne, opowie\u015bci z narni lew czarownica i stara szafa test, kolorowanki antystresowe do druku, imie iwo, malgorzata znaczenie imienia, ciekawe [&hellip;]<\/p>\n","protected":false},"featured_media":6971,"comment_status":"closed","ping_status":"open","template":"","meta":[],"product_cat":[111,482],"product_tag":[670,789,683,850,869],"class_list":["post-6970","product","type-product","status-publish","has-post-thumbnail","hentry","product_cat-anek","product_cat-gadzety","product_tag-irma","product_tag-kaczuszka","product_tag-karaluchy-pod-poduchy","product_tag-wroclaw-atrakcje-dla-dzieci","product_tag-zagadki-na-logike"],"_links":{"self":[{"href":"http:\/\/klubmamgdynia.pl\/index.php\/wp-json\/wp\/v2\/product\/6970","targetHints":{"allow":["GET"]}}],"collection":[{"href":"http:\/\/klubmamgdynia.pl\/index.php\/wp-json\/wp\/v2\/product"}],"about":[{"href":"http:\/\/klubmamgdynia.pl\/index.php\/wp-json\/wp\/v2\/types\/product"}],"replies":[{"embeddable":true,"href":"http:\/\/klubmamgdynia.pl\/index.php\/wp-json\/wp\/v2\/comments?post=6970"}],"wp:featuredmedia":[{"embeddable":true,"href":"http:\/\/klubmamgdynia.pl\/index.php\/wp-json\/wp\/v2\/media\/6971"}],"wp:attachment":[{"href":"http:\/\/klubmamgdynia.pl\/index.php\/wp-json\/wp\/v2\/media?parent=6970"}],"wp:term":[{"taxonomy":"product_cat","embeddable":true,"href":"http:\/\/klubmamgdynia.pl\/index.php\/wp-json\/wp\/v2\/product_cat?post=6970"},{"taxonomy":"product_tag","embeddable":true,"href":"http:\/\/klubmamgdynia.pl\/index.php\/wp-json\/wp\/v2\/product_tag?post=6970"}],"curies":[{"name":"wp","href":"https:\/\/api.w.org\/{rel}","templated":true}]}}