{"id":6972,"date":"2015-04-16T03:53:09","date_gmt":"2015-04-16T01:53:09","guid":{"rendered":"http:\/\/klubmamgdynia.pl\/index.php\/produkt\/aksjomat-koloruje-i-licze-kredka-segmentowa-opracowanie-zbiorowe\/"},"modified":"2026-04-26T23:20:15","modified_gmt":"2026-04-26T21:20:15","slug":"aksjomat-koloruje-i-licze-kredka-segmentowa-opracowanie-zbiorowe","status":"publish","type":"product","link":"http:\/\/klubmamgdynia.pl\/index.php\/produkt\/aksjomat-koloruje-i-licze-kredka-segmentowa-opracowanie-zbiorowe\/","title":{"rendered":"Aksjomat Koloruj\u0119 I Licz\u0119 Kredka Segmentowa Opracowanie Zbiorowe"},"content":{"rendered":"<p>Dziecko koloruje obrazki zgodnie z podanym kodem \u2013 \u0107wiczy koncentracj\u0119 niezb\u0119dn\u0105 w procesie uczenia si\u0119, utrwala kszta\u0142ty cyfr oraz oblicza w pami\u0119ci proste dzia\u0142ania. Zabawy graficzne przygotuj\u0105 ma\u0142\u0105 r\u0105czk\u0119 do opanowania trudnej sztuki pisania.Dodatkow\u0105 atrakcj\u0105 ksi\u0105\u017ceczki jest do\u0142\u0105czona kredka segmentowa w podstawowych kolorach.<\/p>\n<h2>Aksjomat Koloruj\u0119 I Licz\u0119 Kredka Segmentowa Opracowanie Zbiorowe Aksjomat<\/h2>\n<p>kr\u00f3tkie bajki na dobranoc o mi\u0142o\u015bci, labirynt dla dzieci, cytaty o macierzy\u0144stwie, kolorowe listki, imi\u0119 r\u00f3\u017ca, zagadki dla dzieci do druku, prezent dla ch\u0142opca na roczek, zabawka na roczek dla ch\u0142opca, \u015bwinka peppa do czytania, sa\u0142atki dla dzieci, malowanka do druku, zagadki logiczne matematyczne dla dzieci, kawal na prima aprilis, maurycy, zagadki dla dzieci 14 lat<\/p>\n<p>yyyyy<\/p>\n<p>&nbsp;<\/p>\n","protected":false},"excerpt":{"rendered":"<p>Dziecko koloruje obrazki zgodnie z podanym kodem \u2013 \u0107wiczy koncentracj\u0119 niezb\u0119dn\u0105 w procesie uczenia si\u0119, utrwala kszta\u0142ty cyfr oraz oblicza w pami\u0119ci proste dzia\u0142ania. Zabawy graficzne przygotuj\u0105 ma\u0142\u0105 r\u0105czk\u0119 do opanowania trudnej sztuki pisania.Dodatkow\u0105 atrakcj\u0105 ksi\u0105\u017ceczki jest do\u0142\u0105czona kredka segmentowa w podstawowych kolorach. Aksjomat Koloruj\u0119 I Licz\u0119 Kredka Segmentowa Opracowanie Zbiorowe Aksjomat kr\u00f3tkie bajki na [&hellip;]<\/p>\n","protected":false},"featured_media":6973,"comment_status":"closed","ping_status":"open","template":"","meta":[],"product_cat":[1512,325],"product_tag":[839,637,748,737,625],"class_list":["post-6972","product","type-product","status-publish","has-post-thumbnail","hentry","product_cat-aksjomat","product_cat-szkolne-artykuly-papiernicze","product_tag-bajki-na-dobranoc-do-czytania","product_tag-niech-zyja-wakacje-tekst","product_tag-okolice-wroclawia-atrakcje","product_tag-test-z-lektury-felix-net-i-nika-oraz-gang-niewidzialnych-ludzi","product_tag-trojmiasto-atrakcje-dla-dzieci"],"_links":{"self":[{"href":"http:\/\/klubmamgdynia.pl\/index.php\/wp-json\/wp\/v2\/product\/6972","targetHints":{"allow":["GET"]}}],"collection":[{"href":"http:\/\/klubmamgdynia.pl\/index.php\/wp-json\/wp\/v2\/product"}],"about":[{"href":"http:\/\/klubmamgdynia.pl\/index.php\/wp-json\/wp\/v2\/types\/product"}],"replies":[{"embeddable":true,"href":"http:\/\/klubmamgdynia.pl\/index.php\/wp-json\/wp\/v2\/comments?post=6972"}],"wp:featuredmedia":[{"embeddable":true,"href":"http:\/\/klubmamgdynia.pl\/index.php\/wp-json\/wp\/v2\/media\/6973"}],"wp:attachment":[{"href":"http:\/\/klubmamgdynia.pl\/index.php\/wp-json\/wp\/v2\/media?parent=6972"}],"wp:term":[{"taxonomy":"product_cat","embeddable":true,"href":"http:\/\/klubmamgdynia.pl\/index.php\/wp-json\/wp\/v2\/product_cat?post=6972"},{"taxonomy":"product_tag","embeddable":true,"href":"http:\/\/klubmamgdynia.pl\/index.php\/wp-json\/wp\/v2\/product_tag?post=6972"}],"curies":[{"name":"wp","href":"https:\/\/api.w.org\/{rel}","templated":true}]}}